{"id":1143,"date":"2022-07-20T14:49:17","date_gmt":"2022-07-20T17:49:17","guid":{"rendered":"https:\/\/www.motorfix.com.br\/?page_id=1143"},"modified":"2025-04-25T15:37:01","modified_gmt":"2025-04-25T18:37:01","slug":"power-shift-to-4-sae-30","status":"publish","type":"page","link":"https:\/\/www.motorfix.com.br\/?page_id=1143","title":{"rendered":"Power Shift TO-4 SAE 30"},"content":{"rendered":"\n<figure class=\"wp-block-image size-large\"><img loading=\"lazy\" decoding=\"async\" width=\"1024\" height=\"1024\" src=\"https:\/\/www.motorfix.com.br\/wp-content\/uploads\/2022\/07\/POWER-SHIFT-TO-4-SAE-30-20LT-1024x1024.png\" alt=\"\" class=\"wp-image-1144\" srcset=\"https:\/\/www.motorfix.com.br\/wp-content\/uploads\/2022\/07\/POWER-SHIFT-TO-4-SAE-30-20LT-1024x1024.png 1024w, https:\/\/www.motorfix.com.br\/wp-content\/uploads\/2022\/07\/POWER-SHIFT-TO-4-SAE-30-20LT-300x300.png 300w, https:\/\/www.motorfix.com.br\/wp-content\/uploads\/2022\/07\/POWER-SHIFT-TO-4-SAE-30-20LT-150x150.png 150w, https:\/\/www.motorfix.com.br\/wp-content\/uploads\/2022\/07\/POWER-SHIFT-TO-4-SAE-30-20LT-768x768.png 768w, https:\/\/www.motorfix.com.br\/wp-content\/uploads\/2022\/07\/POWER-SHIFT-TO-4-SAE-30-20LT.png 1080w, https:\/\/www.motorfix.com.br\/wp-content\/uploads\/2022\/07\/POWER-SHIFT-TO-4-SAE-30-20LT-125x125.png 125w\" sizes=\"(max-width: 1024px) 100vw, 1024px\" \/><\/figure>\n\n\n\n<p><strong>MOTORFIX POWER SHIFT TO-4 <\/strong>\u00e9 um \u00f3leo lubrificante mineral de alta performance para transmiss\u00e3o,<br>comando final, conversores de torque e sistemas hidr\u00e1ulicos. Sua formula\u00e7\u00e3o evita o desgaste e a<br>corros\u00e3o das pe\u00e7as lubrificadas e a forma\u00e7\u00e3o de espuma. \u00c9 compat\u00edvel com materiais elastom\u00e9ricos,<br>previne gera\u00e7\u00e3o de barulho e possui alta capacidade de prevenir a forma\u00e7\u00e3o de dep\u00f3sitos<br><\/p>\n\n\n\n<p><strong>MOTORFIX POWER SHIFT TO-4<\/strong> \u00e9 formulado com \u00f3leos b\u00e1sicos minerais de qualidade superior e<br>aditivos de alta tecnologia com caracter\u00edsticas antioxidantes, anticorrosivos, antiferrugem,<br>antiespumante, modificador de fric\u00e7\u00e3o e melhorador de fluidez.<br><\/p>\n\n\n\n<p><strong>MOTORFIX POWER SHIFT TO-4<\/strong> atende especifica\u00e7\u00f5es CATERPILLAR TO-4; ALLISON C-4; KOMATSU<br>KES 07.868.1; ZF TE-ML 03C; ZF TE-ML-07 &#8211; SAE 30<\/p>\n","protected":false},"excerpt":{"rendered":"<p>MOTORFIX POWER SHIFT TO-4 \u00e9 um \u00f3leo lubrificante mineral de alta performance para transmiss\u00e3o,comando final, conversores de torque e sistemas hidr\u00e1ulicos. Sua formula\u00e7\u00e3o evita o desgaste e acorros\u00e3o das pe\u00e7as lubrificadas e a forma\u00e7\u00e3o de espuma. \u00c9 compat\u00edvel com materiais elastom\u00e9ricos,previne gera\u00e7\u00e3o de barulho e possui alta capacidade de prevenir a forma\u00e7\u00e3o de dep\u00f3sitos MOTORFIX&#8230;<\/p>\n","protected":false},"author":1,"featured_media":1145,"parent":193,"menu_order":0,"comment_status":"closed","ping_status":"closed","template":"","meta":{"footnotes":""},"_links":{"self":[{"href":"https:\/\/www.motorfix.com.br\/index.php?rest_route=\/wp\/v2\/pages\/1143"}],"collection":[{"href":"https:\/\/www.motorfix.com.br\/index.php?rest_route=\/wp\/v2\/pages"}],"about":[{"href":"https:\/\/www.motorfix.com.br\/index.php?rest_route=\/wp\/v2\/types\/page"}],"author":[{"embeddable":true,"href":"https:\/\/www.motorfix.com.br\/index.php?rest_route=\/wp\/v2\/users\/1"}],"replies":[{"embeddable":true,"href":"https:\/\/www.motorfix.com.br\/index.php?rest_route=%2Fwp%2Fv2%2Fcomments&post=1143"}],"version-history":[{"count":4,"href":"https:\/\/www.motorfix.com.br\/index.php?rest_route=\/wp\/v2\/pages\/1143\/revisions"}],"predecessor-version":[{"id":4989,"href":"https:\/\/www.motorfix.com.br\/index.php?rest_route=\/wp\/v2\/pages\/1143\/revisions\/4989"}],"up":[{"embeddable":true,"href":"https:\/\/www.motorfix.com.br\/index.php?rest_route=\/wp\/v2\/pages\/193"}],"wp:featuredmedia":[{"embeddable":true,"href":"https:\/\/www.motorfix.com.br\/index.php?rest_route=\/wp\/v2\/media\/1145"}],"wp:attachment":[{"href":"https:\/\/www.motorfix.com.br\/index.php?rest_route=%2Fwp%2Fv2%2Fmedia&parent=1143"}],"curies":[{"name":"wp","href":"https:\/\/api.w.org\/{rel}","templated":true}]}}