{"id":1153,"date":"2022-07-20T14:55:08","date_gmt":"2022-07-20T17:55:08","guid":{"rendered":"https:\/\/www.motorfix.com.br\/?page_id=1153"},"modified":"2025-08-15T16:45:20","modified_gmt":"2025-08-15T19:45:20","slug":"atf-multi","status":"publish","type":"page","link":"https:\/\/www.motorfix.com.br\/?page_id=1153","title":{"rendered":"ATF MULTI"},"content":{"rendered":"\n<div class=\"wp-block-image\"><figure class=\"aligncenter size-large\"><img loading=\"lazy\" decoding=\"async\" width=\"1024\" height=\"1024\" src=\"https:\/\/www.motorfix.com.br\/wp-content\/uploads\/2022\/07\/atf-multi-1024x1024.png\" alt=\"\" class=\"wp-image-1154\" srcset=\"https:\/\/www.motorfix.com.br\/wp-content\/uploads\/2022\/07\/atf-multi-1024x1024.png 1024w, https:\/\/www.motorfix.com.br\/wp-content\/uploads\/2022\/07\/atf-multi-300x300.png 300w, https:\/\/www.motorfix.com.br\/wp-content\/uploads\/2022\/07\/atf-multi-150x150.png 150w, https:\/\/www.motorfix.com.br\/wp-content\/uploads\/2022\/07\/atf-multi-768x768.png 768w, https:\/\/www.motorfix.com.br\/wp-content\/uploads\/2022\/07\/atf-multi.png 1080w, https:\/\/www.motorfix.com.br\/wp-content\/uploads\/2022\/07\/atf-multi-125x125.png 125w\" sizes=\"(max-width: 1024px) 100vw, 1024px\" \/><\/figure><\/div>\n\n\n\n<p>\u00c9 um fluido de transmiss\u00e3o autom\u00e1tica de baixa viscosidade totalmente sint\u00e9tico projetado exclusivamente com avan\u00e7ada tecnologia multi-ve\u00edculos para atender a uma ampla gama de ve\u00edculos. \u00c9 formulado com \u00f3leos b\u00e1sicos sint\u00e9ticos e aditivos de tecnologia de \u00faltima gera\u00e7\u00e3o para fornecer potenciais benef\u00edcios de efici\u00eancia de combust\u00edvel e alto desempenho nos complexos requisitos de Transmiss\u00e3o Autom\u00e1tica\/ Fabricantes de Ve\u00edculos da Europa, Am\u00e9rica do Norte e \u00c1sia, incluindo o padr\u00e3o de desempenho JASO 1-A LV criado pelos Associa\u00e7\u00e3o dos Fabricantes de Autom\u00f3veis Japoneses.<\/p>\n\n\n\n<p>Atende especifica\u00e7\u00f5es: DEXRON VI, MERCON LV, JASO 1-A-LV; ATF DW-1; HYUNDAI SP-IV; MB<br>236.12\/14\/15\/16\/17; ATF J3; TOYOTA WS; JWS 3324; TL 052 162-X\/Y\/TL 052 540-B.<\/p>\n","protected":false},"excerpt":{"rendered":"<p>\u00c9 um fluido de transmiss\u00e3o autom\u00e1tica de baixa viscosidade totalmente sint\u00e9tico projetado exclusivamente com avan\u00e7ada tecnologia multi-ve\u00edculos para atender a uma ampla gama de ve\u00edculos. \u00c9 formulado com \u00f3leos b\u00e1sicos sint\u00e9ticos e aditivos de tecnologia de \u00faltima gera\u00e7\u00e3o para fornecer potenciais benef\u00edcios de efici\u00eancia de combust\u00edvel e alto desempenho nos complexos requisitos de Transmiss\u00e3o Autom\u00e1tica\/&#8230;<\/p>\n","protected":false},"author":1,"featured_media":1155,"parent":193,"menu_order":0,"comment_status":"closed","ping_status":"closed","template":"","meta":{"footnotes":""},"_links":{"self":[{"href":"https:\/\/www.motorfix.com.br\/index.php?rest_route=\/wp\/v2\/pages\/1153"}],"collection":[{"href":"https:\/\/www.motorfix.com.br\/index.php?rest_route=\/wp\/v2\/pages"}],"about":[{"href":"https:\/\/www.motorfix.com.br\/index.php?rest_route=\/wp\/v2\/types\/page"}],"author":[{"embeddable":true,"href":"https:\/\/www.motorfix.com.br\/index.php?rest_route=\/wp\/v2\/users\/1"}],"replies":[{"embeddable":true,"href":"https:\/\/www.motorfix.com.br\/index.php?rest_route=%2Fwp%2Fv2%2Fcomments&post=1153"}],"version-history":[{"count":6,"href":"https:\/\/www.motorfix.com.br\/index.php?rest_route=\/wp\/v2\/pages\/1153\/revisions"}],"predecessor-version":[{"id":5213,"href":"https:\/\/www.motorfix.com.br\/index.php?rest_route=\/wp\/v2\/pages\/1153\/revisions\/5213"}],"up":[{"embeddable":true,"href":"https:\/\/www.motorfix.com.br\/index.php?rest_route=\/wp\/v2\/pages\/193"}],"wp:featuredmedia":[{"embeddable":true,"href":"https:\/\/www.motorfix.com.br\/index.php?rest_route=\/wp\/v2\/media\/1155"}],"wp:attachment":[{"href":"https:\/\/www.motorfix.com.br\/index.php?rest_route=%2Fwp%2Fv2%2Fmedia&parent=1153"}],"curies":[{"name":"wp","href":"https:\/\/api.w.org\/{rel}","templated":true}]}}