{"id":1439,"date":"2022-09-28T15:46:18","date_gmt":"2022-09-28T18:46:18","guid":{"rendered":"https:\/\/www.motorfix.com.br\/?page_id=1439"},"modified":"2025-02-17T16:45:46","modified_gmt":"2025-02-17T19:45:46","slug":"le1822","status":"publish","type":"page","link":"https:\/\/www.motorfix.com.br\/?page_id=1439","title":{"rendered":"LE1822"},"content":{"rendered":"\n<figure class=\"wp-block-gallery has-nested-images columns-default is-cropped wp-block-gallery-1 is-layout-flex wp-block-gallery-is-layout-flex\">\n<figure class=\"wp-block-image size-large\"><img loading=\"lazy\" decoding=\"async\" width=\"1024\" height=\"1024\" data-id=\"1445\" src=\"https:\/\/www.motorfix.com.br\/wp-content\/uploads\/2022\/09\/LE1822-1024x1024.jpg\" alt=\"\" class=\"wp-image-1445\" srcset=\"https:\/\/www.motorfix.com.br\/wp-content\/uploads\/2022\/09\/LE1822-1024x1024.jpg 1024w, https:\/\/www.motorfix.com.br\/wp-content\/uploads\/2022\/09\/LE1822-300x300.jpg 300w, https:\/\/www.motorfix.com.br\/wp-content\/uploads\/2022\/09\/LE1822-150x150.jpg 150w, https:\/\/www.motorfix.com.br\/wp-content\/uploads\/2022\/09\/LE1822-768x768.jpg 768w, https:\/\/www.motorfix.com.br\/wp-content\/uploads\/2022\/09\/LE1822.jpg 1080w, https:\/\/www.motorfix.com.br\/wp-content\/uploads\/2022\/09\/LE1822-125x125.jpg 125w\" sizes=\"(max-width: 1024px) 100vw, 1024px\" \/><\/figure>\n\n\n\n<figure class=\"wp-block-image size-large\"><img loading=\"lazy\" decoding=\"async\" width=\"1024\" height=\"1024\" data-id=\"1446\" src=\"https:\/\/www.motorfix.com.br\/wp-content\/uploads\/2022\/09\/LE1822-2-1024x1024.jpg\" alt=\"\" class=\"wp-image-1446\" srcset=\"https:\/\/www.motorfix.com.br\/wp-content\/uploads\/2022\/09\/LE1822-2-1024x1024.jpg 1024w, https:\/\/www.motorfix.com.br\/wp-content\/uploads\/2022\/09\/LE1822-2-300x300.jpg 300w, https:\/\/www.motorfix.com.br\/wp-content\/uploads\/2022\/09\/LE1822-2-150x150.jpg 150w, https:\/\/www.motorfix.com.br\/wp-content\/uploads\/2022\/09\/LE1822-2-768x768.jpg 768w, https:\/\/www.motorfix.com.br\/wp-content\/uploads\/2022\/09\/LE1822-2.jpg 1080w, https:\/\/www.motorfix.com.br\/wp-content\/uploads\/2022\/09\/LE1822-2-125x125.jpg 125w\" sizes=\"(max-width: 1024px) 100vw, 1024px\" \/><\/figure>\n\n\n\n<figure class=\"wp-block-image size-large\"><img loading=\"lazy\" decoding=\"async\" width=\"1024\" height=\"1024\" data-id=\"1442\" src=\"https:\/\/www.motorfix.com.br\/wp-content\/uploads\/2022\/09\/LE1822-3-1024x1024.jpg\" alt=\"\" class=\"wp-image-1442\" srcset=\"https:\/\/www.motorfix.com.br\/wp-content\/uploads\/2022\/09\/LE1822-3-1024x1024.jpg 1024w, https:\/\/www.motorfix.com.br\/wp-content\/uploads\/2022\/09\/LE1822-3-300x300.jpg 300w, https:\/\/www.motorfix.com.br\/wp-content\/uploads\/2022\/09\/LE1822-3-150x150.jpg 150w, https:\/\/www.motorfix.com.br\/wp-content\/uploads\/2022\/09\/LE1822-3-768x768.jpg 768w, https:\/\/www.motorfix.com.br\/wp-content\/uploads\/2022\/09\/LE1822-3.jpg 1080w, https:\/\/www.motorfix.com.br\/wp-content\/uploads\/2022\/09\/LE1822-3-125x125.jpg 125w\" sizes=\"(max-width: 1024px) 100vw, 1024px\" \/><\/figure>\n\n\n\n<figure class=\"wp-block-image size-large\"><img loading=\"lazy\" decoding=\"async\" width=\"1024\" height=\"1024\" data-id=\"1443\" src=\"https:\/\/www.motorfix.com.br\/wp-content\/uploads\/2022\/09\/LE1822-4-1024x1024.jpg\" alt=\"\" class=\"wp-image-1443\" srcset=\"https:\/\/www.motorfix.com.br\/wp-content\/uploads\/2022\/09\/LE1822-4-1024x1024.jpg 1024w, https:\/\/www.motorfix.com.br\/wp-content\/uploads\/2022\/09\/LE1822-4-300x300.jpg 300w, https:\/\/www.motorfix.com.br\/wp-content\/uploads\/2022\/09\/LE1822-4-150x150.jpg 150w, https:\/\/www.motorfix.com.br\/wp-content\/uploads\/2022\/09\/LE1822-4-768x768.jpg 768w, https:\/\/www.motorfix.com.br\/wp-content\/uploads\/2022\/09\/LE1822-4.jpg 1080w, https:\/\/www.motorfix.com.br\/wp-content\/uploads\/2022\/09\/LE1822-4-125x125.jpg 125w\" sizes=\"(max-width: 1024px) 100vw, 1024px\" \/><\/figure>\n\n\n\n<figure class=\"wp-block-image size-large\"><img loading=\"lazy\" decoding=\"async\" width=\"1024\" height=\"1024\" data-id=\"1441\" src=\"https:\/\/www.motorfix.com.br\/wp-content\/uploads\/2022\/09\/LE1822-5-1024x1024.jpg\" alt=\"\" class=\"wp-image-1441\" srcset=\"https:\/\/www.motorfix.com.br\/wp-content\/uploads\/2022\/09\/LE1822-5-1024x1024.jpg 1024w, https:\/\/www.motorfix.com.br\/wp-content\/uploads\/2022\/09\/LE1822-5-300x300.jpg 300w, https:\/\/www.motorfix.com.br\/wp-content\/uploads\/2022\/09\/LE1822-5-150x150.jpg 150w, https:\/\/www.motorfix.com.br\/wp-content\/uploads\/2022\/09\/LE1822-5-768x768.jpg 768w, https:\/\/www.motorfix.com.br\/wp-content\/uploads\/2022\/09\/LE1822-5.jpg 1080w, https:\/\/www.motorfix.com.br\/wp-content\/uploads\/2022\/09\/LE1822-5-125x125.jpg 125w\" sizes=\"(max-width: 1024px) 100vw, 1024px\" \/><\/figure>\n\n\n\n<figure class=\"wp-block-image size-large\"><img loading=\"lazy\" decoding=\"async\" width=\"1024\" height=\"1024\" data-id=\"1444\" src=\"https:\/\/www.motorfix.com.br\/wp-content\/uploads\/2022\/09\/LE1822-6-1024x1024.jpg\" alt=\"\" class=\"wp-image-1444\" srcset=\"https:\/\/www.motorfix.com.br\/wp-content\/uploads\/2022\/09\/LE1822-6-1024x1024.jpg 1024w, https:\/\/www.motorfix.com.br\/wp-content\/uploads\/2022\/09\/LE1822-6-300x300.jpg 300w, https:\/\/www.motorfix.com.br\/wp-content\/uploads\/2022\/09\/LE1822-6-150x150.jpg 150w, https:\/\/www.motorfix.com.br\/wp-content\/uploads\/2022\/09\/LE1822-6-768x768.jpg 768w, https:\/\/www.motorfix.com.br\/wp-content\/uploads\/2022\/09\/LE1822-6.jpg 1080w, https:\/\/www.motorfix.com.br\/wp-content\/uploads\/2022\/09\/LE1822-6-125x125.jpg 125w\" sizes=\"(max-width: 1024px) 100vw, 1024px\" \/><\/figure>\n<\/figure>\n\n\n\n<p><strong>C\u00f3digo original:<\/strong>&nbsp;5801592262<\/p>\n\n\n\n<p><strong>C\u00f3digo similar:<\/strong>&nbsp;P954588, H311W<\/p>\n\n\n\n<p><strong>ALGUMAS APLICA\u00c7\u00d5ES:<\/strong><strong>IVECO:\u00a0<\/strong>380; 420; 450; 500; 560<strong><br>NEW HOLLAND:\u00a0<\/strong>CR9040; CR9050; CR9060; CR9080; CR9090<\/p>\n","protected":false},"excerpt":{"rendered":"<p>C\u00f3digo original:&nbsp;5801592262 C\u00f3digo similar:&nbsp;P954588, H311W ALGUMAS APLICA\u00c7\u00d5ES:IVECO:\u00a0380; 420; 450; 500; 560NEW HOLLAND:\u00a0CR9040; CR9050; CR9060; CR9080; CR9090<\/p>\n","protected":false},"author":1,"featured_media":1440,"parent":1365,"menu_order":0,"comment_status":"closed","ping_status":"closed","template":"","meta":{"footnotes":""},"_links":{"self":[{"href":"https:\/\/www.motorfix.com.br\/index.php?rest_route=\/wp\/v2\/pages\/1439"}],"collection":[{"href":"https:\/\/www.motorfix.com.br\/index.php?rest_route=\/wp\/v2\/pages"}],"about":[{"href":"https:\/\/www.motorfix.com.br\/index.php?rest_route=\/wp\/v2\/types\/page"}],"author":[{"embeddable":true,"href":"https:\/\/www.motorfix.com.br\/index.php?rest_route=\/wp\/v2\/users\/1"}],"replies":[{"embeddable":true,"href":"https:\/\/www.motorfix.com.br\/index.php?rest_route=%2Fwp%2Fv2%2Fcomments&post=1439"}],"version-history":[{"count":3,"href":"https:\/\/www.motorfix.com.br\/index.php?rest_route=\/wp\/v2\/pages\/1439\/revisions"}],"predecessor-version":[{"id":4802,"href":"https:\/\/www.motorfix.com.br\/index.php?rest_route=\/wp\/v2\/pages\/1439\/revisions\/4802"}],"up":[{"embeddable":true,"href":"https:\/\/www.motorfix.com.br\/index.php?rest_route=\/wp\/v2\/pages\/1365"}],"wp:featuredmedia":[{"embeddable":true,"href":"https:\/\/www.motorfix.com.br\/index.php?rest_route=\/wp\/v2\/media\/1440"}],"wp:attachment":[{"href":"https:\/\/www.motorfix.com.br\/index.php?rest_route=%2Fwp%2Fv2%2Fmedia&parent=1439"}],"curies":[{"name":"wp","href":"https:\/\/api.w.org\/{rel}","templated":true}]}}