{"id":1623,"date":"2022-11-04T09:18:39","date_gmt":"2022-11-04T12:18:39","guid":{"rendered":"https:\/\/www.motorfix.com.br\/?page_id=1623"},"modified":"2022-12-07T11:18:56","modified_gmt":"2022-12-07T14:18:56","slug":"cb7790","status":"publish","type":"page","link":"https:\/\/www.motorfix.com.br\/?page_id=1623","title":{"rendered":"CB7790"},"content":{"rendered":"\n<figure class=\"wp-block-gallery has-nested-images columns-default is-cropped wp-block-gallery-1 is-layout-flex wp-block-gallery-is-layout-flex\">\n<figure class=\"wp-block-image size-large\"><img loading=\"lazy\" decoding=\"async\" width=\"1024\" height=\"1024\" data-id=\"1625\" src=\"https:\/\/www.motorfix.com.br\/wp-content\/uploads\/2022\/11\/CB7790-1024x1024.jpg\" alt=\"\" class=\"wp-image-1625\" srcset=\"https:\/\/www.motorfix.com.br\/wp-content\/uploads\/2022\/11\/CB7790-1024x1024.jpg 1024w, https:\/\/www.motorfix.com.br\/wp-content\/uploads\/2022\/11\/CB7790-300x300.jpg 300w, https:\/\/www.motorfix.com.br\/wp-content\/uploads\/2022\/11\/CB7790-150x150.jpg 150w, https:\/\/www.motorfix.com.br\/wp-content\/uploads\/2022\/11\/CB7790-768x768.jpg 768w, https:\/\/www.motorfix.com.br\/wp-content\/uploads\/2022\/11\/CB7790.jpg 1080w, https:\/\/www.motorfix.com.br\/wp-content\/uploads\/2022\/11\/CB7790-125x125.jpg 125w\" sizes=\"(max-width: 1024px) 100vw, 1024px\" \/><\/figure>\n<\/figure>\n\n\n\n<p><strong>C\u00f3digo original:<\/strong>&nbsp;B76041105200P<\/p>\n\n\n\n<p><strong>C\u00f3digo similar:<\/strong>&nbsp;<\/p>\n\n\n\n<p><strong>ALGUMAS APLICA\u00c7\u00d5ES:<\/strong><strong>&nbsp;LIUGONG:&nbsp;<\/strong>ZL30E<\/p>\n","protected":false},"excerpt":{"rendered":"<p>C\u00f3digo original:&nbsp;B76041105200P C\u00f3digo similar:&nbsp; ALGUMAS APLICA\u00c7\u00d5ES:&nbsp;LIUGONG:&nbsp;ZL30E<\/p>\n","protected":false},"author":1,"featured_media":1624,"parent":1174,"menu_order":1,"comment_status":"closed","ping_status":"closed","template":"","meta":{"footnotes":""},"_links":{"self":[{"href":"https:\/\/www.motorfix.com.br\/index.php?rest_route=\/wp\/v2\/pages\/1623"}],"collection":[{"href":"https:\/\/www.motorfix.com.br\/index.php?rest_route=\/wp\/v2\/pages"}],"about":[{"href":"https:\/\/www.motorfix.com.br\/index.php?rest_route=\/wp\/v2\/types\/page"}],"author":[{"embeddable":true,"href":"https:\/\/www.motorfix.com.br\/index.php?rest_route=\/wp\/v2\/users\/1"}],"replies":[{"embeddable":true,"href":"https:\/\/www.motorfix.com.br\/index.php?rest_route=%2Fwp%2Fv2%2Fcomments&post=1623"}],"version-history":[{"count":1,"href":"https:\/\/www.motorfix.com.br\/index.php?rest_route=\/wp\/v2\/pages\/1623\/revisions"}],"predecessor-version":[{"id":1626,"href":"https:\/\/www.motorfix.com.br\/index.php?rest_route=\/wp\/v2\/pages\/1623\/revisions\/1626"}],"up":[{"embeddable":true,"href":"https:\/\/www.motorfix.com.br\/index.php?rest_route=\/wp\/v2\/pages\/1174"}],"wp:featuredmedia":[{"embeddable":true,"href":"https:\/\/www.motorfix.com.br\/index.php?rest_route=\/wp\/v2\/media\/1624"}],"wp:attachment":[{"href":"https:\/\/www.motorfix.com.br\/index.php?rest_route=%2Fwp%2Fv2%2Fmedia&parent=1623"}],"curies":[{"name":"wp","href":"https:\/\/api.w.org\/{rel}","templated":true}]}}