{"id":1727,"date":"2022-11-04T09:47:07","date_gmt":"2022-11-04T12:47:07","guid":{"rendered":"https:\/\/www.motorfix.com.br\/?page_id=1727"},"modified":"2022-12-07T11:13:04","modified_gmt":"2022-12-07T14:13:04","slug":"ce7302","status":"publish","type":"page","link":"https:\/\/www.motorfix.com.br\/?page_id=1727","title":{"rendered":"CE7302"},"content":{"rendered":"\n<figure class=\"wp-block-gallery has-nested-images columns-default is-cropped wp-block-gallery-1 is-layout-flex wp-block-gallery-is-layout-flex\">\n<figure class=\"wp-block-image size-large\"><img loading=\"lazy\" decoding=\"async\" width=\"1024\" height=\"1024\" data-id=\"1729\" src=\"https:\/\/www.motorfix.com.br\/wp-content\/uploads\/2022\/11\/CE7302-1024x1024.jpg\" alt=\"\" class=\"wp-image-1729\" srcset=\"https:\/\/www.motorfix.com.br\/wp-content\/uploads\/2022\/11\/CE7302-1024x1024.jpg 1024w, https:\/\/www.motorfix.com.br\/wp-content\/uploads\/2022\/11\/CE7302-300x300.jpg 300w, https:\/\/www.motorfix.com.br\/wp-content\/uploads\/2022\/11\/CE7302-150x150.jpg 150w, https:\/\/www.motorfix.com.br\/wp-content\/uploads\/2022\/11\/CE7302-768x768.jpg 768w, https:\/\/www.motorfix.com.br\/wp-content\/uploads\/2022\/11\/CE7302.jpg 1080w, https:\/\/www.motorfix.com.br\/wp-content\/uploads\/2022\/11\/CE7302-125x125.jpg 125w\" sizes=\"(max-width: 1024px) 100vw, 1024px\" \/><\/figure>\n\n\n\n<figure class=\"wp-block-image size-large\"><img loading=\"lazy\" decoding=\"async\" width=\"1024\" height=\"1024\" data-id=\"1730\" src=\"https:\/\/www.motorfix.com.br\/wp-content\/uploads\/2022\/11\/CE7302-2-1024x1024.jpg\" alt=\"\" class=\"wp-image-1730\" srcset=\"https:\/\/www.motorfix.com.br\/wp-content\/uploads\/2022\/11\/CE7302-2-1024x1024.jpg 1024w, https:\/\/www.motorfix.com.br\/wp-content\/uploads\/2022\/11\/CE7302-2-300x300.jpg 300w, https:\/\/www.motorfix.com.br\/wp-content\/uploads\/2022\/11\/CE7302-2-150x150.jpg 150w, https:\/\/www.motorfix.com.br\/wp-content\/uploads\/2022\/11\/CE7302-2-768x768.jpg 768w, https:\/\/www.motorfix.com.br\/wp-content\/uploads\/2022\/11\/CE7302-2.jpg 1080w, https:\/\/www.motorfix.com.br\/wp-content\/uploads\/2022\/11\/CE7302-2-125x125.jpg 125w\" sizes=\"(max-width: 1024px) 100vw, 1024px\" \/><\/figure>\n\n\n\n<figure class=\"wp-block-image size-large\"><img loading=\"lazy\" decoding=\"async\" width=\"1024\" height=\"1024\" data-id=\"1731\" src=\"https:\/\/www.motorfix.com.br\/wp-content\/uploads\/2022\/11\/CE7302-3-1024x1024.jpg\" alt=\"\" class=\"wp-image-1731\" srcset=\"https:\/\/www.motorfix.com.br\/wp-content\/uploads\/2022\/11\/CE7302-3-1024x1024.jpg 1024w, https:\/\/www.motorfix.com.br\/wp-content\/uploads\/2022\/11\/CE7302-3-300x300.jpg 300w, https:\/\/www.motorfix.com.br\/wp-content\/uploads\/2022\/11\/CE7302-3-150x150.jpg 150w, https:\/\/www.motorfix.com.br\/wp-content\/uploads\/2022\/11\/CE7302-3-768x768.jpg 768w, https:\/\/www.motorfix.com.br\/wp-content\/uploads\/2022\/11\/CE7302-3.jpg 1080w, https:\/\/www.motorfix.com.br\/wp-content\/uploads\/2022\/11\/CE7302-3-125x125.jpg 125w\" sizes=\"(max-width: 1024px) 100vw, 1024px\" \/><\/figure>\n<\/figure>\n\n\n\n<p><strong>C\u00f3digo original:<\/strong>&nbsp;KU2J9155AA<\/p>\n\n\n\n<p><strong>C\u00f3digo similar:<\/strong>&nbsp;FCD0808<\/p>\n\n\n\n<p><strong>ALGUMAS APLICA\u00c7\u00d5ES:<\/strong><strong>&nbsp;FORD:&nbsp;<\/strong>RANGER 2.2 16V e 3.2 20V 2019&gt;<\/p>\n","protected":false},"excerpt":{"rendered":"<p>C\u00f3digo original:&nbsp;KU2J9155AA C\u00f3digo similar:&nbsp;FCD0808 ALGUMAS APLICA\u00c7\u00d5ES:&nbsp;FORD:&nbsp;RANGER 2.2 16V e 3.2 20V 2019&gt;<\/p>\n","protected":false},"author":1,"featured_media":1728,"parent":1174,"menu_order":5,"comment_status":"closed","ping_status":"closed","template":"","meta":{"footnotes":""},"_links":{"self":[{"href":"https:\/\/www.motorfix.com.br\/index.php?rest_route=\/wp\/v2\/pages\/1727"}],"collection":[{"href":"https:\/\/www.motorfix.com.br\/index.php?rest_route=\/wp\/v2\/pages"}],"about":[{"href":"https:\/\/www.motorfix.com.br\/index.php?rest_route=\/wp\/v2\/types\/page"}],"author":[{"embeddable":true,"href":"https:\/\/www.motorfix.com.br\/index.php?rest_route=\/wp\/v2\/users\/1"}],"replies":[{"embeddable":true,"href":"https:\/\/www.motorfix.com.br\/index.php?rest_route=%2Fwp%2Fv2%2Fcomments&post=1727"}],"version-history":[{"count":1,"href":"https:\/\/www.motorfix.com.br\/index.php?rest_route=\/wp\/v2\/pages\/1727\/revisions"}],"predecessor-version":[{"id":1732,"href":"https:\/\/www.motorfix.com.br\/index.php?rest_route=\/wp\/v2\/pages\/1727\/revisions\/1732"}],"up":[{"embeddable":true,"href":"https:\/\/www.motorfix.com.br\/index.php?rest_route=\/wp\/v2\/pages\/1174"}],"wp:featuredmedia":[{"embeddable":true,"href":"https:\/\/www.motorfix.com.br\/index.php?rest_route=\/wp\/v2\/media\/1728"}],"wp:attachment":[{"href":"https:\/\/www.motorfix.com.br\/index.php?rest_route=%2Fwp%2Fv2%2Fmedia&parent=1727"}],"curies":[{"name":"wp","href":"https:\/\/api.w.org\/{rel}","templated":true}]}}