{"id":1745,"date":"2022-11-04T09:50:22","date_gmt":"2022-11-04T12:50:22","guid":{"rendered":"https:\/\/www.motorfix.com.br\/?page_id=1745"},"modified":"2024-06-07T17:18:24","modified_gmt":"2024-06-07T20:18:24","slug":"ce7441","status":"publish","type":"page","link":"https:\/\/www.motorfix.com.br\/?page_id=1745","title":{"rendered":"CE7441"},"content":{"rendered":"\n<figure class=\"wp-block-gallery has-nested-images columns-default is-cropped wp-block-gallery-1 is-layout-flex wp-block-gallery-is-layout-flex\">\n<figure class=\"wp-block-image size-large\"><img loading=\"lazy\" decoding=\"async\" width=\"1024\" height=\"1024\" data-id=\"1747\" src=\"https:\/\/www.motorfix.com.br\/wp-content\/uploads\/2022\/11\/CE7441-1024x1024.jpg\" alt=\"\" class=\"wp-image-1747\" srcset=\"https:\/\/www.motorfix.com.br\/wp-content\/uploads\/2022\/11\/CE7441-1024x1024.jpg 1024w, https:\/\/www.motorfix.com.br\/wp-content\/uploads\/2022\/11\/CE7441-300x300.jpg 300w, https:\/\/www.motorfix.com.br\/wp-content\/uploads\/2022\/11\/CE7441-150x150.jpg 150w, https:\/\/www.motorfix.com.br\/wp-content\/uploads\/2022\/11\/CE7441-768x768.jpg 768w, https:\/\/www.motorfix.com.br\/wp-content\/uploads\/2022\/11\/CE7441.jpg 1080w, https:\/\/www.motorfix.com.br\/wp-content\/uploads\/2022\/11\/CE7441-125x125.jpg 125w\" sizes=\"(max-width: 1024px) 100vw, 1024px\" \/><\/figure>\n\n\n\n<figure class=\"wp-block-image size-large\"><img loading=\"lazy\" decoding=\"async\" width=\"1024\" height=\"1024\" data-id=\"1749\" src=\"https:\/\/www.motorfix.com.br\/wp-content\/uploads\/2022\/11\/CE7441-2-1024x1024.jpg\" alt=\"\" class=\"wp-image-1749\" srcset=\"https:\/\/www.motorfix.com.br\/wp-content\/uploads\/2022\/11\/CE7441-2-1024x1024.jpg 1024w, https:\/\/www.motorfix.com.br\/wp-content\/uploads\/2022\/11\/CE7441-2-300x300.jpg 300w, https:\/\/www.motorfix.com.br\/wp-content\/uploads\/2022\/11\/CE7441-2-150x150.jpg 150w, https:\/\/www.motorfix.com.br\/wp-content\/uploads\/2022\/11\/CE7441-2-768x768.jpg 768w, https:\/\/www.motorfix.com.br\/wp-content\/uploads\/2022\/11\/CE7441-2.jpg 1080w, https:\/\/www.motorfix.com.br\/wp-content\/uploads\/2022\/11\/CE7441-2-125x125.jpg 125w\" sizes=\"(max-width: 1024px) 100vw, 1024px\" \/><\/figure>\n\n\n\n<figure class=\"wp-block-image size-large\"><img loading=\"lazy\" decoding=\"async\" width=\"1024\" height=\"1024\" data-id=\"1748\" src=\"https:\/\/www.motorfix.com.br\/wp-content\/uploads\/2022\/11\/CE7441-3-1024x1024.jpg\" alt=\"\" class=\"wp-image-1748\" srcset=\"https:\/\/www.motorfix.com.br\/wp-content\/uploads\/2022\/11\/CE7441-3-1024x1024.jpg 1024w, https:\/\/www.motorfix.com.br\/wp-content\/uploads\/2022\/11\/CE7441-3-300x300.jpg 300w, https:\/\/www.motorfix.com.br\/wp-content\/uploads\/2022\/11\/CE7441-3-150x150.jpg 150w, https:\/\/www.motorfix.com.br\/wp-content\/uploads\/2022\/11\/CE7441-3-768x768.jpg 768w, https:\/\/www.motorfix.com.br\/wp-content\/uploads\/2022\/11\/CE7441-3.jpg 1080w, https:\/\/www.motorfix.com.br\/wp-content\/uploads\/2022\/11\/CE7441-3-125x125.jpg 125w\" sizes=\"(max-width: 1024px) 100vw, 1024px\" \/><\/figure>\n<\/figure>\n\n\n\n<p><strong>C\u00f3digo original:<\/strong>\u00a0233900l050<\/p>\n\n\n\n<p><strong>C\u00f3digo similar:<\/strong>&nbsp;PC952, KX541D, JFC206, 233900L050, FCBR68S<\/p>\n\n\n\n<p><strong>ALGUMAS APLICA\u00c7\u00d5ES:<\/strong><strong>&nbsp;TOYOTA:&nbsp;<\/strong>HILUX 2.5 16V e 3.0 16V 2012-15<\/p>\n","protected":false},"excerpt":{"rendered":"<p>C\u00f3digo original:\u00a0233900l050 C\u00f3digo similar:&nbsp;PC952, KX541D, JFC206, 233900L050, FCBR68S ALGUMAS APLICA\u00c7\u00d5ES:&nbsp;TOYOTA:&nbsp;HILUX 2.5 16V e 3.0 16V 2012-15<\/p>\n","protected":false},"author":1,"featured_media":1746,"parent":1174,"menu_order":5,"comment_status":"closed","ping_status":"closed","template":"","meta":{"footnotes":""},"_links":{"self":[{"href":"https:\/\/www.motorfix.com.br\/index.php?rest_route=\/wp\/v2\/pages\/1745"}],"collection":[{"href":"https:\/\/www.motorfix.com.br\/index.php?rest_route=\/wp\/v2\/pages"}],"about":[{"href":"https:\/\/www.motorfix.com.br\/index.php?rest_route=\/wp\/v2\/types\/page"}],"author":[{"embeddable":true,"href":"https:\/\/www.motorfix.com.br\/index.php?rest_route=\/wp\/v2\/users\/1"}],"replies":[{"embeddable":true,"href":"https:\/\/www.motorfix.com.br\/index.php?rest_route=%2Fwp%2Fv2%2Fcomments&post=1745"}],"version-history":[{"count":5,"href":"https:\/\/www.motorfix.com.br\/index.php?rest_route=\/wp\/v2\/pages\/1745\/revisions"}],"predecessor-version":[{"id":4329,"href":"https:\/\/www.motorfix.com.br\/index.php?rest_route=\/wp\/v2\/pages\/1745\/revisions\/4329"}],"up":[{"embeddable":true,"href":"https:\/\/www.motorfix.com.br\/index.php?rest_route=\/wp\/v2\/pages\/1174"}],"wp:featuredmedia":[{"embeddable":true,"href":"https:\/\/www.motorfix.com.br\/index.php?rest_route=\/wp\/v2\/media\/1746"}],"wp:attachment":[{"href":"https:\/\/www.motorfix.com.br\/index.php?rest_route=%2Fwp%2Fv2%2Fmedia&parent=1745"}],"curies":[{"name":"wp","href":"https:\/\/api.w.org\/{rel}","templated":true}]}}