{"id":1809,"date":"2022-11-04T10:24:16","date_gmt":"2022-11-04T13:24:16","guid":{"rendered":"https:\/\/www.motorfix.com.br\/?page_id=1809"},"modified":"2023-10-26T08:47:22","modified_gmt":"2023-10-26T11:47:22","slug":"ce7880","status":"publish","type":"page","link":"https:\/\/www.motorfix.com.br\/?page_id=1809","title":{"rendered":"CE7880"},"content":{"rendered":"\n<figure class=\"wp-block-gallery has-nested-images columns-default is-cropped wp-block-gallery-1 is-layout-flex wp-block-gallery-is-layout-flex\">\n<figure class=\"wp-block-image size-large\"><img loading=\"lazy\" decoding=\"async\" width=\"1024\" height=\"1024\" data-id=\"1811\" src=\"https:\/\/www.motorfix.com.br\/wp-content\/uploads\/2022\/11\/CE7880-1024x1024.jpg\" alt=\"\" class=\"wp-image-1811\" srcset=\"https:\/\/www.motorfix.com.br\/wp-content\/uploads\/2022\/11\/CE7880-1024x1024.jpg 1024w, https:\/\/www.motorfix.com.br\/wp-content\/uploads\/2022\/11\/CE7880-300x300.jpg 300w, https:\/\/www.motorfix.com.br\/wp-content\/uploads\/2022\/11\/CE7880-150x150.jpg 150w, https:\/\/www.motorfix.com.br\/wp-content\/uploads\/2022\/11\/CE7880-768x768.jpg 768w, https:\/\/www.motorfix.com.br\/wp-content\/uploads\/2022\/11\/CE7880.jpg 1080w, https:\/\/www.motorfix.com.br\/wp-content\/uploads\/2022\/11\/CE7880-125x125.jpg 125w\" sizes=\"(max-width: 1024px) 100vw, 1024px\" \/><\/figure>\n\n\n\n<figure class=\"wp-block-image size-large\"><img loading=\"lazy\" decoding=\"async\" width=\"1024\" height=\"1024\" data-id=\"1812\" src=\"https:\/\/www.motorfix.com.br\/wp-content\/uploads\/2022\/11\/CE7880-2-1024x1024.jpg\" alt=\"\" class=\"wp-image-1812\" srcset=\"https:\/\/www.motorfix.com.br\/wp-content\/uploads\/2022\/11\/CE7880-2-1024x1024.jpg 1024w, https:\/\/www.motorfix.com.br\/wp-content\/uploads\/2022\/11\/CE7880-2-300x300.jpg 300w, https:\/\/www.motorfix.com.br\/wp-content\/uploads\/2022\/11\/CE7880-2-150x150.jpg 150w, https:\/\/www.motorfix.com.br\/wp-content\/uploads\/2022\/11\/CE7880-2-768x768.jpg 768w, https:\/\/www.motorfix.com.br\/wp-content\/uploads\/2022\/11\/CE7880-2.jpg 1080w, https:\/\/www.motorfix.com.br\/wp-content\/uploads\/2022\/11\/CE7880-2-125x125.jpg 125w\" sizes=\"(max-width: 1024px) 100vw, 1024px\" \/><\/figure>\n<\/figure>\n\n\n\n<p><strong>C\u00f3digo original:<\/strong>\u00a04225398M1<\/p>\n\n\n\n<p><strong>C\u00f3digo similar:<\/strong>&nbsp;FCD0950, REC817, 1RO793, 4225398M1, FCBR252S<\/p>\n\n\n\n<p><strong>ALGUMAS APLICA\u00c7\u00d5ES:&nbsp;<\/strong><strong>PERKINS:&nbsp;<\/strong>1103A, 1103C, 1103D<\/p>\n","protected":false},"excerpt":{"rendered":"<p>C\u00f3digo original:\u00a04225398M1 C\u00f3digo similar:&nbsp;FCD0950, REC817, 1RO793, 4225398M1, FCBR252S ALGUMAS APLICA\u00c7\u00d5ES:&nbsp;PERKINS:&nbsp;1103A, 1103C, 1103D<\/p>\n","protected":false},"author":1,"featured_media":1810,"parent":1174,"menu_order":5,"comment_status":"closed","ping_status":"closed","template":"","meta":{"footnotes":""},"_links":{"self":[{"href":"https:\/\/www.motorfix.com.br\/index.php?rest_route=\/wp\/v2\/pages\/1809"}],"collection":[{"href":"https:\/\/www.motorfix.com.br\/index.php?rest_route=\/wp\/v2\/pages"}],"about":[{"href":"https:\/\/www.motorfix.com.br\/index.php?rest_route=\/wp\/v2\/types\/page"}],"author":[{"embeddable":true,"href":"https:\/\/www.motorfix.com.br\/index.php?rest_route=\/wp\/v2\/users\/1"}],"replies":[{"embeddable":true,"href":"https:\/\/www.motorfix.com.br\/index.php?rest_route=%2Fwp%2Fv2%2Fcomments&post=1809"}],"version-history":[{"count":5,"href":"https:\/\/www.motorfix.com.br\/index.php?rest_route=\/wp\/v2\/pages\/1809\/revisions"}],"predecessor-version":[{"id":3426,"href":"https:\/\/www.motorfix.com.br\/index.php?rest_route=\/wp\/v2\/pages\/1809\/revisions\/3426"}],"up":[{"embeddable":true,"href":"https:\/\/www.motorfix.com.br\/index.php?rest_route=\/wp\/v2\/pages\/1174"}],"wp:featuredmedia":[{"embeddable":true,"href":"https:\/\/www.motorfix.com.br\/index.php?rest_route=\/wp\/v2\/media\/1810"}],"wp:attachment":[{"href":"https:\/\/www.motorfix.com.br\/index.php?rest_route=%2Fwp%2Fv2%2Fmedia&parent=1809"}],"curies":[{"name":"wp","href":"https:\/\/api.w.org\/{rel}","templated":true}]}}