{"id":1826,"date":"2022-11-04T10:26:38","date_gmt":"2022-11-04T13:26:38","guid":{"rendered":"https:\/\/www.motorfix.com.br\/?page_id=1826"},"modified":"2022-12-07T11:19:53","modified_gmt":"2022-12-07T14:19:53","slug":"ce7902","status":"publish","type":"page","link":"https:\/\/www.motorfix.com.br\/?page_id=1826","title":{"rendered":"CE7902"},"content":{"rendered":"\n<figure class=\"wp-block-gallery has-nested-images columns-default is-cropped wp-block-gallery-1 is-layout-flex wp-block-gallery-is-layout-flex\">\n<figure class=\"wp-block-image size-large\"><img loading=\"lazy\" decoding=\"async\" width=\"1024\" height=\"1024\" data-id=\"1830\" src=\"https:\/\/www.motorfix.com.br\/wp-content\/uploads\/2022\/11\/CE7902-1024x1024.jpg\" alt=\"\" class=\"wp-image-1830\" srcset=\"https:\/\/www.motorfix.com.br\/wp-content\/uploads\/2022\/11\/CE7902-1024x1024.jpg 1024w, https:\/\/www.motorfix.com.br\/wp-content\/uploads\/2022\/11\/CE7902-300x300.jpg 300w, https:\/\/www.motorfix.com.br\/wp-content\/uploads\/2022\/11\/CE7902-150x150.jpg 150w, https:\/\/www.motorfix.com.br\/wp-content\/uploads\/2022\/11\/CE7902-768x768.jpg 768w, https:\/\/www.motorfix.com.br\/wp-content\/uploads\/2022\/11\/CE7902.jpg 1080w, https:\/\/www.motorfix.com.br\/wp-content\/uploads\/2022\/11\/CE7902-125x125.jpg 125w\" sizes=\"(max-width: 1024px) 100vw, 1024px\" \/><\/figure>\n\n\n\n<figure class=\"wp-block-image size-large\"><img loading=\"lazy\" decoding=\"async\" width=\"1024\" height=\"1024\" data-id=\"1829\" src=\"https:\/\/www.motorfix.com.br\/wp-content\/uploads\/2022\/11\/CE7902-2-1024x1024.jpg\" alt=\"\" class=\"wp-image-1829\" srcset=\"https:\/\/www.motorfix.com.br\/wp-content\/uploads\/2022\/11\/CE7902-2-1024x1024.jpg 1024w, https:\/\/www.motorfix.com.br\/wp-content\/uploads\/2022\/11\/CE7902-2-300x300.jpg 300w, https:\/\/www.motorfix.com.br\/wp-content\/uploads\/2022\/11\/CE7902-2-150x150.jpg 150w, https:\/\/www.motorfix.com.br\/wp-content\/uploads\/2022\/11\/CE7902-2-768x768.jpg 768w, https:\/\/www.motorfix.com.br\/wp-content\/uploads\/2022\/11\/CE7902-2.jpg 1080w, https:\/\/www.motorfix.com.br\/wp-content\/uploads\/2022\/11\/CE7902-2-125x125.jpg 125w\" sizes=\"(max-width: 1024px) 100vw, 1024px\" \/><\/figure>\n\n\n\n<figure class=\"wp-block-image size-large\"><img loading=\"lazy\" decoding=\"async\" width=\"1024\" height=\"1024\" data-id=\"1828\" src=\"https:\/\/www.motorfix.com.br\/wp-content\/uploads\/2022\/11\/CE7902-3-1024x1024.jpg\" alt=\"\" class=\"wp-image-1828\" srcset=\"https:\/\/www.motorfix.com.br\/wp-content\/uploads\/2022\/11\/CE7902-3-1024x1024.jpg 1024w, https:\/\/www.motorfix.com.br\/wp-content\/uploads\/2022\/11\/CE7902-3-300x300.jpg 300w, https:\/\/www.motorfix.com.br\/wp-content\/uploads\/2022\/11\/CE7902-3-150x150.jpg 150w, https:\/\/www.motorfix.com.br\/wp-content\/uploads\/2022\/11\/CE7902-3-768x768.jpg 768w, https:\/\/www.motorfix.com.br\/wp-content\/uploads\/2022\/11\/CE7902-3.jpg 1080w, https:\/\/www.motorfix.com.br\/wp-content\/uploads\/2022\/11\/CE7902-3-125x125.jpg 125w\" sizes=\"(max-width: 1024px) 100vw, 1024px\" \/><\/figure>\n<\/figure>\n\n\n\n<p><strong>C\u00f3digo original:<\/strong>&nbsp;3608959<\/p>\n\n\n\n<p><strong>C\u00f3digo similar:<\/strong>&nbsp;<\/p>\n\n\n\n<p><strong>ALGUMAS APLICA\u00c7\u00d5ES:<\/strong><strong>&nbsp;CATERPILLAR:&nbsp;<\/strong>320E, 329E, 316E, 312E, 324E, MH3022, MH3024, 924K, 926M, 938K, 938M, 950K, 950M, 950MZ, 962K, 962M, 962MZ<\/p>\n","protected":false},"excerpt":{"rendered":"<p>C\u00f3digo original:&nbsp;3608959 C\u00f3digo similar:&nbsp; ALGUMAS APLICA\u00c7\u00d5ES:&nbsp;CATERPILLAR:&nbsp;320E, 329E, 316E, 312E, 324E, MH3022, MH3024, 924K, 926M, 938K, 938M, 950K, 950M, 950MZ, 962K, 962M, 962MZ<\/p>\n","protected":false},"author":1,"featured_media":1827,"parent":1174,"menu_order":5,"comment_status":"closed","ping_status":"closed","template":"","meta":{"footnotes":""},"_links":{"self":[{"href":"https:\/\/www.motorfix.com.br\/index.php?rest_route=\/wp\/v2\/pages\/1826"}],"collection":[{"href":"https:\/\/www.motorfix.com.br\/index.php?rest_route=\/wp\/v2\/pages"}],"about":[{"href":"https:\/\/www.motorfix.com.br\/index.php?rest_route=\/wp\/v2\/types\/page"}],"author":[{"embeddable":true,"href":"https:\/\/www.motorfix.com.br\/index.php?rest_route=\/wp\/v2\/users\/1"}],"replies":[{"embeddable":true,"href":"https:\/\/www.motorfix.com.br\/index.php?rest_route=%2Fwp%2Fv2%2Fcomments&post=1826"}],"version-history":[{"count":1,"href":"https:\/\/www.motorfix.com.br\/index.php?rest_route=\/wp\/v2\/pages\/1826\/revisions"}],"predecessor-version":[{"id":1831,"href":"https:\/\/www.motorfix.com.br\/index.php?rest_route=\/wp\/v2\/pages\/1826\/revisions\/1831"}],"up":[{"embeddable":true,"href":"https:\/\/www.motorfix.com.br\/index.php?rest_route=\/wp\/v2\/pages\/1174"}],"wp:featuredmedia":[{"embeddable":true,"href":"https:\/\/www.motorfix.com.br\/index.php?rest_route=\/wp\/v2\/media\/1827"}],"wp:attachment":[{"href":"https:\/\/www.motorfix.com.br\/index.php?rest_route=%2Fwp%2Fv2%2Fmedia&parent=1826"}],"curies":[{"name":"wp","href":"https:\/\/api.w.org\/{rel}","templated":true}]}}