{"id":1940,"date":"2022-11-04T10:57:26","date_gmt":"2022-11-04T13:57:26","guid":{"rendered":"https:\/\/www.motorfix.com.br\/?page_id=1940"},"modified":"2022-11-04T10:57:26","modified_gmt":"2022-11-04T13:57:26","slug":"le1640","status":"publish","type":"page","link":"https:\/\/www.motorfix.com.br\/?page_id=1940","title":{"rendered":"LE1640"},"content":{"rendered":"\n<figure class=\"wp-block-gallery has-nested-images columns-default is-cropped wp-block-gallery-1 is-layout-flex wp-block-gallery-is-layout-flex\">\n<figure class=\"wp-block-image size-large\"><img loading=\"lazy\" decoding=\"async\" width=\"1024\" height=\"1024\" data-id=\"1944\" src=\"https:\/\/www.motorfix.com.br\/wp-content\/uploads\/2022\/11\/LE1640-1024x1024.jpg\" alt=\"\" class=\"wp-image-1944\" srcset=\"https:\/\/www.motorfix.com.br\/wp-content\/uploads\/2022\/11\/LE1640-1024x1024.jpg 1024w, https:\/\/www.motorfix.com.br\/wp-content\/uploads\/2022\/11\/LE1640-300x300.jpg 300w, https:\/\/www.motorfix.com.br\/wp-content\/uploads\/2022\/11\/LE1640-150x150.jpg 150w, https:\/\/www.motorfix.com.br\/wp-content\/uploads\/2022\/11\/LE1640-768x768.jpg 768w, https:\/\/www.motorfix.com.br\/wp-content\/uploads\/2022\/11\/LE1640.jpg 1080w, https:\/\/www.motorfix.com.br\/wp-content\/uploads\/2022\/11\/LE1640-125x125.jpg 125w\" sizes=\"(max-width: 1024px) 100vw, 1024px\" \/><\/figure>\n\n\n\n<figure class=\"wp-block-image size-large\"><img loading=\"lazy\" decoding=\"async\" width=\"1024\" height=\"1024\" data-id=\"1943\" src=\"https:\/\/www.motorfix.com.br\/wp-content\/uploads\/2022\/11\/LE1640-2-1024x1024.jpg\" alt=\"\" class=\"wp-image-1943\" srcset=\"https:\/\/www.motorfix.com.br\/wp-content\/uploads\/2022\/11\/LE1640-2-1024x1024.jpg 1024w, https:\/\/www.motorfix.com.br\/wp-content\/uploads\/2022\/11\/LE1640-2-300x300.jpg 300w, https:\/\/www.motorfix.com.br\/wp-content\/uploads\/2022\/11\/LE1640-2-150x150.jpg 150w, https:\/\/www.motorfix.com.br\/wp-content\/uploads\/2022\/11\/LE1640-2-768x768.jpg 768w, https:\/\/www.motorfix.com.br\/wp-content\/uploads\/2022\/11\/LE1640-2.jpg 1080w, https:\/\/www.motorfix.com.br\/wp-content\/uploads\/2022\/11\/LE1640-2-125x125.jpg 125w\" sizes=\"(max-width: 1024px) 100vw, 1024px\" \/><\/figure>\n\n\n\n<figure class=\"wp-block-image size-large\"><img loading=\"lazy\" decoding=\"async\" width=\"1024\" height=\"1024\" data-id=\"1942\" src=\"https:\/\/www.motorfix.com.br\/wp-content\/uploads\/2022\/11\/LE1640-3-1024x1024.jpg\" alt=\"\" class=\"wp-image-1942\" srcset=\"https:\/\/www.motorfix.com.br\/wp-content\/uploads\/2022\/11\/LE1640-3-1024x1024.jpg 1024w, https:\/\/www.motorfix.com.br\/wp-content\/uploads\/2022\/11\/LE1640-3-300x300.jpg 300w, https:\/\/www.motorfix.com.br\/wp-content\/uploads\/2022\/11\/LE1640-3-150x150.jpg 150w, https:\/\/www.motorfix.com.br\/wp-content\/uploads\/2022\/11\/LE1640-3-768x768.jpg 768w, https:\/\/www.motorfix.com.br\/wp-content\/uploads\/2022\/11\/LE1640-3.jpg 1080w, https:\/\/www.motorfix.com.br\/wp-content\/uploads\/2022\/11\/LE1640-3-125x125.jpg 125w\" sizes=\"(max-width: 1024px) 100vw, 1024px\" \/><\/figure>\n<\/figure>\n\n\n\n<p><strong>C\u00f3digo original:<\/strong>&nbsp;F4J161012030<\/p>\n\n\n\n<p><strong>C\u00f3digo similar:<\/strong>&nbsp;WOE491<\/p>\n\n\n\n<p><strong>ALGUMAS APLICA\u00c7\u00d5ES:<\/strong><strong>&nbsp;CHERY:&nbsp;<\/strong>TIGGO 8 1.6 TGDI 16V 2020&gt;<\/p>\n","protected":false},"excerpt":{"rendered":"<p>C\u00f3digo original:&nbsp;F4J161012030 C\u00f3digo similar:&nbsp;WOE491 ALGUMAS APLICA\u00c7\u00d5ES:&nbsp;CHERY:&nbsp;TIGGO 8 1.6 TGDI 16V 2020&gt;<\/p>\n","protected":false},"author":1,"featured_media":1941,"parent":1365,"menu_order":0,"comment_status":"closed","ping_status":"closed","template":"","meta":{"footnotes":""},"_links":{"self":[{"href":"https:\/\/www.motorfix.com.br\/index.php?rest_route=\/wp\/v2\/pages\/1940"}],"collection":[{"href":"https:\/\/www.motorfix.com.br\/index.php?rest_route=\/wp\/v2\/pages"}],"about":[{"href":"https:\/\/www.motorfix.com.br\/index.php?rest_route=\/wp\/v2\/types\/page"}],"author":[{"embeddable":true,"href":"https:\/\/www.motorfix.com.br\/index.php?rest_route=\/wp\/v2\/users\/1"}],"replies":[{"embeddable":true,"href":"https:\/\/www.motorfix.com.br\/index.php?rest_route=%2Fwp%2Fv2%2Fcomments&post=1940"}],"version-history":[{"count":1,"href":"https:\/\/www.motorfix.com.br\/index.php?rest_route=\/wp\/v2\/pages\/1940\/revisions"}],"predecessor-version":[{"id":1945,"href":"https:\/\/www.motorfix.com.br\/index.php?rest_route=\/wp\/v2\/pages\/1940\/revisions\/1945"}],"up":[{"embeddable":true,"href":"https:\/\/www.motorfix.com.br\/index.php?rest_route=\/wp\/v2\/pages\/1365"}],"wp:featuredmedia":[{"embeddable":true,"href":"https:\/\/www.motorfix.com.br\/index.php?rest_route=\/wp\/v2\/media\/1941"}],"wp:attachment":[{"href":"https:\/\/www.motorfix.com.br\/index.php?rest_route=%2Fwp%2Fv2%2Fmedia&parent=1940"}],"curies":[{"name":"wp","href":"https:\/\/api.w.org\/{rel}","templated":true}]}}