{"id":2387,"date":"2023-03-27T15:47:16","date_gmt":"2023-03-27T18:47:16","guid":{"rendered":"https:\/\/www.motorfix.com.br\/?page_id=2387"},"modified":"2025-08-25T16:39:00","modified_gmt":"2025-08-25T19:39:00","slug":"mfc-125","status":"publish","type":"page","link":"https:\/\/www.motorfix.com.br\/?page_id=2387","title":{"rendered":"MFC-125 | MFC-155"},"content":{"rendered":"\n<figure class=\"wp-block-gallery has-nested-images columns-default is-cropped wp-block-gallery-1 is-layout-flex wp-block-gallery-is-layout-flex\">\n<figure class=\"wp-block-image size-large\"><img loading=\"lazy\" decoding=\"async\" width=\"1024\" height=\"1024\" data-id=\"2388\" src=\"https:\/\/www.motorfix.com.br\/wp-content\/uploads\/2023\/03\/MFC125-2-1024x1024.webp\" alt=\"\" class=\"wp-image-2388\" srcset=\"https:\/\/www.motorfix.com.br\/wp-content\/uploads\/2023\/03\/MFC125-2-1024x1024.webp 1024w, https:\/\/www.motorfix.com.br\/wp-content\/uploads\/2023\/03\/MFC125-2-300x300.webp 300w, https:\/\/www.motorfix.com.br\/wp-content\/uploads\/2023\/03\/MFC125-2-150x150.webp 150w, https:\/\/www.motorfix.com.br\/wp-content\/uploads\/2023\/03\/MFC125-2-768x768.webp 768w, https:\/\/www.motorfix.com.br\/wp-content\/uploads\/2023\/03\/MFC125-2.webp 1080w, https:\/\/www.motorfix.com.br\/wp-content\/uploads\/2023\/03\/MFC125-2-125x125.webp 125w\" sizes=\"(max-width: 1024px) 100vw, 1024px\" \/><\/figure>\n\n\n\n<figure class=\"wp-block-image size-large\"><img loading=\"lazy\" decoding=\"async\" width=\"1024\" height=\"1024\" data-id=\"2390\" src=\"https:\/\/www.motorfix.com.br\/wp-content\/uploads\/2023\/03\/MFC125-3-1024x1024.webp\" alt=\"\" class=\"wp-image-2390\" srcset=\"https:\/\/www.motorfix.com.br\/wp-content\/uploads\/2023\/03\/MFC125-3-1024x1024.webp 1024w, https:\/\/www.motorfix.com.br\/wp-content\/uploads\/2023\/03\/MFC125-3-300x300.webp 300w, https:\/\/www.motorfix.com.br\/wp-content\/uploads\/2023\/03\/MFC125-3-150x150.webp 150w, https:\/\/www.motorfix.com.br\/wp-content\/uploads\/2023\/03\/MFC125-3-768x768.webp 768w, https:\/\/www.motorfix.com.br\/wp-content\/uploads\/2023\/03\/MFC125-3.webp 1080w, https:\/\/www.motorfix.com.br\/wp-content\/uploads\/2023\/03\/MFC125-3-125x125.webp 125w\" sizes=\"(max-width: 1024px) 100vw, 1024px\" \/><\/figure>\n\n\n\n<figure class=\"wp-block-image size-large\"><img loading=\"lazy\" decoding=\"async\" width=\"1024\" height=\"1024\" data-id=\"2389\" src=\"https:\/\/www.motorfix.com.br\/wp-content\/uploads\/2023\/03\/MFC125-1024x1024.webp\" alt=\"\" class=\"wp-image-2389\" srcset=\"https:\/\/www.motorfix.com.br\/wp-content\/uploads\/2023\/03\/MFC125-1024x1024.webp 1024w, https:\/\/www.motorfix.com.br\/wp-content\/uploads\/2023\/03\/MFC125-300x300.webp 300w, https:\/\/www.motorfix.com.br\/wp-content\/uploads\/2023\/03\/MFC125-150x150.webp 150w, https:\/\/www.motorfix.com.br\/wp-content\/uploads\/2023\/03\/MFC125-768x768.webp 768w, https:\/\/www.motorfix.com.br\/wp-content\/uploads\/2023\/03\/MFC125.webp 1080w, https:\/\/www.motorfix.com.br\/wp-content\/uploads\/2023\/03\/MFC125-125x125.webp 125w\" sizes=\"(max-width: 1024px) 100vw, 1024px\" \/><\/figure>\n<\/figure>\n\n\n\n<p><strong>C\u00e2mbio:<\/strong> 7240, 7GDCT, 7GDCT10, K7A240, K7A350, K7X350, K7X400<br><strong>C\u00f3digo original: Mercedes Benz:<\/strong> 2463770395, 2463771400, 2463772400<br><strong>C\u00f3digo similar: Wega:<\/strong> WFC-558, WFC-958 | <strong>Hengst:<\/strong> EG934HD470 | <strong>Japanparts: <\/strong>FAT061<br><strong>Aplica\u00e7\u00f5es: Mercedes Benz:<\/strong> A200 \u2013 1.6 Turbo, A250 \u2013 2.0, B200 \u2013 1.6, CLA 250 \u2013 1.6, CLA 250 \u2013 2.0, CLA 45 \u2013 2.0, GLA 200 \u2013 1.6, GLA 250 \u2013 2.0, GLA 45 \u2013 2.0 Turbo<\/p>\n","protected":false},"excerpt":{"rendered":"<p>C\u00e2mbio: 7240, 7GDCT, 7GDCT10, K7A240, K7A350, K7X350, K7X400C\u00f3digo original: Mercedes Benz: 2463770395, 2463771400, 2463772400C\u00f3digo similar: Wega: WFC-558, WFC-958 | Hengst: EG934HD470 | Japanparts: FAT061Aplica\u00e7\u00f5es: Mercedes Benz: A200 \u2013 1.6 Turbo, A250 \u2013 2.0, B200 \u2013 1.6, CLA 250 \u2013 1.6, CLA 250 \u2013 2.0, CLA 45 \u2013 2.0, GLA 200 \u2013 1.6, GLA 250 \u2013&#8230;<\/p>\n","protected":false},"author":1,"featured_media":2391,"parent":2354,"menu_order":0,"comment_status":"closed","ping_status":"closed","template":"","meta":{"footnotes":""},"_links":{"self":[{"href":"https:\/\/www.motorfix.com.br\/index.php?rest_route=\/wp\/v2\/pages\/2387"}],"collection":[{"href":"https:\/\/www.motorfix.com.br\/index.php?rest_route=\/wp\/v2\/pages"}],"about":[{"href":"https:\/\/www.motorfix.com.br\/index.php?rest_route=\/wp\/v2\/types\/page"}],"author":[{"embeddable":true,"href":"https:\/\/www.motorfix.com.br\/index.php?rest_route=\/wp\/v2\/users\/1"}],"replies":[{"embeddable":true,"href":"https:\/\/www.motorfix.com.br\/index.php?rest_route=%2Fwp%2Fv2%2Fcomments&post=2387"}],"version-history":[{"count":4,"href":"https:\/\/www.motorfix.com.br\/index.php?rest_route=\/wp\/v2\/pages\/2387\/revisions"}],"predecessor-version":[{"id":5238,"href":"https:\/\/www.motorfix.com.br\/index.php?rest_route=\/wp\/v2\/pages\/2387\/revisions\/5238"}],"up":[{"embeddable":true,"href":"https:\/\/www.motorfix.com.br\/index.php?rest_route=\/wp\/v2\/pages\/2354"}],"wp:featuredmedia":[{"embeddable":true,"href":"https:\/\/www.motorfix.com.br\/index.php?rest_route=\/wp\/v2\/media\/2391"}],"wp:attachment":[{"href":"https:\/\/www.motorfix.com.br\/index.php?rest_route=%2Fwp%2Fv2%2Fmedia&parent=2387"}],"curies":[{"name":"wp","href":"https:\/\/api.w.org\/{rel}","templated":true}]}}