{"id":2412,"date":"2023-03-27T15:52:57","date_gmt":"2023-03-27T18:52:57","guid":{"rendered":"https:\/\/www.motorfix.com.br\/?page_id=2412"},"modified":"2023-03-27T15:52:57","modified_gmt":"2023-03-27T18:52:57","slug":"mfc-103","status":"publish","type":"page","link":"https:\/\/www.motorfix.com.br\/?page_id=2412","title":{"rendered":"MFC-103"},"content":{"rendered":"\n<figure class=\"wp-block-gallery has-nested-images columns-default is-cropped wp-block-gallery-1 is-layout-flex wp-block-gallery-is-layout-flex\">\n<figure class=\"wp-block-image size-large\"><img loading=\"lazy\" decoding=\"async\" width=\"1024\" height=\"1024\" data-id=\"2414\" src=\"https:\/\/www.motorfix.com.br\/wp-content\/uploads\/2023\/03\/MFC103-2-1024x1024.webp\" alt=\"\" class=\"wp-image-2414\" srcset=\"https:\/\/www.motorfix.com.br\/wp-content\/uploads\/2023\/03\/MFC103-2-1024x1024.webp 1024w, https:\/\/www.motorfix.com.br\/wp-content\/uploads\/2023\/03\/MFC103-2-300x300.webp 300w, https:\/\/www.motorfix.com.br\/wp-content\/uploads\/2023\/03\/MFC103-2-150x150.webp 150w, https:\/\/www.motorfix.com.br\/wp-content\/uploads\/2023\/03\/MFC103-2-768x768.webp 768w, https:\/\/www.motorfix.com.br\/wp-content\/uploads\/2023\/03\/MFC103-2.webp 1080w, https:\/\/www.motorfix.com.br\/wp-content\/uploads\/2023\/03\/MFC103-2-125x125.webp 125w\" sizes=\"(max-width: 1024px) 100vw, 1024px\" \/><\/figure>\n\n\n\n<figure class=\"wp-block-image size-large\"><img loading=\"lazy\" decoding=\"async\" width=\"1024\" height=\"1024\" data-id=\"2415\" src=\"https:\/\/www.motorfix.com.br\/wp-content\/uploads\/2023\/03\/MFC103-3-1024x1024.webp\" alt=\"\" class=\"wp-image-2415\" srcset=\"https:\/\/www.motorfix.com.br\/wp-content\/uploads\/2023\/03\/MFC103-3-1024x1024.webp 1024w, https:\/\/www.motorfix.com.br\/wp-content\/uploads\/2023\/03\/MFC103-3-300x300.webp 300w, https:\/\/www.motorfix.com.br\/wp-content\/uploads\/2023\/03\/MFC103-3-150x150.webp 150w, https:\/\/www.motorfix.com.br\/wp-content\/uploads\/2023\/03\/MFC103-3-768x768.webp 768w, https:\/\/www.motorfix.com.br\/wp-content\/uploads\/2023\/03\/MFC103-3.webp 1080w, https:\/\/www.motorfix.com.br\/wp-content\/uploads\/2023\/03\/MFC103-3-125x125.webp 125w\" sizes=\"(max-width: 1024px) 100vw, 1024px\" \/><\/figure>\n\n\n\n<figure class=\"wp-block-image size-large\"><img loading=\"lazy\" decoding=\"async\" width=\"1024\" height=\"1024\" data-id=\"2416\" src=\"https:\/\/www.motorfix.com.br\/wp-content\/uploads\/2023\/03\/MFC103-1024x1024.webp\" alt=\"\" class=\"wp-image-2416\" srcset=\"https:\/\/www.motorfix.com.br\/wp-content\/uploads\/2023\/03\/MFC103-1024x1024.webp 1024w, https:\/\/www.motorfix.com.br\/wp-content\/uploads\/2023\/03\/MFC103-300x300.webp 300w, https:\/\/www.motorfix.com.br\/wp-content\/uploads\/2023\/03\/MFC103-150x150.webp 150w, https:\/\/www.motorfix.com.br\/wp-content\/uploads\/2023\/03\/MFC103-768x768.webp 768w, https:\/\/www.motorfix.com.br\/wp-content\/uploads\/2023\/03\/MFC103.webp 1080w, https:\/\/www.motorfix.com.br\/wp-content\/uploads\/2023\/03\/MFC103-125x125.webp 125w\" sizes=\"(max-width: 1024px) 100vw, 1024px\" \/><\/figure>\n<\/figure>\n\n\n\n<p><strong>C\u00e2mbio: <\/strong>0AW, VL380, VL381<br><strong>C\u00f3digo original: Audi: <\/strong>0AW301516C, 0AW301516D, 0AW301516E, 0AW301516H<br><strong>C\u00f3digo similar: Wega: <\/strong>WFC-210 |<strong> Japanparts:<\/strong> FAT046<br><strong>Aplica\u00e7\u00f5es: Audi:<\/strong> A4 \u2013 1.8 TFSI \/\/ 07 \u2014 15, A4 \u2013 2.0 TFSI \/\/ 08 \u2014 15, A4 \u2013 3.2 FSI \/\/ 07 \u2014 12, A5 \u2013 1.8 TFSI \/\/ 14 \u2014 17, A5 \u2013 2.0 TFSI \/\/ 08 \u2014 13, A5 \u2013 2.0 TFSI \/\/ 2013 \u2013>, A5 \u2013 3.2 FSI \/\/ 07 \u2014 12<\/p>\n","protected":false},"excerpt":{"rendered":"<p>C\u00e2mbio: 0AW, VL380, VL381C\u00f3digo original: Audi: 0AW301516C, 0AW301516D, 0AW301516E, 0AW301516HC\u00f3digo similar: Wega: WFC-210 | Japanparts: FAT046Aplica\u00e7\u00f5es: Audi: A4 \u2013 1.8 TFSI \/\/ 07 \u2014 15, A4 \u2013 2.0 TFSI \/\/ 08 \u2014 15, A4 \u2013 3.2 FSI \/\/ 07 \u2014 12, A5 \u2013 1.8 TFSI \/\/ 14 \u2014 17, A5 \u2013 2.0 TFSI \/\/ 08&#8230;<\/p>\n","protected":false},"author":1,"featured_media":2413,"parent":2354,"menu_order":0,"comment_status":"closed","ping_status":"closed","template":"","meta":{"footnotes":""},"_links":{"self":[{"href":"https:\/\/www.motorfix.com.br\/index.php?rest_route=\/wp\/v2\/pages\/2412"}],"collection":[{"href":"https:\/\/www.motorfix.com.br\/index.php?rest_route=\/wp\/v2\/pages"}],"about":[{"href":"https:\/\/www.motorfix.com.br\/index.php?rest_route=\/wp\/v2\/types\/page"}],"author":[{"embeddable":true,"href":"https:\/\/www.motorfix.com.br\/index.php?rest_route=\/wp\/v2\/users\/1"}],"replies":[{"embeddable":true,"href":"https:\/\/www.motorfix.com.br\/index.php?rest_route=%2Fwp%2Fv2%2Fcomments&post=2412"}],"version-history":[{"count":1,"href":"https:\/\/www.motorfix.com.br\/index.php?rest_route=\/wp\/v2\/pages\/2412\/revisions"}],"predecessor-version":[{"id":2417,"href":"https:\/\/www.motorfix.com.br\/index.php?rest_route=\/wp\/v2\/pages\/2412\/revisions\/2417"}],"up":[{"embeddable":true,"href":"https:\/\/www.motorfix.com.br\/index.php?rest_route=\/wp\/v2\/pages\/2354"}],"wp:featuredmedia":[{"embeddable":true,"href":"https:\/\/www.motorfix.com.br\/index.php?rest_route=\/wp\/v2\/media\/2413"}],"wp:attachment":[{"href":"https:\/\/www.motorfix.com.br\/index.php?rest_route=%2Fwp%2Fv2%2Fmedia&parent=2412"}],"curies":[{"name":"wp","href":"https:\/\/api.w.org\/{rel}","templated":true}]}}