{"id":2418,"date":"2023-03-27T15:56:11","date_gmt":"2023-03-27T18:56:11","guid":{"rendered":"https:\/\/www.motorfix.com.br\/?page_id=2418"},"modified":"2023-03-27T15:56:11","modified_gmt":"2023-03-27T18:56:11","slug":"mfc-102","status":"publish","type":"page","link":"https:\/\/www.motorfix.com.br\/?page_id=2418","title":{"rendered":"MFC-102"},"content":{"rendered":"\n<figure class=\"wp-block-gallery has-nested-images columns-default is-cropped wp-block-gallery-1 is-layout-flex wp-block-gallery-is-layout-flex\">\n<figure class=\"wp-block-image size-large\"><img loading=\"lazy\" decoding=\"async\" width=\"1024\" height=\"1024\" data-id=\"2421\" src=\"https:\/\/www.motorfix.com.br\/wp-content\/uploads\/2023\/03\/MFC102-1024x1024.webp\" alt=\"\" class=\"wp-image-2421\" srcset=\"https:\/\/www.motorfix.com.br\/wp-content\/uploads\/2023\/03\/MFC102-1024x1024.webp 1024w, https:\/\/www.motorfix.com.br\/wp-content\/uploads\/2023\/03\/MFC102-300x300.webp 300w, https:\/\/www.motorfix.com.br\/wp-content\/uploads\/2023\/03\/MFC102-150x150.webp 150w, https:\/\/www.motorfix.com.br\/wp-content\/uploads\/2023\/03\/MFC102-768x768.webp 768w, https:\/\/www.motorfix.com.br\/wp-content\/uploads\/2023\/03\/MFC102.webp 1080w, https:\/\/www.motorfix.com.br\/wp-content\/uploads\/2023\/03\/MFC102-125x125.webp 125w\" sizes=\"(max-width: 1024px) 100vw, 1024px\" \/><\/figure>\n\n\n\n<figure class=\"wp-block-image size-large\"><img loading=\"lazy\" decoding=\"async\" width=\"1024\" height=\"1024\" data-id=\"2420\" src=\"https:\/\/www.motorfix.com.br\/wp-content\/uploads\/2023\/03\/MFC102-2-1024x1024.webp\" alt=\"\" class=\"wp-image-2420\" srcset=\"https:\/\/www.motorfix.com.br\/wp-content\/uploads\/2023\/03\/MFC102-2-1024x1024.webp 1024w, https:\/\/www.motorfix.com.br\/wp-content\/uploads\/2023\/03\/MFC102-2-300x300.webp 300w, https:\/\/www.motorfix.com.br\/wp-content\/uploads\/2023\/03\/MFC102-2-150x150.webp 150w, https:\/\/www.motorfix.com.br\/wp-content\/uploads\/2023\/03\/MFC102-2-768x768.webp 768w, https:\/\/www.motorfix.com.br\/wp-content\/uploads\/2023\/03\/MFC102-2.webp 1080w, https:\/\/www.motorfix.com.br\/wp-content\/uploads\/2023\/03\/MFC102-2-125x125.webp 125w\" sizes=\"(max-width: 1024px) 100vw, 1024px\" \/><\/figure>\n<\/figure>\n\n\n\n<p><strong>C\u00e2mbio: <\/strong>6T31, 6T35<br><strong>C\u00f3digo original: GM:<\/strong> 24263302, 24268086, 24273984<br><strong>C\u00f3digo similar: Wega: <\/strong>WFC-208 | <strong>Japanparts:<\/strong> FAT164<br><strong>Aplica\u00e7\u00f5es: GM:<\/strong> Cobalt \u2013 1.8 \/\/ 2017 \u2013>, Cruze \u2013 1.4 \/\/ 2016 \u2013>, Onix \u2013 1.4 \/\/ 2016 \u2013>, Onix Plus \u2013 1.0 12V, Prisma \u2013 1.4 \/\/ 17 \u201319, Spin \u2013 1.8 \/\/ 2017 \u2013>, Tracker \u2013 1.2 12V, Tracker \u2013 1.4 T \/\/ 16 \u2014 19, Tracker \u2013 1.8 \/\/ 13 \u2014 16<\/p>\n","protected":false},"excerpt":{"rendered":"<p>C\u00e2mbio: 6T31, 6T35C\u00f3digo original: GM: 24263302, 24268086, 24273984C\u00f3digo similar: Wega: WFC-208 | Japanparts: FAT164Aplica\u00e7\u00f5es: GM: Cobalt \u2013 1.8 \/\/ 2017 \u2013>, Cruze \u2013 1.4 \/\/ 2016 \u2013>, Onix \u2013 1.4 \/\/ 2016 \u2013>, Onix Plus \u2013 1.0 12V, Prisma \u2013 1.4 \/\/ 17 \u201319, Spin \u2013 1.8 \/\/ 2017 \u2013>, Tracker \u2013 1.2 12V, Tracker&#8230;<\/p>\n","protected":false},"author":1,"featured_media":2419,"parent":2354,"menu_order":0,"comment_status":"closed","ping_status":"closed","template":"","meta":{"footnotes":""},"_links":{"self":[{"href":"https:\/\/www.motorfix.com.br\/index.php?rest_route=\/wp\/v2\/pages\/2418"}],"collection":[{"href":"https:\/\/www.motorfix.com.br\/index.php?rest_route=\/wp\/v2\/pages"}],"about":[{"href":"https:\/\/www.motorfix.com.br\/index.php?rest_route=\/wp\/v2\/types\/page"}],"author":[{"embeddable":true,"href":"https:\/\/www.motorfix.com.br\/index.php?rest_route=\/wp\/v2\/users\/1"}],"replies":[{"embeddable":true,"href":"https:\/\/www.motorfix.com.br\/index.php?rest_route=%2Fwp%2Fv2%2Fcomments&post=2418"}],"version-history":[{"count":1,"href":"https:\/\/www.motorfix.com.br\/index.php?rest_route=\/wp\/v2\/pages\/2418\/revisions"}],"predecessor-version":[{"id":2422,"href":"https:\/\/www.motorfix.com.br\/index.php?rest_route=\/wp\/v2\/pages\/2418\/revisions\/2422"}],"up":[{"embeddable":true,"href":"https:\/\/www.motorfix.com.br\/index.php?rest_route=\/wp\/v2\/pages\/2354"}],"wp:featuredmedia":[{"embeddable":true,"href":"https:\/\/www.motorfix.com.br\/index.php?rest_route=\/wp\/v2\/media\/2419"}],"wp:attachment":[{"href":"https:\/\/www.motorfix.com.br\/index.php?rest_route=%2Fwp%2Fv2%2Fmedia&parent=2418"}],"curies":[{"name":"wp","href":"https:\/\/api.w.org\/{rel}","templated":true}]}}