{"id":2514,"date":"2023-03-27T16:37:29","date_gmt":"2023-03-27T19:37:29","guid":{"rendered":"https:\/\/www.motorfix.com.br\/?page_id=2514"},"modified":"2023-03-27T16:37:29","modified_gmt":"2023-03-27T19:37:29","slug":"mfc-158","status":"publish","type":"page","link":"https:\/\/www.motorfix.com.br\/?page_id=2514","title":{"rendered":"MFC-158"},"content":{"rendered":"\n<figure class=\"wp-block-gallery has-nested-images columns-default is-cropped wp-block-gallery-1 is-layout-flex wp-block-gallery-is-layout-flex\">\n<figure class=\"wp-block-image size-large\"><img loading=\"lazy\" decoding=\"async\" width=\"1024\" height=\"1024\" data-id=\"2516\" src=\"https:\/\/www.motorfix.com.br\/wp-content\/uploads\/2023\/03\/MFC158-1024x1024.webp\" alt=\"\" class=\"wp-image-2516\" srcset=\"https:\/\/www.motorfix.com.br\/wp-content\/uploads\/2023\/03\/MFC158-1024x1024.webp 1024w, https:\/\/www.motorfix.com.br\/wp-content\/uploads\/2023\/03\/MFC158-300x300.webp 300w, https:\/\/www.motorfix.com.br\/wp-content\/uploads\/2023\/03\/MFC158-150x150.webp 150w, https:\/\/www.motorfix.com.br\/wp-content\/uploads\/2023\/03\/MFC158-768x768.webp 768w, https:\/\/www.motorfix.com.br\/wp-content\/uploads\/2023\/03\/MFC158.webp 1080w, https:\/\/www.motorfix.com.br\/wp-content\/uploads\/2023\/03\/MFC158-125x125.webp 125w\" sizes=\"(max-width: 1024px) 100vw, 1024px\" \/><\/figure>\n\n\n\n<figure class=\"wp-block-image size-large\"><img loading=\"lazy\" decoding=\"async\" width=\"1024\" height=\"1024\" data-id=\"2517\" src=\"https:\/\/www.motorfix.com.br\/wp-content\/uploads\/2023\/03\/MFC158-2-1024x1024.webp\" alt=\"\" class=\"wp-image-2517\" srcset=\"https:\/\/www.motorfix.com.br\/wp-content\/uploads\/2023\/03\/MFC158-2-1024x1024.webp 1024w, https:\/\/www.motorfix.com.br\/wp-content\/uploads\/2023\/03\/MFC158-2-300x300.webp 300w, https:\/\/www.motorfix.com.br\/wp-content\/uploads\/2023\/03\/MFC158-2-150x150.webp 150w, https:\/\/www.motorfix.com.br\/wp-content\/uploads\/2023\/03\/MFC158-2-768x768.webp 768w, https:\/\/www.motorfix.com.br\/wp-content\/uploads\/2023\/03\/MFC158-2.webp 1080w, https:\/\/www.motorfix.com.br\/wp-content\/uploads\/2023\/03\/MFC158-2-125x125.webp 125w\" sizes=\"(max-width: 1024px) 100vw, 1024px\" \/><\/figure>\n<\/figure>\n\n\n\n<p><strong>C\u00e2mbio: <\/strong>09G, AQ160, AQ250<br><strong>C\u00f3digo original: Volkswagen: <\/strong>09G325429D<br><strong>C\u00f3digo similar: Wega:<\/strong> WFC-962 | <strong>Hengst:<\/strong> EG939HD475 | <strong>Japanparts:<\/strong> FAT051<br><strong>Aplica\u00e7\u00f5es: Volkswagen:<\/strong> Fusca Novo \u2013 2.0 TSI, Gol \u2013 1.6 16v MSI, Golf \u2013 1.4 TSI, Golf \u2013 2.0 TSI, Golf Variant \u2013 1.4 TSI, Jetta \u2013 1.4 TSI, Jetta \u2013 2.0, Jetta \u2013 2.5, Polo \u2013 1.0 TSI, Polo \u2013 1.6 16v MSI, T-Cross \u2013 1.4, Virtus \u2013 1.0 TSI, Virtus \u2013 1.6 16v MSI, Voyage \u2013 1.6 16v MSI<\/p>\n","protected":false},"excerpt":{"rendered":"<p>C\u00e2mbio: 09G, AQ160, AQ250C\u00f3digo original: Volkswagen: 09G325429DC\u00f3digo similar: Wega: WFC-962 | Hengst: EG939HD475 | Japanparts: FAT051Aplica\u00e7\u00f5es: Volkswagen: Fusca Novo \u2013 2.0 TSI, Gol \u2013 1.6 16v MSI, Golf \u2013 1.4 TSI, Golf \u2013 2.0 TSI, Golf Variant \u2013 1.4 TSI, Jetta \u2013 1.4 TSI, Jetta \u2013 2.0, Jetta \u2013 2.5, Polo \u2013 1.0 TSI, Polo&#8230;<\/p>\n","protected":false},"author":1,"featured_media":2515,"parent":2354,"menu_order":0,"comment_status":"closed","ping_status":"closed","template":"","meta":{"footnotes":""},"_links":{"self":[{"href":"https:\/\/www.motorfix.com.br\/index.php?rest_route=\/wp\/v2\/pages\/2514"}],"collection":[{"href":"https:\/\/www.motorfix.com.br\/index.php?rest_route=\/wp\/v2\/pages"}],"about":[{"href":"https:\/\/www.motorfix.com.br\/index.php?rest_route=\/wp\/v2\/types\/page"}],"author":[{"embeddable":true,"href":"https:\/\/www.motorfix.com.br\/index.php?rest_route=\/wp\/v2\/users\/1"}],"replies":[{"embeddable":true,"href":"https:\/\/www.motorfix.com.br\/index.php?rest_route=%2Fwp%2Fv2%2Fcomments&post=2514"}],"version-history":[{"count":1,"href":"https:\/\/www.motorfix.com.br\/index.php?rest_route=\/wp\/v2\/pages\/2514\/revisions"}],"predecessor-version":[{"id":2518,"href":"https:\/\/www.motorfix.com.br\/index.php?rest_route=\/wp\/v2\/pages\/2514\/revisions\/2518"}],"up":[{"embeddable":true,"href":"https:\/\/www.motorfix.com.br\/index.php?rest_route=\/wp\/v2\/pages\/2354"}],"wp:featuredmedia":[{"embeddable":true,"href":"https:\/\/www.motorfix.com.br\/index.php?rest_route=\/wp\/v2\/media\/2515"}],"wp:attachment":[{"href":"https:\/\/www.motorfix.com.br\/index.php?rest_route=%2Fwp%2Fv2%2Fmedia&parent=2514"}],"curies":[{"name":"wp","href":"https:\/\/api.w.org\/{rel}","templated":true}]}}