{"id":2561,"date":"2023-03-27T16:48:16","date_gmt":"2023-03-27T19:48:16","guid":{"rendered":"https:\/\/www.motorfix.com.br\/?page_id=2561"},"modified":"2023-03-27T16:48:16","modified_gmt":"2023-03-27T19:48:16","slug":"mfc-112","status":"publish","type":"page","link":"https:\/\/www.motorfix.com.br\/?page_id=2561","title":{"rendered":"MFC-112"},"content":{"rendered":"\n<figure class=\"wp-block-gallery has-nested-images columns-default is-cropped wp-block-gallery-1 is-layout-flex wp-block-gallery-is-layout-flex\">\n<figure class=\"wp-block-image size-large\"><img loading=\"lazy\" decoding=\"async\" width=\"1024\" height=\"1024\" data-id=\"2565\" src=\"https:\/\/www.motorfix.com.br\/wp-content\/uploads\/2023\/03\/MFC112-1024x1024.webp\" alt=\"\" class=\"wp-image-2565\" srcset=\"https:\/\/www.motorfix.com.br\/wp-content\/uploads\/2023\/03\/MFC112-1024x1024.webp 1024w, https:\/\/www.motorfix.com.br\/wp-content\/uploads\/2023\/03\/MFC112-300x300.webp 300w, https:\/\/www.motorfix.com.br\/wp-content\/uploads\/2023\/03\/MFC112-150x150.webp 150w, https:\/\/www.motorfix.com.br\/wp-content\/uploads\/2023\/03\/MFC112-768x768.webp 768w, https:\/\/www.motorfix.com.br\/wp-content\/uploads\/2023\/03\/MFC112.webp 1080w, https:\/\/www.motorfix.com.br\/wp-content\/uploads\/2023\/03\/MFC112-125x125.webp 125w\" sizes=\"(max-width: 1024px) 100vw, 1024px\" \/><\/figure>\n\n\n\n<figure class=\"wp-block-image size-large\"><img loading=\"lazy\" decoding=\"async\" width=\"1024\" height=\"1024\" data-id=\"2563\" src=\"https:\/\/www.motorfix.com.br\/wp-content\/uploads\/2023\/03\/MFC112-2-1024x1024.webp\" alt=\"\" class=\"wp-image-2563\" srcset=\"https:\/\/www.motorfix.com.br\/wp-content\/uploads\/2023\/03\/MFC112-2-1024x1024.webp 1024w, https:\/\/www.motorfix.com.br\/wp-content\/uploads\/2023\/03\/MFC112-2-300x300.webp 300w, https:\/\/www.motorfix.com.br\/wp-content\/uploads\/2023\/03\/MFC112-2-150x150.webp 150w, https:\/\/www.motorfix.com.br\/wp-content\/uploads\/2023\/03\/MFC112-2-768x768.webp 768w, https:\/\/www.motorfix.com.br\/wp-content\/uploads\/2023\/03\/MFC112-2.webp 1080w, https:\/\/www.motorfix.com.br\/wp-content\/uploads\/2023\/03\/MFC112-2-125x125.webp 125w\" sizes=\"(max-width: 1024px) 100vw, 1024px\" \/><\/figure>\n\n\n\n<figure class=\"wp-block-image size-large\"><img loading=\"lazy\" decoding=\"async\" width=\"1024\" height=\"1024\" data-id=\"2564\" src=\"https:\/\/www.motorfix.com.br\/wp-content\/uploads\/2023\/03\/MFC112-3-1024x1024.webp\" alt=\"\" class=\"wp-image-2564\" srcset=\"https:\/\/www.motorfix.com.br\/wp-content\/uploads\/2023\/03\/MFC112-3-1024x1024.webp 1024w, https:\/\/www.motorfix.com.br\/wp-content\/uploads\/2023\/03\/MFC112-3-300x300.webp 300w, https:\/\/www.motorfix.com.br\/wp-content\/uploads\/2023\/03\/MFC112-3-150x150.webp 150w, https:\/\/www.motorfix.com.br\/wp-content\/uploads\/2023\/03\/MFC112-3-768x768.webp 768w, https:\/\/www.motorfix.com.br\/wp-content\/uploads\/2023\/03\/MFC112-3.webp 1080w, https:\/\/www.motorfix.com.br\/wp-content\/uploads\/2023\/03\/MFC112-3-125x125.webp 125w\" sizes=\"(max-width: 1024px) 100vw, 1024px\" \/><\/figure>\n<\/figure>\n\n\n\n<p><strong>C\u00e2mbio:<\/strong> 0C8, TR-80SD<br><strong>C\u00f3digo original: Porsche: <\/strong>95832543500 | <strong>Volkswagen: <\/strong>0C8321371, 0C8325435<br><strong>C\u00f3digo similar: Wega: <\/strong>WFC-224 | <strong>Hengst:<\/strong> EG943H D480 | <strong>Japanparts:<\/strong> FAT085<br><strong>Aplica\u00e7\u00f5es: Audi: <\/strong>Q7 3.0 TFSI | <strong>Porsche: <\/strong>Cayenne \u2013 3.6 \/ 4.8, Panamera \u2013 4.8 V8 Turbo | <strong>Volkswagen:<\/strong> Touareg \u2013 3.6 FSI<\/p>\n","protected":false},"excerpt":{"rendered":"<p>C\u00e2mbio: 0C8, TR-80SDC\u00f3digo original: Porsche: 95832543500 | Volkswagen: 0C8321371, 0C8325435C\u00f3digo similar: Wega: WFC-224 | Hengst: EG943H D480 | Japanparts: FAT085Aplica\u00e7\u00f5es: Audi: Q7 3.0 TFSI | Porsche: Cayenne \u2013 3.6 \/ 4.8, Panamera \u2013 4.8 V8 Turbo | Volkswagen: Touareg \u2013 3.6 FSI<\/p>\n","protected":false},"author":1,"featured_media":2562,"parent":2354,"menu_order":0,"comment_status":"closed","ping_status":"closed","template":"","meta":{"footnotes":""},"_links":{"self":[{"href":"https:\/\/www.motorfix.com.br\/index.php?rest_route=\/wp\/v2\/pages\/2561"}],"collection":[{"href":"https:\/\/www.motorfix.com.br\/index.php?rest_route=\/wp\/v2\/pages"}],"about":[{"href":"https:\/\/www.motorfix.com.br\/index.php?rest_route=\/wp\/v2\/types\/page"}],"author":[{"embeddable":true,"href":"https:\/\/www.motorfix.com.br\/index.php?rest_route=\/wp\/v2\/users\/1"}],"replies":[{"embeddable":true,"href":"https:\/\/www.motorfix.com.br\/index.php?rest_route=%2Fwp%2Fv2%2Fcomments&post=2561"}],"version-history":[{"count":1,"href":"https:\/\/www.motorfix.com.br\/index.php?rest_route=\/wp\/v2\/pages\/2561\/revisions"}],"predecessor-version":[{"id":2566,"href":"https:\/\/www.motorfix.com.br\/index.php?rest_route=\/wp\/v2\/pages\/2561\/revisions\/2566"}],"up":[{"embeddable":true,"href":"https:\/\/www.motorfix.com.br\/index.php?rest_route=\/wp\/v2\/pages\/2354"}],"wp:featuredmedia":[{"embeddable":true,"href":"https:\/\/www.motorfix.com.br\/index.php?rest_route=\/wp\/v2\/media\/2562"}],"wp:attachment":[{"href":"https:\/\/www.motorfix.com.br\/index.php?rest_route=%2Fwp%2Fv2%2Fmedia&parent=2561"}],"curies":[{"name":"wp","href":"https:\/\/api.w.org\/{rel}","templated":true}]}}