{"id":2605,"date":"2023-03-27T17:03:03","date_gmt":"2023-03-27T20:03:03","guid":{"rendered":"https:\/\/www.motorfix.com.br\/?page_id=2605"},"modified":"2023-03-27T17:03:03","modified_gmt":"2023-03-27T20:03:03","slug":"mfc-165","status":"publish","type":"page","link":"https:\/\/www.motorfix.com.br\/?page_id=2605","title":{"rendered":"MFC-165"},"content":{"rendered":"\n<figure class=\"wp-block-gallery has-nested-images columns-default is-cropped wp-block-gallery-1 is-layout-flex wp-block-gallery-is-layout-flex\">\n<figure class=\"wp-block-image size-large\"><img loading=\"lazy\" decoding=\"async\" width=\"1024\" height=\"1024\" data-id=\"2607\" src=\"https:\/\/www.motorfix.com.br\/wp-content\/uploads\/2023\/03\/MFC165-2-1024x1024.webp\" alt=\"\" class=\"wp-image-2607\" srcset=\"https:\/\/www.motorfix.com.br\/wp-content\/uploads\/2023\/03\/MFC165-2-1024x1024.webp 1024w, https:\/\/www.motorfix.com.br\/wp-content\/uploads\/2023\/03\/MFC165-2-300x300.webp 300w, https:\/\/www.motorfix.com.br\/wp-content\/uploads\/2023\/03\/MFC165-2-150x150.webp 150w, https:\/\/www.motorfix.com.br\/wp-content\/uploads\/2023\/03\/MFC165-2-768x768.webp 768w, https:\/\/www.motorfix.com.br\/wp-content\/uploads\/2023\/03\/MFC165-2.webp 1080w, https:\/\/www.motorfix.com.br\/wp-content\/uploads\/2023\/03\/MFC165-2-125x125.webp 125w\" sizes=\"(max-width: 1024px) 100vw, 1024px\" \/><\/figure>\n\n\n\n<figure class=\"wp-block-image size-large\"><img loading=\"lazy\" decoding=\"async\" width=\"1024\" height=\"1024\" data-id=\"2608\" src=\"https:\/\/www.motorfix.com.br\/wp-content\/uploads\/2023\/03\/MFC165-3-1024x1024.webp\" alt=\"\" class=\"wp-image-2608\" srcset=\"https:\/\/www.motorfix.com.br\/wp-content\/uploads\/2023\/03\/MFC165-3-1024x1024.webp 1024w, https:\/\/www.motorfix.com.br\/wp-content\/uploads\/2023\/03\/MFC165-3-300x300.webp 300w, https:\/\/www.motorfix.com.br\/wp-content\/uploads\/2023\/03\/MFC165-3-150x150.webp 150w, https:\/\/www.motorfix.com.br\/wp-content\/uploads\/2023\/03\/MFC165-3-768x768.webp 768w, https:\/\/www.motorfix.com.br\/wp-content\/uploads\/2023\/03\/MFC165-3.webp 1080w, https:\/\/www.motorfix.com.br\/wp-content\/uploads\/2023\/03\/MFC165-3-125x125.webp 125w\" sizes=\"(max-width: 1024px) 100vw, 1024px\" \/><\/figure>\n\n\n\n<figure class=\"wp-block-image size-large\"><img loading=\"lazy\" decoding=\"async\" width=\"1024\" height=\"1024\" data-id=\"2609\" src=\"https:\/\/www.motorfix.com.br\/wp-content\/uploads\/2023\/03\/MFC165-1024x1024.webp\" alt=\"\" class=\"wp-image-2609\" srcset=\"https:\/\/www.motorfix.com.br\/wp-content\/uploads\/2023\/03\/MFC165-1024x1024.webp 1024w, https:\/\/www.motorfix.com.br\/wp-content\/uploads\/2023\/03\/MFC165-300x300.webp 300w, https:\/\/www.motorfix.com.br\/wp-content\/uploads\/2023\/03\/MFC165-150x150.webp 150w, https:\/\/www.motorfix.com.br\/wp-content\/uploads\/2023\/03\/MFC165-768x768.webp 768w, https:\/\/www.motorfix.com.br\/wp-content\/uploads\/2023\/03\/MFC165.webp 1080w, https:\/\/www.motorfix.com.br\/wp-content\/uploads\/2023\/03\/MFC165-125x125.webp 125w\" sizes=\"(max-width: 1024px) 100vw, 1024px\" \/><\/figure>\n<\/figure>\n\n\n\n<p><strong>C\u00e2mbio: <\/strong>6R80<br><strong>C\u00f3digo original:<\/strong><br>C<strong>\u00f3digo similar: Wega:<\/strong> WFC-979<br><strong>Aplica\u00e7\u00f5es: Ford:<\/strong> Ranger \u2013 2.2 6 Marchas, Ranger \u2013 3.2 6 Marchas<\/p>\n","protected":false},"excerpt":{"rendered":"<p>C\u00e2mbio: 6R80C\u00f3digo original:C\u00f3digo similar: Wega: WFC-979Aplica\u00e7\u00f5es: Ford: Ranger \u2013 2.2 6 Marchas, Ranger \u2013 3.2 6 Marchas<\/p>\n","protected":false},"author":1,"featured_media":2606,"parent":2354,"menu_order":0,"comment_status":"closed","ping_status":"closed","template":"","meta":{"footnotes":""},"_links":{"self":[{"href":"https:\/\/www.motorfix.com.br\/index.php?rest_route=\/wp\/v2\/pages\/2605"}],"collection":[{"href":"https:\/\/www.motorfix.com.br\/index.php?rest_route=\/wp\/v2\/pages"}],"about":[{"href":"https:\/\/www.motorfix.com.br\/index.php?rest_route=\/wp\/v2\/types\/page"}],"author":[{"embeddable":true,"href":"https:\/\/www.motorfix.com.br\/index.php?rest_route=\/wp\/v2\/users\/1"}],"replies":[{"embeddable":true,"href":"https:\/\/www.motorfix.com.br\/index.php?rest_route=%2Fwp%2Fv2%2Fcomments&post=2605"}],"version-history":[{"count":1,"href":"https:\/\/www.motorfix.com.br\/index.php?rest_route=\/wp\/v2\/pages\/2605\/revisions"}],"predecessor-version":[{"id":2610,"href":"https:\/\/www.motorfix.com.br\/index.php?rest_route=\/wp\/v2\/pages\/2605\/revisions\/2610"}],"up":[{"embeddable":true,"href":"https:\/\/www.motorfix.com.br\/index.php?rest_route=\/wp\/v2\/pages\/2354"}],"wp:featuredmedia":[{"embeddable":true,"href":"https:\/\/www.motorfix.com.br\/index.php?rest_route=\/wp\/v2\/media\/2606"}],"wp:attachment":[{"href":"https:\/\/www.motorfix.com.br\/index.php?rest_route=%2Fwp%2Fv2%2Fmedia&parent=2605"}],"curies":[{"name":"wp","href":"https:\/\/api.w.org\/{rel}","templated":true}]}}