{"id":2666,"date":"2023-03-27T17:16:40","date_gmt":"2023-03-27T20:16:40","guid":{"rendered":"https:\/\/www.motorfix.com.br\/?page_id=2666"},"modified":"2023-03-27T17:16:40","modified_gmt":"2023-03-27T20:16:40","slug":"mfc-135","status":"publish","type":"page","link":"https:\/\/www.motorfix.com.br\/?page_id=2666","title":{"rendered":"MFC-135"},"content":{"rendered":"\n<figure class=\"wp-block-gallery has-nested-images columns-default is-cropped wp-block-gallery-1 is-layout-flex wp-block-gallery-is-layout-flex\">\n<figure class=\"wp-block-image size-large\"><img loading=\"lazy\" decoding=\"async\" width=\"1024\" height=\"1024\" data-id=\"2668\" src=\"https:\/\/www.motorfix.com.br\/wp-content\/uploads\/2023\/03\/MFC135-1024x1024.webp\" alt=\"\" class=\"wp-image-2668\" srcset=\"https:\/\/www.motorfix.com.br\/wp-content\/uploads\/2023\/03\/MFC135-1024x1024.webp 1024w, https:\/\/www.motorfix.com.br\/wp-content\/uploads\/2023\/03\/MFC135-300x300.webp 300w, https:\/\/www.motorfix.com.br\/wp-content\/uploads\/2023\/03\/MFC135-150x150.webp 150w, https:\/\/www.motorfix.com.br\/wp-content\/uploads\/2023\/03\/MFC135-768x768.webp 768w, https:\/\/www.motorfix.com.br\/wp-content\/uploads\/2023\/03\/MFC135.webp 1080w, https:\/\/www.motorfix.com.br\/wp-content\/uploads\/2023\/03\/MFC135-125x125.webp 125w\" sizes=\"(max-width: 1024px) 100vw, 1024px\" \/><\/figure>\n\n\n\n<figure class=\"wp-block-image size-large\"><img loading=\"lazy\" decoding=\"async\" width=\"1024\" height=\"1024\" data-id=\"2670\" src=\"https:\/\/www.motorfix.com.br\/wp-content\/uploads\/2023\/03\/MFC135-2-1024x1024.webp\" alt=\"\" class=\"wp-image-2670\" srcset=\"https:\/\/www.motorfix.com.br\/wp-content\/uploads\/2023\/03\/MFC135-2-1024x1024.webp 1024w, https:\/\/www.motorfix.com.br\/wp-content\/uploads\/2023\/03\/MFC135-2-300x300.webp 300w, https:\/\/www.motorfix.com.br\/wp-content\/uploads\/2023\/03\/MFC135-2-150x150.webp 150w, https:\/\/www.motorfix.com.br\/wp-content\/uploads\/2023\/03\/MFC135-2-768x768.webp 768w, https:\/\/www.motorfix.com.br\/wp-content\/uploads\/2023\/03\/MFC135-2.webp 1080w, https:\/\/www.motorfix.com.br\/wp-content\/uploads\/2023\/03\/MFC135-2-125x125.webp 125w\" sizes=\"(max-width: 1024px) 100vw, 1024px\" \/><\/figure>\n\n\n\n<figure class=\"wp-block-image size-large\"><img loading=\"lazy\" decoding=\"async\" width=\"1024\" height=\"1024\" data-id=\"2669\" src=\"https:\/\/www.motorfix.com.br\/wp-content\/uploads\/2023\/03\/MFC135-3-1024x1024.webp\" alt=\"\" class=\"wp-image-2669\" srcset=\"https:\/\/www.motorfix.com.br\/wp-content\/uploads\/2023\/03\/MFC135-3-1024x1024.webp 1024w, https:\/\/www.motorfix.com.br\/wp-content\/uploads\/2023\/03\/MFC135-3-300x300.webp 300w, https:\/\/www.motorfix.com.br\/wp-content\/uploads\/2023\/03\/MFC135-3-150x150.webp 150w, https:\/\/www.motorfix.com.br\/wp-content\/uploads\/2023\/03\/MFC135-3-768x768.webp 768w, https:\/\/www.motorfix.com.br\/wp-content\/uploads\/2023\/03\/MFC135-3.webp 1080w, https:\/\/www.motorfix.com.br\/wp-content\/uploads\/2023\/03\/MFC135-3-125x125.webp 125w\" sizes=\"(max-width: 1024px) 100vw, 1024px\" \/><\/figure>\n<\/figure>\n\n\n\n<p><strong>C\u00e2mbio: <\/strong>42LE, AF235, AF335, AW5040, AW5040LE, AW5051SN, AW5550SN<br><strong>C\u00f3digo original: GM:<\/strong> 5164553, 90348726, 90348728, 90541934 |<strong> Volvo: <\/strong>274470<br><strong>C\u00f3digo similar: Wega:<\/strong> WFC-917 |<strong> Japanparts:<\/strong> FAT012, FAT052 |<strong> Tecfil: <\/strong>FCA1577<br><strong>Aplica\u00e7\u00f5es: Fiat: <\/strong>Marea Weekend \u2013 2.4 20v | <strong>GM: <\/strong>Astra \u2013 2.0 \/\/ 1997 \u2013>, Vectra \u2013 2.0 \/\/ 1997 \u2013>, Vectra \u2013 2.0 \/\/ 93 \u2014 96, Vectra \u2013 2.2 \/\/ 1997 \u2013>, Vectra \u2013 2.4 \/\/ 2005 \u2013>, Zafira \u2013 2.0 \/\/ 1997 \u2013> |<strong> Volvo:<\/strong> C30 \u2013 2.5 \/\/ 2006 \u2013>, C70 \u2013 2.5 \u2013 (Cabriolet) \/\/ 2006 \u2013>, S40 \u2013 2.4 \/\/ 2004 \u2013>,S60 \u2013 2.5 \u2013 Turbo \/\/ 2003 \u2013>, XC90 \u2013 2.5 \/\/ 2002 \u2013><\/p>\n","protected":false},"excerpt":{"rendered":"<p>C\u00e2mbio: 42LE, AF235, AF335, AW5040, AW5040LE, AW5051SN, AW5550SNC\u00f3digo original: GM: 5164553, 90348726, 90348728, 90541934 | Volvo: 274470C\u00f3digo similar: Wega: WFC-917 | Japanparts: FAT012, FAT052 | Tecfil: FCA1577Aplica\u00e7\u00f5es: Fiat: Marea Weekend \u2013 2.4 20v | GM: Astra \u2013 2.0 \/\/ 1997 \u2013>, Vectra \u2013 2.0 \/\/ 1997 \u2013>, Vectra \u2013 2.0 \/\/ 93 \u2014 96, Vectra&#8230;<\/p>\n","protected":false},"author":1,"featured_media":2667,"parent":2354,"menu_order":0,"comment_status":"closed","ping_status":"closed","template":"","meta":{"footnotes":""},"_links":{"self":[{"href":"https:\/\/www.motorfix.com.br\/index.php?rest_route=\/wp\/v2\/pages\/2666"}],"collection":[{"href":"https:\/\/www.motorfix.com.br\/index.php?rest_route=\/wp\/v2\/pages"}],"about":[{"href":"https:\/\/www.motorfix.com.br\/index.php?rest_route=\/wp\/v2\/types\/page"}],"author":[{"embeddable":true,"href":"https:\/\/www.motorfix.com.br\/index.php?rest_route=\/wp\/v2\/users\/1"}],"replies":[{"embeddable":true,"href":"https:\/\/www.motorfix.com.br\/index.php?rest_route=%2Fwp%2Fv2%2Fcomments&post=2666"}],"version-history":[{"count":1,"href":"https:\/\/www.motorfix.com.br\/index.php?rest_route=\/wp\/v2\/pages\/2666\/revisions"}],"predecessor-version":[{"id":2671,"href":"https:\/\/www.motorfix.com.br\/index.php?rest_route=\/wp\/v2\/pages\/2666\/revisions\/2671"}],"up":[{"embeddable":true,"href":"https:\/\/www.motorfix.com.br\/index.php?rest_route=\/wp\/v2\/pages\/2354"}],"wp:featuredmedia":[{"embeddable":true,"href":"https:\/\/www.motorfix.com.br\/index.php?rest_route=\/wp\/v2\/media\/2667"}],"wp:attachment":[{"href":"https:\/\/www.motorfix.com.br\/index.php?rest_route=%2Fwp%2Fv2%2Fmedia&parent=2666"}],"curies":[{"name":"wp","href":"https:\/\/api.w.org\/{rel}","templated":true}]}}