{"id":2690,"date":"2023-03-27T17:22:36","date_gmt":"2023-03-27T20:22:36","guid":{"rendered":"https:\/\/www.motorfix.com.br\/?page_id=2690"},"modified":"2023-03-27T17:22:36","modified_gmt":"2023-03-27T20:22:36","slug":"mfc-141","status":"publish","type":"page","link":"https:\/\/www.motorfix.com.br\/?page_id=2690","title":{"rendered":"MFC-141"},"content":{"rendered":"\n<figure class=\"wp-block-gallery has-nested-images columns-default is-cropped wp-block-gallery-1 is-layout-flex wp-block-gallery-is-layout-flex\">\n<figure class=\"wp-block-image size-large\"><img loading=\"lazy\" decoding=\"async\" width=\"1024\" height=\"1024\" data-id=\"2692\" src=\"https:\/\/www.motorfix.com.br\/wp-content\/uploads\/2023\/03\/MFC141-1024x1024.webp\" alt=\"\" class=\"wp-image-2692\" srcset=\"https:\/\/www.motorfix.com.br\/wp-content\/uploads\/2023\/03\/MFC141-1024x1024.webp 1024w, https:\/\/www.motorfix.com.br\/wp-content\/uploads\/2023\/03\/MFC141-300x300.webp 300w, https:\/\/www.motorfix.com.br\/wp-content\/uploads\/2023\/03\/MFC141-150x150.webp 150w, https:\/\/www.motorfix.com.br\/wp-content\/uploads\/2023\/03\/MFC141-768x768.webp 768w, https:\/\/www.motorfix.com.br\/wp-content\/uploads\/2023\/03\/MFC141.webp 1080w, https:\/\/www.motorfix.com.br\/wp-content\/uploads\/2023\/03\/MFC141-125x125.webp 125w\" sizes=\"(max-width: 1024px) 100vw, 1024px\" \/><\/figure>\n\n\n\n<figure class=\"wp-block-image size-large\"><img loading=\"lazy\" decoding=\"async\" width=\"1024\" height=\"1024\" data-id=\"2693\" src=\"https:\/\/www.motorfix.com.br\/wp-content\/uploads\/2023\/03\/MFC141-2-1024x1024.webp\" alt=\"\" class=\"wp-image-2693\" srcset=\"https:\/\/www.motorfix.com.br\/wp-content\/uploads\/2023\/03\/MFC141-2-1024x1024.webp 1024w, https:\/\/www.motorfix.com.br\/wp-content\/uploads\/2023\/03\/MFC141-2-300x300.webp 300w, https:\/\/www.motorfix.com.br\/wp-content\/uploads\/2023\/03\/MFC141-2-150x150.webp 150w, https:\/\/www.motorfix.com.br\/wp-content\/uploads\/2023\/03\/MFC141-2-768x768.webp 768w, https:\/\/www.motorfix.com.br\/wp-content\/uploads\/2023\/03\/MFC141-2.webp 1080w, https:\/\/www.motorfix.com.br\/wp-content\/uploads\/2023\/03\/MFC141-2-125x125.webp 125w\" sizes=\"(max-width: 1024px) 100vw, 1024px\" \/><\/figure>\n\n\n\n<figure class=\"wp-block-image size-large\"><img loading=\"lazy\" decoding=\"async\" width=\"1024\" height=\"1024\" data-id=\"2694\" src=\"https:\/\/www.motorfix.com.br\/wp-content\/uploads\/2023\/03\/MFC141-3-1024x1024.webp\" alt=\"\" class=\"wp-image-2694\" srcset=\"https:\/\/www.motorfix.com.br\/wp-content\/uploads\/2023\/03\/MFC141-3-1024x1024.webp 1024w, https:\/\/www.motorfix.com.br\/wp-content\/uploads\/2023\/03\/MFC141-3-300x300.webp 300w, https:\/\/www.motorfix.com.br\/wp-content\/uploads\/2023\/03\/MFC141-3-150x150.webp 150w, https:\/\/www.motorfix.com.br\/wp-content\/uploads\/2023\/03\/MFC141-3-768x768.webp 768w, https:\/\/www.motorfix.com.br\/wp-content\/uploads\/2023\/03\/MFC141-3.webp 1080w, https:\/\/www.motorfix.com.br\/wp-content\/uploads\/2023\/03\/MFC141-3-125x125.webp 125w\" sizes=\"(max-width: 1024px) 100vw, 1024px\" \/><\/figure>\n<\/figure>\n\n\n\n<p><strong>C\u00e2mbio<\/strong>: 7226, DGJ, DGU, W5A<br><strong>C\u00f3digo original: Dodge:<\/strong> 5073878AA | <strong>Jeep: <\/strong>52108325AA | <strong>Mercedes Benz:<\/strong> 1402770095, 52108325AAS1<br><strong>C\u00f3digo similar: Wega:<\/strong> WFC-927, WFC-527 | <strong>Hengst:<\/strong> E87HD153, EG87H D153 | <strong>Japanparts:<\/strong> FAT010 | <strong>Mann: <\/strong>H182KIT<br><strong>Aplica\u00e7\u00f5es: Chrysler: <\/strong>300C \u2013 3.6 \/ 5.7 | <strong>Dodge:<\/strong> Durango \u2013 3.6 V6 | <strong>Jeep:<\/strong> Grand Cherokee \u2013 3.0 \/ 4.7 \/ 5.7 | <strong>Mercedes Benz: <\/strong>C180 (CL203\/W202\/W203) \u2013 1.8, C200 \/ C200K CGI (W204) \u2013 Turbo \u2013 1.8, C230 Kompressor (W202) \u2013 2.3, C280 (W202\/W203) \u2013 2.8, C55 AMG (S203) \u2013 5.5, S320 (W140) \u2013 3.0, SL280 \u2013 2.8, SL600 \u2013 6.0 | <strong>Ssangyong:<\/strong> Kyron \u2013 2.0 \/ 2.7, Rexton \u2013 2.0 \/ 2.7<\/p>\n","protected":false},"excerpt":{"rendered":"<p>C\u00e2mbio: 7226, DGJ, DGU, W5AC\u00f3digo original: Dodge: 5073878AA | Jeep: 52108325AA | Mercedes Benz: 1402770095, 52108325AAS1C\u00f3digo similar: Wega: WFC-927, WFC-527 | Hengst: E87HD153, EG87H D153 | Japanparts: FAT010 | Mann: H182KITAplica\u00e7\u00f5es: Chrysler: 300C \u2013 3.6 \/ 5.7 | Dodge: Durango \u2013 3.6 V6 | Jeep: Grand Cherokee \u2013 3.0 \/ 4.7 \/ 5.7 | Mercedes&#8230;<\/p>\n","protected":false},"author":1,"featured_media":2691,"parent":2354,"menu_order":0,"comment_status":"closed","ping_status":"closed","template":"","meta":{"footnotes":""},"_links":{"self":[{"href":"https:\/\/www.motorfix.com.br\/index.php?rest_route=\/wp\/v2\/pages\/2690"}],"collection":[{"href":"https:\/\/www.motorfix.com.br\/index.php?rest_route=\/wp\/v2\/pages"}],"about":[{"href":"https:\/\/www.motorfix.com.br\/index.php?rest_route=\/wp\/v2\/types\/page"}],"author":[{"embeddable":true,"href":"https:\/\/www.motorfix.com.br\/index.php?rest_route=\/wp\/v2\/users\/1"}],"replies":[{"embeddable":true,"href":"https:\/\/www.motorfix.com.br\/index.php?rest_route=%2Fwp%2Fv2%2Fcomments&post=2690"}],"version-history":[{"count":1,"href":"https:\/\/www.motorfix.com.br\/index.php?rest_route=\/wp\/v2\/pages\/2690\/revisions"}],"predecessor-version":[{"id":2695,"href":"https:\/\/www.motorfix.com.br\/index.php?rest_route=\/wp\/v2\/pages\/2690\/revisions\/2695"}],"up":[{"embeddable":true,"href":"https:\/\/www.motorfix.com.br\/index.php?rest_route=\/wp\/v2\/pages\/2354"}],"wp:featuredmedia":[{"embeddable":true,"href":"https:\/\/www.motorfix.com.br\/index.php?rest_route=\/wp\/v2\/media\/2691"}],"wp:attachment":[{"href":"https:\/\/www.motorfix.com.br\/index.php?rest_route=%2Fwp%2Fv2%2Fmedia&parent=2690"}],"curies":[{"name":"wp","href":"https:\/\/api.w.org\/{rel}","templated":true}]}}