{"id":2709,"date":"2023-03-27T17:26:58","date_gmt":"2023-03-27T20:26:58","guid":{"rendered":"https:\/\/www.motorfix.com.br\/?page_id=2709"},"modified":"2023-03-27T17:26:58","modified_gmt":"2023-03-27T20:26:58","slug":"mfc-146","status":"publish","type":"page","link":"https:\/\/www.motorfix.com.br\/?page_id=2709","title":{"rendered":"MFC-146"},"content":{"rendered":"\n<figure class=\"wp-block-gallery has-nested-images columns-default is-cropped wp-block-gallery-1 is-layout-flex wp-block-gallery-is-layout-flex\">\n<figure class=\"wp-block-image size-large\"><img loading=\"lazy\" decoding=\"async\" width=\"1024\" height=\"1024\" data-id=\"2712\" src=\"https:\/\/www.motorfix.com.br\/wp-content\/uploads\/2023\/03\/MFC146-1024x1024.webp\" alt=\"\" class=\"wp-image-2712\" srcset=\"https:\/\/www.motorfix.com.br\/wp-content\/uploads\/2023\/03\/MFC146-1024x1024.webp 1024w, https:\/\/www.motorfix.com.br\/wp-content\/uploads\/2023\/03\/MFC146-300x300.webp 300w, https:\/\/www.motorfix.com.br\/wp-content\/uploads\/2023\/03\/MFC146-150x150.webp 150w, https:\/\/www.motorfix.com.br\/wp-content\/uploads\/2023\/03\/MFC146-768x768.webp 768w, https:\/\/www.motorfix.com.br\/wp-content\/uploads\/2023\/03\/MFC146.webp 1080w, https:\/\/www.motorfix.com.br\/wp-content\/uploads\/2023\/03\/MFC146-125x125.webp 125w\" sizes=\"(max-width: 1024px) 100vw, 1024px\" \/><\/figure>\n\n\n\n<figure class=\"wp-block-image size-large\"><img loading=\"lazy\" decoding=\"async\" width=\"1024\" height=\"1024\" data-id=\"2711\" src=\"https:\/\/www.motorfix.com.br\/wp-content\/uploads\/2023\/03\/MFC146-2-1024x1024.webp\" alt=\"\" class=\"wp-image-2711\" srcset=\"https:\/\/www.motorfix.com.br\/wp-content\/uploads\/2023\/03\/MFC146-2-1024x1024.webp 1024w, https:\/\/www.motorfix.com.br\/wp-content\/uploads\/2023\/03\/MFC146-2-300x300.webp 300w, https:\/\/www.motorfix.com.br\/wp-content\/uploads\/2023\/03\/MFC146-2-150x150.webp 150w, https:\/\/www.motorfix.com.br\/wp-content\/uploads\/2023\/03\/MFC146-2-768x768.webp 768w, https:\/\/www.motorfix.com.br\/wp-content\/uploads\/2023\/03\/MFC146-2.webp 1080w, https:\/\/www.motorfix.com.br\/wp-content\/uploads\/2023\/03\/MFC146-2-125x125.webp 125w\" sizes=\"(max-width: 1024px) 100vw, 1024px\" \/><\/figure>\n\n\n\n<figure class=\"wp-block-image size-large\"><img loading=\"lazy\" decoding=\"async\" width=\"1024\" height=\"1024\" data-id=\"2713\" src=\"https:\/\/www.motorfix.com.br\/wp-content\/uploads\/2023\/03\/MFC146-3-1024x1024.webp\" alt=\"\" class=\"wp-image-2713\" srcset=\"https:\/\/www.motorfix.com.br\/wp-content\/uploads\/2023\/03\/MFC146-3-1024x1024.webp 1024w, https:\/\/www.motorfix.com.br\/wp-content\/uploads\/2023\/03\/MFC146-3-300x300.webp 300w, https:\/\/www.motorfix.com.br\/wp-content\/uploads\/2023\/03\/MFC146-3-150x150.webp 150w, https:\/\/www.motorfix.com.br\/wp-content\/uploads\/2023\/03\/MFC146-3-768x768.webp 768w, https:\/\/www.motorfix.com.br\/wp-content\/uploads\/2023\/03\/MFC146-3.webp 1080w, https:\/\/www.motorfix.com.br\/wp-content\/uploads\/2023\/03\/MFC146-3-125x125.webp 125w\" sizes=\"(max-width: 1024px) 100vw, 1024px\" \/><\/figure>\n<\/figure>\n\n\n\n<p><strong>C\u00e2mbio: <\/strong>CVT, JF011E, RE0F10A<br><strong>C\u00f3digo original: Mitsubishi:<\/strong> 317281XF03, 317281XZ0A, 317281XZ0D, 317281XZOA, 31728X480A | <strong>Nissan: <\/strong>317281XF03, 317281XZ0A, 317281XZ0D, 317281XZOA, 31728X480A | <strong>Renault:<\/strong> 317281XF03, 317281XZ0A, 317281XZ0D, 317281XZOA, 31728X480A<br><strong>C\u00f3digo similar: Wega:<\/strong> WFC-941<br><strong>Aplica\u00e7\u00f5es: Mitsubishi: <\/strong>ASX \u2013 2.0 CVT, Lancer GT \u2013 2.0 CVT, Outlander \u2013 2.0 CVT | <strong>Nissan:<\/strong> Sentra \u2013 2.0 CVT | <strong>Renault:<\/strong> Fluence \u2013 2.0 CVT<br>Cano longo.<\/p>\n","protected":false},"excerpt":{"rendered":"<p>C\u00e2mbio: CVT, JF011E, RE0F10AC\u00f3digo original: Mitsubishi: 317281XF03, 317281XZ0A, 317281XZ0D, 317281XZOA, 31728X480A | Nissan: 317281XF03, 317281XZ0A, 317281XZ0D, 317281XZOA, 31728X480A | Renault: 317281XF03, 317281XZ0A, 317281XZ0D, 317281XZOA, 31728X480AC\u00f3digo similar: Wega: WFC-941Aplica\u00e7\u00f5es: Mitsubishi: ASX \u2013 2.0 CVT, Lancer GT \u2013 2.0 CVT, Outlander \u2013 2.0 CVT | Nissan: Sentra \u2013 2.0 CVT | Renault: Fluence \u2013 2.0 CVTCano longo.<\/p>\n","protected":false},"author":1,"featured_media":2710,"parent":2354,"menu_order":0,"comment_status":"closed","ping_status":"closed","template":"","meta":{"footnotes":""},"_links":{"self":[{"href":"https:\/\/www.motorfix.com.br\/index.php?rest_route=\/wp\/v2\/pages\/2709"}],"collection":[{"href":"https:\/\/www.motorfix.com.br\/index.php?rest_route=\/wp\/v2\/pages"}],"about":[{"href":"https:\/\/www.motorfix.com.br\/index.php?rest_route=\/wp\/v2\/types\/page"}],"author":[{"embeddable":true,"href":"https:\/\/www.motorfix.com.br\/index.php?rest_route=\/wp\/v2\/users\/1"}],"replies":[{"embeddable":true,"href":"https:\/\/www.motorfix.com.br\/index.php?rest_route=%2Fwp%2Fv2%2Fcomments&post=2709"}],"version-history":[{"count":1,"href":"https:\/\/www.motorfix.com.br\/index.php?rest_route=\/wp\/v2\/pages\/2709\/revisions"}],"predecessor-version":[{"id":2714,"href":"https:\/\/www.motorfix.com.br\/index.php?rest_route=\/wp\/v2\/pages\/2709\/revisions\/2714"}],"up":[{"embeddable":true,"href":"https:\/\/www.motorfix.com.br\/index.php?rest_route=\/wp\/v2\/pages\/2354"}],"wp:featuredmedia":[{"embeddable":true,"href":"https:\/\/www.motorfix.com.br\/index.php?rest_route=\/wp\/v2\/media\/2710"}],"wp:attachment":[{"href":"https:\/\/www.motorfix.com.br\/index.php?rest_route=%2Fwp%2Fv2%2Fmedia&parent=2709"}],"curies":[{"name":"wp","href":"https:\/\/api.w.org\/{rel}","templated":true}]}}