{"id":2740,"date":"2023-03-27T17:40:15","date_gmt":"2023-03-27T20:40:15","guid":{"rendered":"https:\/\/www.motorfix.com.br\/?page_id=2740"},"modified":"2023-10-27T08:18:25","modified_gmt":"2023-10-27T11:18:25","slug":"mfc-124","status":"publish","type":"page","link":"https:\/\/www.motorfix.com.br\/?page_id=2740","title":{"rendered":"MFC-124"},"content":{"rendered":"\n<figure class=\"wp-block-gallery has-nested-images columns-default is-cropped wp-block-gallery-1 is-layout-flex wp-block-gallery-is-layout-flex\">\n<figure class=\"wp-block-image size-large\"><img loading=\"lazy\" decoding=\"async\" width=\"1024\" height=\"1024\" data-id=\"2743\" src=\"https:\/\/www.motorfix.com.br\/wp-content\/uploads\/2023\/03\/MFC124-1024x1024.webp\" alt=\"\" class=\"wp-image-2743\" srcset=\"https:\/\/www.motorfix.com.br\/wp-content\/uploads\/2023\/03\/MFC124-1024x1024.webp 1024w, https:\/\/www.motorfix.com.br\/wp-content\/uploads\/2023\/03\/MFC124-300x300.webp 300w, https:\/\/www.motorfix.com.br\/wp-content\/uploads\/2023\/03\/MFC124-150x150.webp 150w, https:\/\/www.motorfix.com.br\/wp-content\/uploads\/2023\/03\/MFC124-768x768.webp 768w, https:\/\/www.motorfix.com.br\/wp-content\/uploads\/2023\/03\/MFC124.webp 1080w, https:\/\/www.motorfix.com.br\/wp-content\/uploads\/2023\/03\/MFC124-125x125.webp 125w\" sizes=\"(max-width: 1024px) 100vw, 1024px\" \/><\/figure>\n\n\n\n<figure class=\"wp-block-image size-large\"><img loading=\"lazy\" decoding=\"async\" width=\"1024\" height=\"1024\" data-id=\"2742\" src=\"https:\/\/www.motorfix.com.br\/wp-content\/uploads\/2023\/03\/MFC124-2-1024x1024.webp\" alt=\"\" class=\"wp-image-2742\" srcset=\"https:\/\/www.motorfix.com.br\/wp-content\/uploads\/2023\/03\/MFC124-2-1024x1024.webp 1024w, https:\/\/www.motorfix.com.br\/wp-content\/uploads\/2023\/03\/MFC124-2-300x300.webp 300w, https:\/\/www.motorfix.com.br\/wp-content\/uploads\/2023\/03\/MFC124-2-150x150.webp 150w, https:\/\/www.motorfix.com.br\/wp-content\/uploads\/2023\/03\/MFC124-2-768x768.webp 768w, https:\/\/www.motorfix.com.br\/wp-content\/uploads\/2023\/03\/MFC124-2.webp 1080w, https:\/\/www.motorfix.com.br\/wp-content\/uploads\/2023\/03\/MFC124-2-125x125.webp 125w\" sizes=\"(max-width: 1024px) 100vw, 1024px\" \/><\/figure>\n<\/figure>\n\n\n\n<p><strong>C\u00e2mbio: <\/strong>01M, AG4<br><strong>C\u00f3digo original: Volkswagen: <\/strong>01M32542, 01N321371<br><strong>C\u00f3digo similar: Wega: <\/strong>WFC-538, WFC-938 | <strong>Hengst: <\/strong>E120H | <strong>Japanparts: <\/strong>FAT041 | <strong>Mann: <\/strong>H2019KIT | <strong>Tecfil:<\/strong> FCA1555<br><strong>Aplica\u00e7\u00f5es: Audi:<\/strong> A3 \u2013 1.6 \/ 1.8, A4 \u2013 1.8 \/ 2.0 \/ 2.4 | <strong>Volkswagen: <\/strong>Bora \u2013 2.0, Golf \u2013 1.8 \/ 2.0, Passat \u2013 1.8 \/ 2.8<\/p>\n","protected":false},"excerpt":{"rendered":"<p>C\u00e2mbio: 01M, AG4C\u00f3digo original: Volkswagen: 01M32542, 01N321371C\u00f3digo similar: Wega: WFC-538, WFC-938 | Hengst: E120H | Japanparts: FAT041 | Mann: H2019KIT | Tecfil: FCA1555Aplica\u00e7\u00f5es: Audi: A3 \u2013 1.6 \/ 1.8, A4 \u2013 1.8 \/ 2.0 \/ 2.4 | Volkswagen: Bora \u2013 2.0, Golf \u2013 1.8 \/ 2.0, Passat \u2013 1.8 \/ 2.8<\/p>\n","protected":false},"author":1,"featured_media":2741,"parent":2354,"menu_order":0,"comment_status":"closed","ping_status":"closed","template":"","meta":{"footnotes":""},"_links":{"self":[{"href":"https:\/\/www.motorfix.com.br\/index.php?rest_route=\/wp\/v2\/pages\/2740"}],"collection":[{"href":"https:\/\/www.motorfix.com.br\/index.php?rest_route=\/wp\/v2\/pages"}],"about":[{"href":"https:\/\/www.motorfix.com.br\/index.php?rest_route=\/wp\/v2\/types\/page"}],"author":[{"embeddable":true,"href":"https:\/\/www.motorfix.com.br\/index.php?rest_route=\/wp\/v2\/users\/1"}],"replies":[{"embeddable":true,"href":"https:\/\/www.motorfix.com.br\/index.php?rest_route=%2Fwp%2Fv2%2Fcomments&post=2740"}],"version-history":[{"count":2,"href":"https:\/\/www.motorfix.com.br\/index.php?rest_route=\/wp\/v2\/pages\/2740\/revisions"}],"predecessor-version":[{"id":3493,"href":"https:\/\/www.motorfix.com.br\/index.php?rest_route=\/wp\/v2\/pages\/2740\/revisions\/3493"}],"up":[{"embeddable":true,"href":"https:\/\/www.motorfix.com.br\/index.php?rest_route=\/wp\/v2\/pages\/2354"}],"wp:featuredmedia":[{"embeddable":true,"href":"https:\/\/www.motorfix.com.br\/index.php?rest_route=\/wp\/v2\/media\/2741"}],"wp:attachment":[{"href":"https:\/\/www.motorfix.com.br\/index.php?rest_route=%2Fwp%2Fv2%2Fmedia&parent=2740"}],"curies":[{"name":"wp","href":"https:\/\/api.w.org\/{rel}","templated":true}]}}