{"id":2818,"date":"2023-05-09T16:33:37","date_gmt":"2023-05-09T19:33:37","guid":{"rendered":"https:\/\/www.motorfix.com.br\/?page_id=2818"},"modified":"2025-08-15T16:42:03","modified_gmt":"2025-08-15T19:42:03","slug":"formula-gdi-5w30","status":"publish","type":"page","link":"https:\/\/www.motorfix.com.br\/?page_id=2818","title":{"rendered":"FORMULA GDI 5W30"},"content":{"rendered":"\n<figure class=\"wp-block-image size-large\"><img loading=\"lazy\" decoding=\"async\" width=\"1024\" height=\"1024\" src=\"https:\/\/www.motorfix.com.br\/wp-content\/uploads\/2023\/05\/FORMULA-GDI-5W30-1024x1024.webp\" alt=\"\" class=\"wp-image-2819\" srcset=\"https:\/\/www.motorfix.com.br\/wp-content\/uploads\/2023\/05\/FORMULA-GDI-5W30-1024x1024.webp 1024w, https:\/\/www.motorfix.com.br\/wp-content\/uploads\/2023\/05\/FORMULA-GDI-5W30-300x300.webp 300w, https:\/\/www.motorfix.com.br\/wp-content\/uploads\/2023\/05\/FORMULA-GDI-5W30-150x150.webp 150w, https:\/\/www.motorfix.com.br\/wp-content\/uploads\/2023\/05\/FORMULA-GDI-5W30-768x768.webp 768w, https:\/\/www.motorfix.com.br\/wp-content\/uploads\/2023\/05\/FORMULA-GDI-5W30.webp 1080w, https:\/\/www.motorfix.com.br\/wp-content\/uploads\/2023\/05\/FORMULA-GDI-5W30-125x125.webp 125w\" sizes=\"(max-width: 1024px) 100vw, 1024px\" \/><\/figure>\n\n\n\n<p>\u00d3leo multiviscoso totalmente sint\u00e9tico de alta tecnologia para motores a gasolina, etanol, flex e GNV. Especialmente desenvolvido para proteger motores de inje\u00e7\u00e3o direta a gasolina de alta compress\u00e3o entregando estabilidade oxidativa superior, controle de dep\u00f3sito, prote\u00e7\u00e3o de lodo e verniz, mitiga\u00e7\u00e3o de pr\u00e9-igni\u00e7\u00e3o de baixa velocidade (LSPI) e prote\u00e7\u00e3o contra desgaste do motor e da corrente de sincroniza\u00e7\u00e3o, melhorando a limpeza do pist\u00e3o e a economia de combust\u00edvel.<\/p>\n\n\n\n<p>Atende as categorias API SP; API SN Plus, API SN; ILSAC GF-6A (SAE 5W30 E SAE 10W30), CHRYSLER MS-6395 (SAE 5W30 E SAE 10W30), FORD WSS-M2C961-A (SAE 5W30)<\/p>\n\n\n\n<p>Dispon\u00edvel nas embalagens de 1L, 4L, 60L e 200L.<\/p>\n","protected":false},"excerpt":{"rendered":"<p>\u00d3leo multiviscoso totalmente sint\u00e9tico de alta tecnologia para motores a gasolina, etanol, flex e GNV. Especialmente desenvolvido para proteger motores de inje\u00e7\u00e3o direta a gasolina de alta compress\u00e3o entregando estabilidade oxidativa superior, controle de dep\u00f3sito, prote\u00e7\u00e3o de lodo e verniz, mitiga\u00e7\u00e3o de pr\u00e9-igni\u00e7\u00e3o de baixa velocidade (LSPI) e prote\u00e7\u00e3o contra desgaste do motor e da&#8230;<\/p>\n","protected":false},"author":1,"featured_media":2820,"parent":187,"menu_order":0,"comment_status":"closed","ping_status":"closed","template":"","meta":{"footnotes":""},"_links":{"self":[{"href":"https:\/\/www.motorfix.com.br\/index.php?rest_route=\/wp\/v2\/pages\/2818"}],"collection":[{"href":"https:\/\/www.motorfix.com.br\/index.php?rest_route=\/wp\/v2\/pages"}],"about":[{"href":"https:\/\/www.motorfix.com.br\/index.php?rest_route=\/wp\/v2\/types\/page"}],"author":[{"embeddable":true,"href":"https:\/\/www.motorfix.com.br\/index.php?rest_route=\/wp\/v2\/users\/1"}],"replies":[{"embeddable":true,"href":"https:\/\/www.motorfix.com.br\/index.php?rest_route=%2Fwp%2Fv2%2Fcomments&post=2818"}],"version-history":[{"count":6,"href":"https:\/\/www.motorfix.com.br\/index.php?rest_route=\/wp\/v2\/pages\/2818\/revisions"}],"predecessor-version":[{"id":5203,"href":"https:\/\/www.motorfix.com.br\/index.php?rest_route=\/wp\/v2\/pages\/2818\/revisions\/5203"}],"up":[{"embeddable":true,"href":"https:\/\/www.motorfix.com.br\/index.php?rest_route=\/wp\/v2\/pages\/187"}],"wp:featuredmedia":[{"embeddable":true,"href":"https:\/\/www.motorfix.com.br\/index.php?rest_route=\/wp\/v2\/media\/2820"}],"wp:attachment":[{"href":"https:\/\/www.motorfix.com.br\/index.php?rest_route=%2Fwp%2Fv2%2Fmedia&parent=2818"}],"curies":[{"name":"wp","href":"https:\/\/api.w.org\/{rel}","templated":true}]}}