{"id":2865,"date":"2023-05-16T15:04:26","date_gmt":"2023-05-16T18:04:26","guid":{"rendered":"https:\/\/www.motorfix.com.br\/?page_id=2865"},"modified":"2025-10-28T15:39:08","modified_gmt":"2025-10-28T18:39:08","slug":"lithium-gard-ep-2","status":"publish","type":"page","link":"https:\/\/www.motorfix.com.br\/?page_id=2865","title":{"rendered":"LITHIUM GARD EP"},"content":{"rendered":"\n<figure class=\"wp-block-image size-large\"><img loading=\"lazy\" decoding=\"async\" width=\"1024\" height=\"1024\" src=\"https:\/\/www.motorfix.com.br\/wp-content\/uploads\/2023\/05\/Lithium-gard-EP-1024x1024.webp\" alt=\"\" class=\"wp-image-2866\" srcset=\"https:\/\/www.motorfix.com.br\/wp-content\/uploads\/2023\/05\/Lithium-gard-EP-1024x1024.webp 1024w, https:\/\/www.motorfix.com.br\/wp-content\/uploads\/2023\/05\/Lithium-gard-EP-300x300.webp 300w, https:\/\/www.motorfix.com.br\/wp-content\/uploads\/2023\/05\/Lithium-gard-EP-150x150.webp 150w, https:\/\/www.motorfix.com.br\/wp-content\/uploads\/2023\/05\/Lithium-gard-EP-768x768.webp 768w, https:\/\/www.motorfix.com.br\/wp-content\/uploads\/2023\/05\/Lithium-gard-EP.webp 1080w, https:\/\/www.motorfix.com.br\/wp-content\/uploads\/2023\/05\/Lithium-gard-EP-125x125.webp 125w\" sizes=\"(max-width: 1024px) 100vw, 1024px\" \/><\/figure>\n\n\n\n<p>Graxa lubrificante \u00e0 base de sab\u00e3o de l\u00edtio com elevada estabilidade mec\u00e2nica para servi\u00e7os severos. \u00c9 formulada com uma mistura balanceada de \u00f3leos paraf\u00ednicos e naft\u00eanicos, que lhe confere grande estabilidade ao trabalho mec\u00e2nico e ao cisalhamento. Sua aditiva\u00e7\u00e3o lhe confere ainda caracter\u00edsticas anticorrosivas, extrema press\u00e3o e resist\u00eancia \u00e0 lavagem por \u00e1gua e \u00e0 oxida\u00e7\u00e3o. Pode ser utilizada na faixa de temperaturas de opera\u00e7\u00e3o entre -20 e 130\u00b0C, em opera\u00e7\u00f5es cont\u00ednuas, e em picos de temperatura de at\u00e9 150\u00b0C.<\/p>\n\n\n\n<p>NLGI 2 &#8211; Cor castanho<br>Ponto de gota, C\u00ba: 198<\/p>\n\n\n\n<p>Dispon\u00edvel em embalagens de 1kg, 10kg, 20kg e 170kg.<\/p>\n","protected":false},"excerpt":{"rendered":"<p>Graxa lubrificante \u00e0 base de sab\u00e3o de l\u00edtio com elevada estabilidade mec\u00e2nica para servi\u00e7os severos. \u00c9 formulada com uma mistura balanceada de \u00f3leos paraf\u00ednicos e naft\u00eanicos, que lhe confere grande estabilidade ao trabalho mec\u00e2nico e ao cisalhamento. Sua aditiva\u00e7\u00e3o lhe confere ainda caracter\u00edsticas anticorrosivas, extrema press\u00e3o e resist\u00eancia \u00e0 lavagem por \u00e1gua e \u00e0 oxida\u00e7\u00e3o&#8230;.<\/p>\n","protected":false},"author":1,"featured_media":2867,"parent":202,"menu_order":0,"comment_status":"closed","ping_status":"closed","template":"","meta":{"footnotes":""},"_links":{"self":[{"href":"https:\/\/www.motorfix.com.br\/index.php?rest_route=\/wp\/v2\/pages\/2865"}],"collection":[{"href":"https:\/\/www.motorfix.com.br\/index.php?rest_route=\/wp\/v2\/pages"}],"about":[{"href":"https:\/\/www.motorfix.com.br\/index.php?rest_route=\/wp\/v2\/types\/page"}],"author":[{"embeddable":true,"href":"https:\/\/www.motorfix.com.br\/index.php?rest_route=\/wp\/v2\/users\/1"}],"replies":[{"embeddable":true,"href":"https:\/\/www.motorfix.com.br\/index.php?rest_route=%2Fwp%2Fv2%2Fcomments&post=2865"}],"version-history":[{"count":5,"href":"https:\/\/www.motorfix.com.br\/index.php?rest_route=\/wp\/v2\/pages\/2865\/revisions"}],"predecessor-version":[{"id":5262,"href":"https:\/\/www.motorfix.com.br\/index.php?rest_route=\/wp\/v2\/pages\/2865\/revisions\/5262"}],"up":[{"embeddable":true,"href":"https:\/\/www.motorfix.com.br\/index.php?rest_route=\/wp\/v2\/pages\/202"}],"wp:featuredmedia":[{"embeddable":true,"href":"https:\/\/www.motorfix.com.br\/index.php?rest_route=\/wp\/v2\/media\/2867"}],"wp:attachment":[{"href":"https:\/\/www.motorfix.com.br\/index.php?rest_route=%2Fwp%2Fv2%2Fmedia&parent=2865"}],"curies":[{"name":"wp","href":"https:\/\/api.w.org\/{rel}","templated":true}]}}