{"id":2874,"date":"2023-05-16T15:05:45","date_gmt":"2023-05-16T18:05:45","guid":{"rendered":"https:\/\/www.motorfix.com.br\/?page_id=2874"},"modified":"2025-10-28T15:39:27","modified_gmt":"2025-10-28T18:39:27","slug":"motorfix-lithium-gard-mp","status":"publish","type":"page","link":"https:\/\/www.motorfix.com.br\/?page_id=2874","title":{"rendered":"LITHIUM GARD MP"},"content":{"rendered":"\n<figure class=\"wp-block-image size-large\"><img loading=\"lazy\" decoding=\"async\" width=\"1024\" height=\"1024\" src=\"https:\/\/www.motorfix.com.br\/wp-content\/uploads\/2023\/05\/Lithium-gard-MP-1024x1024.webp\" alt=\"\" class=\"wp-image-2876\" srcset=\"https:\/\/www.motorfix.com.br\/wp-content\/uploads\/2023\/05\/Lithium-gard-MP-1024x1024.webp 1024w, https:\/\/www.motorfix.com.br\/wp-content\/uploads\/2023\/05\/Lithium-gard-MP-300x300.webp 300w, https:\/\/www.motorfix.com.br\/wp-content\/uploads\/2023\/05\/Lithium-gard-MP-150x150.webp 150w, https:\/\/www.motorfix.com.br\/wp-content\/uploads\/2023\/05\/Lithium-gard-MP-768x768.webp 768w, https:\/\/www.motorfix.com.br\/wp-content\/uploads\/2023\/05\/Lithium-gard-MP.webp 1080w, https:\/\/www.motorfix.com.br\/wp-content\/uploads\/2023\/05\/Lithium-gard-MP-125x125.webp 125w\" sizes=\"(max-width: 1024px) 100vw, 1024px\" \/><\/figure>\n\n\n\n<p>Graxa lubrificante \u00e0 base de sab\u00e3o de l\u00edtio, desenvolvida para m\u00faltiplas aplica\u00e7\u00f5es industriais. Formulada com \u00f3leos b\u00e1sicos naft\u00eanicos e paraf\u00ednicos, somados a uma combina\u00e7\u00e3o de aditivos antioxidante e anticorrosivo. Apresenta caracter\u00edsticas de resist\u00eancia \u00e0 oxida\u00e7\u00e3o e \u00e0 lavagem por \u00e1gua, podendo ser empregada em ambientes \u00famidos ou sujeitos \u00e0 contamina\u00e7\u00e3o por \u00e1gua ou vapor. Pode ser utilizada na faixa de temperatura entre -10\u00b0C e 130\u00b0C, suportando picos de at\u00e9 150\u00baC.<\/p>\n\n\n\n<p>NLGI 2 &#8211; Cor castanho<br>Ponto de gota, C\u00ba: 198<\/p>\n\n\n\n<p>Dispon\u00edvel em embalagens de 1kg, 10kg, 20kg e 170kg.<\/p>\n","protected":false},"excerpt":{"rendered":"<p>Graxa lubrificante \u00e0 base de sab\u00e3o de l\u00edtio, desenvolvida para m\u00faltiplas aplica\u00e7\u00f5es industriais. Formulada com \u00f3leos b\u00e1sicos naft\u00eanicos e paraf\u00ednicos, somados a uma combina\u00e7\u00e3o de aditivos antioxidante e anticorrosivo. Apresenta caracter\u00edsticas de resist\u00eancia \u00e0 oxida\u00e7\u00e3o e \u00e0 lavagem por \u00e1gua, podendo ser empregada em ambientes \u00famidos ou sujeitos \u00e0 contamina\u00e7\u00e3o por \u00e1gua ou vapor. Pode&#8230;<\/p>\n","protected":false},"author":1,"featured_media":2875,"parent":202,"menu_order":0,"comment_status":"closed","ping_status":"closed","template":"","meta":{"footnotes":""},"_links":{"self":[{"href":"https:\/\/www.motorfix.com.br\/index.php?rest_route=\/wp\/v2\/pages\/2874"}],"collection":[{"href":"https:\/\/www.motorfix.com.br\/index.php?rest_route=\/wp\/v2\/pages"}],"about":[{"href":"https:\/\/www.motorfix.com.br\/index.php?rest_route=\/wp\/v2\/types\/page"}],"author":[{"embeddable":true,"href":"https:\/\/www.motorfix.com.br\/index.php?rest_route=\/wp\/v2\/users\/1"}],"replies":[{"embeddable":true,"href":"https:\/\/www.motorfix.com.br\/index.php?rest_route=%2Fwp%2Fv2%2Fcomments&post=2874"}],"version-history":[{"count":7,"href":"https:\/\/www.motorfix.com.br\/index.php?rest_route=\/wp\/v2\/pages\/2874\/revisions"}],"predecessor-version":[{"id":5263,"href":"https:\/\/www.motorfix.com.br\/index.php?rest_route=\/wp\/v2\/pages\/2874\/revisions\/5263"}],"up":[{"embeddable":true,"href":"https:\/\/www.motorfix.com.br\/index.php?rest_route=\/wp\/v2\/pages\/202"}],"wp:featuredmedia":[{"embeddable":true,"href":"https:\/\/www.motorfix.com.br\/index.php?rest_route=\/wp\/v2\/media\/2875"}],"wp:attachment":[{"href":"https:\/\/www.motorfix.com.br\/index.php?rest_route=%2Fwp%2Fv2%2Fmedia&parent=2874"}],"curies":[{"name":"wp","href":"https:\/\/api.w.org\/{rel}","templated":true}]}}