{"id":2914,"date":"2023-07-12T11:26:59","date_gmt":"2023-07-12T14:26:59","guid":{"rendered":"https:\/\/www.motorfix.com.br\/?page_id=2914"},"modified":"2023-07-12T11:26:59","modified_gmt":"2023-07-12T14:26:59","slug":"acm250","status":"publish","type":"page","link":"https:\/\/www.motorfix.com.br\/?page_id=2914","title":{"rendered":"ACM250"},"content":{"rendered":"\n<figure class=\"wp-block-gallery has-nested-images columns-default is-cropped wp-block-gallery-1 is-layout-flex wp-block-gallery-is-layout-flex\">\n<figure class=\"wp-block-image size-large\"><img loading=\"lazy\" decoding=\"async\" width=\"1024\" height=\"1024\" data-id=\"2915\" src=\"https:\/\/www.motorfix.com.br\/wp-content\/uploads\/2023\/07\/ACM250-3-1024x1024.webp\" alt=\"\" class=\"wp-image-2915\" srcset=\"https:\/\/www.motorfix.com.br\/wp-content\/uploads\/2023\/07\/ACM250-3-1024x1024.webp 1024w, https:\/\/www.motorfix.com.br\/wp-content\/uploads\/2023\/07\/ACM250-3-300x300.webp 300w, https:\/\/www.motorfix.com.br\/wp-content\/uploads\/2023\/07\/ACM250-3-150x150.webp 150w, https:\/\/www.motorfix.com.br\/wp-content\/uploads\/2023\/07\/ACM250-3-768x768.webp 768w, https:\/\/www.motorfix.com.br\/wp-content\/uploads\/2023\/07\/ACM250-3.webp 1080w, https:\/\/www.motorfix.com.br\/wp-content\/uploads\/2023\/07\/ACM250-3-125x125.webp 125w\" sizes=\"(max-width: 1024px) 100vw, 1024px\" \/><\/figure>\n\n\n\n<figure class=\"wp-block-image size-large\"><img loading=\"lazy\" decoding=\"async\" width=\"1024\" height=\"1024\" data-id=\"2917\" src=\"https:\/\/www.motorfix.com.br\/wp-content\/uploads\/2023\/07\/ACM250-1024x1024.webp\" alt=\"\" class=\"wp-image-2917\" srcset=\"https:\/\/www.motorfix.com.br\/wp-content\/uploads\/2023\/07\/ACM250-1024x1024.webp 1024w, https:\/\/www.motorfix.com.br\/wp-content\/uploads\/2023\/07\/ACM250-300x300.webp 300w, https:\/\/www.motorfix.com.br\/wp-content\/uploads\/2023\/07\/ACM250-150x150.webp 150w, https:\/\/www.motorfix.com.br\/wp-content\/uploads\/2023\/07\/ACM250-768x768.webp 768w, https:\/\/www.motorfix.com.br\/wp-content\/uploads\/2023\/07\/ACM250.webp 1080w, https:\/\/www.motorfix.com.br\/wp-content\/uploads\/2023\/07\/ACM250-125x125.webp 125w\" sizes=\"(max-width: 1024px) 100vw, 1024px\" \/><\/figure>\n\n\n\n<figure class=\"wp-block-image size-large\"><img loading=\"lazy\" decoding=\"async\" width=\"1024\" height=\"1024\" data-id=\"2916\" src=\"https:\/\/www.motorfix.com.br\/wp-content\/uploads\/2023\/07\/ACM250-2-1024x1024.webp\" alt=\"\" class=\"wp-image-2916\" srcset=\"https:\/\/www.motorfix.com.br\/wp-content\/uploads\/2023\/07\/ACM250-2-1024x1024.webp 1024w, https:\/\/www.motorfix.com.br\/wp-content\/uploads\/2023\/07\/ACM250-2-300x300.webp 300w, https:\/\/www.motorfix.com.br\/wp-content\/uploads\/2023\/07\/ACM250-2-150x150.webp 150w, https:\/\/www.motorfix.com.br\/wp-content\/uploads\/2023\/07\/ACM250-2-768x768.webp 768w, https:\/\/www.motorfix.com.br\/wp-content\/uploads\/2023\/07\/ACM250-2.webp 1080w, https:\/\/www.motorfix.com.br\/wp-content\/uploads\/2023\/07\/ACM250-2-125x125.webp 125w\" sizes=\"(max-width: 1024px) 100vw, 1024px\" \/><\/figure>\n<\/figure>\n\n\n\n<p><strong>C\u00f3digo original: <\/strong>971332E200 971332E210<\/p>\n\n\n\n<p><strong>C\u00f3digo similar:<\/strong> Tecfil: ACP972 | Mann: CF10150 | Mahle: LA301 | Wega: AKX1984 | Filtros Brasil: FB250<\/p>\n\n\n\n<p><strong>Algumas aplica\u00e7\u00f5es: <\/strong>KIA: Sportage (04>10) \/Sportage (2017)\/Sorento (2011>2015)\/ Carens (06>)\/ Cerato (10>13\/ Magentis (04>09) \/ Mohave 2009> Hyundai \u2013 Tucson 2.0 V4 (05>) \/ IX 35 (10>) \/ Veloster (11>)<\/p>\n","protected":false},"excerpt":{"rendered":"<p>C\u00f3digo original: 971332E200 971332E210 C\u00f3digo similar: Tecfil: ACP972 | Mann: CF10150 | Mahle: LA301 | Wega: AKX1984 | Filtros Brasil: FB250 Algumas aplica\u00e7\u00f5es: KIA: Sportage (04>10) \/Sportage (2017)\/Sorento (2011>2015)\/ Carens (06>)\/ Cerato (10>13\/ Magentis (04>09) \/ Mohave 2009> Hyundai \u2013 Tucson 2.0 V4 (05>) \/ IX 35 (10>) \/ Veloster (11>)<\/p>\n","protected":false},"author":1,"featured_media":2918,"parent":2910,"menu_order":0,"comment_status":"closed","ping_status":"closed","template":"","meta":{"footnotes":""},"_links":{"self":[{"href":"https:\/\/www.motorfix.com.br\/index.php?rest_route=\/wp\/v2\/pages\/2914"}],"collection":[{"href":"https:\/\/www.motorfix.com.br\/index.php?rest_route=\/wp\/v2\/pages"}],"about":[{"href":"https:\/\/www.motorfix.com.br\/index.php?rest_route=\/wp\/v2\/types\/page"}],"author":[{"embeddable":true,"href":"https:\/\/www.motorfix.com.br\/index.php?rest_route=\/wp\/v2\/users\/1"}],"replies":[{"embeddable":true,"href":"https:\/\/www.motorfix.com.br\/index.php?rest_route=%2Fwp%2Fv2%2Fcomments&post=2914"}],"version-history":[{"count":1,"href":"https:\/\/www.motorfix.com.br\/index.php?rest_route=\/wp\/v2\/pages\/2914\/revisions"}],"predecessor-version":[{"id":2919,"href":"https:\/\/www.motorfix.com.br\/index.php?rest_route=\/wp\/v2\/pages\/2914\/revisions\/2919"}],"up":[{"embeddable":true,"href":"https:\/\/www.motorfix.com.br\/index.php?rest_route=\/wp\/v2\/pages\/2910"}],"wp:featuredmedia":[{"embeddable":true,"href":"https:\/\/www.motorfix.com.br\/index.php?rest_route=\/wp\/v2\/media\/2918"}],"wp:attachment":[{"href":"https:\/\/www.motorfix.com.br\/index.php?rest_route=%2Fwp%2Fv2%2Fmedia&parent=2914"}],"curies":[{"name":"wp","href":"https:\/\/api.w.org\/{rel}","templated":true}]}}