{"id":2956,"date":"2023-07-12T11:36:17","date_gmt":"2023-07-12T14:36:17","guid":{"rendered":"https:\/\/www.motorfix.com.br\/?page_id=2956"},"modified":"2023-07-12T11:36:17","modified_gmt":"2023-07-12T14:36:17","slug":"acm1175","status":"publish","type":"page","link":"https:\/\/www.motorfix.com.br\/?page_id=2956","title":{"rendered":"ACM1175"},"content":{"rendered":"\n<figure class=\"wp-block-gallery has-nested-images columns-default is-cropped wp-block-gallery-1 is-layout-flex wp-block-gallery-is-layout-flex\">\n<figure class=\"wp-block-image size-large\"><img loading=\"lazy\" decoding=\"async\" width=\"1024\" height=\"1024\" data-id=\"2958\" src=\"https:\/\/www.motorfix.com.br\/wp-content\/uploads\/2023\/07\/ACM1175-1024x1024.webp\" alt=\"\" class=\"wp-image-2958\" srcset=\"https:\/\/www.motorfix.com.br\/wp-content\/uploads\/2023\/07\/ACM1175-1024x1024.webp 1024w, https:\/\/www.motorfix.com.br\/wp-content\/uploads\/2023\/07\/ACM1175-300x300.webp 300w, https:\/\/www.motorfix.com.br\/wp-content\/uploads\/2023\/07\/ACM1175-150x150.webp 150w, https:\/\/www.motorfix.com.br\/wp-content\/uploads\/2023\/07\/ACM1175-768x768.webp 768w, https:\/\/www.motorfix.com.br\/wp-content\/uploads\/2023\/07\/ACM1175.webp 1080w, https:\/\/www.motorfix.com.br\/wp-content\/uploads\/2023\/07\/ACM1175-125x125.webp 125w\" sizes=\"(max-width: 1024px) 100vw, 1024px\" \/><\/figure>\n\n\n\n<figure class=\"wp-block-image size-large\"><img loading=\"lazy\" decoding=\"async\" width=\"1024\" height=\"1024\" data-id=\"2959\" src=\"https:\/\/www.motorfix.com.br\/wp-content\/uploads\/2023\/07\/ACM1175-2-1024x1024.webp\" alt=\"\" class=\"wp-image-2959\" srcset=\"https:\/\/www.motorfix.com.br\/wp-content\/uploads\/2023\/07\/ACM1175-2-1024x1024.webp 1024w, https:\/\/www.motorfix.com.br\/wp-content\/uploads\/2023\/07\/ACM1175-2-300x300.webp 300w, https:\/\/www.motorfix.com.br\/wp-content\/uploads\/2023\/07\/ACM1175-2-150x150.webp 150w, https:\/\/www.motorfix.com.br\/wp-content\/uploads\/2023\/07\/ACM1175-2-768x768.webp 768w, https:\/\/www.motorfix.com.br\/wp-content\/uploads\/2023\/07\/ACM1175-2.webp 1080w, https:\/\/www.motorfix.com.br\/wp-content\/uploads\/2023\/07\/ACM1175-2-125x125.webp 125w\" sizes=\"(max-width: 1024px) 100vw, 1024px\" \/><\/figure>\n\n\n\n<figure class=\"wp-block-image size-large\"><img loading=\"lazy\" decoding=\"async\" width=\"1024\" height=\"1024\" data-id=\"2960\" src=\"https:\/\/www.motorfix.com.br\/wp-content\/uploads\/2023\/07\/ACM1175-3-1024x1024.webp\" alt=\"\" class=\"wp-image-2960\" srcset=\"https:\/\/www.motorfix.com.br\/wp-content\/uploads\/2023\/07\/ACM1175-3-1024x1024.webp 1024w, https:\/\/www.motorfix.com.br\/wp-content\/uploads\/2023\/07\/ACM1175-3-300x300.webp 300w, https:\/\/www.motorfix.com.br\/wp-content\/uploads\/2023\/07\/ACM1175-3-150x150.webp 150w, https:\/\/www.motorfix.com.br\/wp-content\/uploads\/2023\/07\/ACM1175-3-768x768.webp 768w, https:\/\/www.motorfix.com.br\/wp-content\/uploads\/2023\/07\/ACM1175-3.webp 1080w, https:\/\/www.motorfix.com.br\/wp-content\/uploads\/2023\/07\/ACM1175-3-125x125.webp 125w\" sizes=\"(max-width: 1024px) 100vw, 1024px\" \/><\/figure>\n<\/figure>\n\n\n\n<p><strong>C\u00f3digo original<\/strong>: A22102100 \/ 51979427<\/p>\n\n\n\n<p><strong>C\u00f3digo similar<\/strong>: Tecfil: ACP907 | Mann: CF11662 | Mahle: LA1255 | Filtros Brasil: FB1175<\/p>\n\n\n\n<p><strong>Algumas aplica\u00e7\u00f5es<\/strong>: Jeep: Renegade 1.8 Flex de 132 e 130 CV\/2.0 Turbo Diesel de 170 CV (2015>) Fiat: Toro 1.8 Flex\/2.0 Turbo Diesel (2016>)<\/p>\n","protected":false},"excerpt":{"rendered":"<p>C\u00f3digo original: A22102100 \/ 51979427 C\u00f3digo similar: Tecfil: ACP907 | Mann: CF11662 | Mahle: LA1255 | Filtros Brasil: FB1175 Algumas aplica\u00e7\u00f5es: Jeep: Renegade 1.8 Flex de 132 e 130 CV\/2.0 Turbo Diesel de 170 CV (2015>) Fiat: Toro 1.8 Flex\/2.0 Turbo Diesel (2016>)<\/p>\n","protected":false},"author":1,"featured_media":2957,"parent":2910,"menu_order":0,"comment_status":"closed","ping_status":"closed","template":"","meta":{"footnotes":""},"_links":{"self":[{"href":"https:\/\/www.motorfix.com.br\/index.php?rest_route=\/wp\/v2\/pages\/2956"}],"collection":[{"href":"https:\/\/www.motorfix.com.br\/index.php?rest_route=\/wp\/v2\/pages"}],"about":[{"href":"https:\/\/www.motorfix.com.br\/index.php?rest_route=\/wp\/v2\/types\/page"}],"author":[{"embeddable":true,"href":"https:\/\/www.motorfix.com.br\/index.php?rest_route=\/wp\/v2\/users\/1"}],"replies":[{"embeddable":true,"href":"https:\/\/www.motorfix.com.br\/index.php?rest_route=%2Fwp%2Fv2%2Fcomments&post=2956"}],"version-history":[{"count":1,"href":"https:\/\/www.motorfix.com.br\/index.php?rest_route=\/wp\/v2\/pages\/2956\/revisions"}],"predecessor-version":[{"id":2961,"href":"https:\/\/www.motorfix.com.br\/index.php?rest_route=\/wp\/v2\/pages\/2956\/revisions\/2961"}],"up":[{"embeddable":true,"href":"https:\/\/www.motorfix.com.br\/index.php?rest_route=\/wp\/v2\/pages\/2910"}],"wp:featuredmedia":[{"embeddable":true,"href":"https:\/\/www.motorfix.com.br\/index.php?rest_route=\/wp\/v2\/media\/2957"}],"wp:attachment":[{"href":"https:\/\/www.motorfix.com.br\/index.php?rest_route=%2Fwp%2Fv2%2Fmedia&parent=2956"}],"curies":[{"name":"wp","href":"https:\/\/api.w.org\/{rel}","templated":true}]}}