{"id":3033,"date":"2023-10-03T15:43:15","date_gmt":"2023-10-03T18:43:15","guid":{"rendered":"https:\/\/www.motorfix.com.br\/?page_id=3033"},"modified":"2023-10-24T09:56:04","modified_gmt":"2023-10-24T12:56:04","slug":"alm5534","status":"publish","type":"page","link":"https:\/\/www.motorfix.com.br\/?page_id=3033","title":{"rendered":"ALM5534"},"content":{"rendered":"\n<figure class=\"wp-block-gallery has-nested-images columns-default is-cropped wp-block-gallery-1 is-layout-flex wp-block-gallery-is-layout-flex\">\n<figure class=\"wp-block-image size-large\"><img loading=\"lazy\" decoding=\"async\" width=\"1000\" height=\"1000\" data-id=\"3035\" src=\"https:\/\/www.motorfix.com.br\/wp-content\/uploads\/2023\/10\/ALM5534-2-1000x1000.webp\" alt=\"\" class=\"wp-image-3035\" srcset=\"https:\/\/www.motorfix.com.br\/wp-content\/uploads\/2023\/10\/ALM5534-2.webp 1000w, https:\/\/www.motorfix.com.br\/wp-content\/uploads\/2023\/10\/ALM5534-2-300x300.webp 300w, https:\/\/www.motorfix.com.br\/wp-content\/uploads\/2023\/10\/ALM5534-2-150x150.webp 150w, https:\/\/www.motorfix.com.br\/wp-content\/uploads\/2023\/10\/ALM5534-2-768x768.webp 768w, https:\/\/www.motorfix.com.br\/wp-content\/uploads\/2023\/10\/ALM5534-2-125x125.webp 125w\" sizes=\"(max-width: 1000px) 100vw, 1000px\" \/><\/figure>\n\n\n\n<figure class=\"wp-block-image size-large\"><img loading=\"lazy\" decoding=\"async\" width=\"1000\" height=\"1000\" data-id=\"3036\" src=\"https:\/\/www.motorfix.com.br\/wp-content\/uploads\/2023\/10\/ALM5534-1000x1000.webp\" alt=\"\" class=\"wp-image-3036\" srcset=\"https:\/\/www.motorfix.com.br\/wp-content\/uploads\/2023\/10\/ALM5534.webp 1000w, https:\/\/www.motorfix.com.br\/wp-content\/uploads\/2023\/10\/ALM5534-300x300.webp 300w, https:\/\/www.motorfix.com.br\/wp-content\/uploads\/2023\/10\/ALM5534-150x150.webp 150w, https:\/\/www.motorfix.com.br\/wp-content\/uploads\/2023\/10\/ALM5534-768x768.webp 768w, https:\/\/www.motorfix.com.br\/wp-content\/uploads\/2023\/10\/ALM5534-125x125.webp 125w\" sizes=\"(max-width: 1000px) 100vw, 1000px\" \/><\/figure>\n<\/figure>\n\n\n\n<p><strong>C\u00f3digo original:<\/strong>&nbsp;HYUNDAI: 281132H000<\/p>\n\n\n\n<p><strong>C\u00f3digo similar:<\/strong>&nbsp;ARL2334, JFA-0K21, C2029, LX3505<\/p>\n\n\n\n<p><strong>ALGUMAS APLICA\u00c7\u00d5ES:<\/strong>&nbsp;HYUNDAI: i30 2.0 16V DE 2009&gt; ;CERATO 2.0 2011 e I30 2.0 2009&gt; N\u00b0 ORIGINAL:&nbsp; 28113-2H000&nbsp;<\/p>\n","protected":false},"excerpt":{"rendered":"<p>C\u00f3digo original:&nbsp;HYUNDAI: 281132H000 C\u00f3digo similar:&nbsp;ARL2334, JFA-0K21, C2029, LX3505 ALGUMAS APLICA\u00c7\u00d5ES:&nbsp;HYUNDAI: i30 2.0 16V DE 2009&gt; ;CERATO 2.0 2011 e I30 2.0 2009&gt; N\u00b0 ORIGINAL:&nbsp; 28113-2H000&nbsp;<\/p>\n","protected":false},"author":1,"featured_media":3034,"parent":2994,"menu_order":0,"comment_status":"closed","ping_status":"closed","template":"","meta":{"footnotes":""},"_links":{"self":[{"href":"https:\/\/www.motorfix.com.br\/index.php?rest_route=\/wp\/v2\/pages\/3033"}],"collection":[{"href":"https:\/\/www.motorfix.com.br\/index.php?rest_route=\/wp\/v2\/pages"}],"about":[{"href":"https:\/\/www.motorfix.com.br\/index.php?rest_route=\/wp\/v2\/types\/page"}],"author":[{"embeddable":true,"href":"https:\/\/www.motorfix.com.br\/index.php?rest_route=\/wp\/v2\/users\/1"}],"replies":[{"embeddable":true,"href":"https:\/\/www.motorfix.com.br\/index.php?rest_route=%2Fwp%2Fv2%2Fcomments&post=3033"}],"version-history":[{"count":2,"href":"https:\/\/www.motorfix.com.br\/index.php?rest_route=\/wp\/v2\/pages\/3033\/revisions"}],"predecessor-version":[{"id":3346,"href":"https:\/\/www.motorfix.com.br\/index.php?rest_route=\/wp\/v2\/pages\/3033\/revisions\/3346"}],"up":[{"embeddable":true,"href":"https:\/\/www.motorfix.com.br\/index.php?rest_route=\/wp\/v2\/pages\/2994"}],"wp:featuredmedia":[{"embeddable":true,"href":"https:\/\/www.motorfix.com.br\/index.php?rest_route=\/wp\/v2\/media\/3034"}],"wp:attachment":[{"href":"https:\/\/www.motorfix.com.br\/index.php?rest_route=%2Fwp%2Fv2%2Fmedia&parent=3033"}],"curies":[{"name":"wp","href":"https:\/\/api.w.org\/{rel}","templated":true}]}}