{"id":3125,"date":"2023-10-03T16:12:17","date_gmt":"2023-10-03T19:12:17","guid":{"rendered":"https:\/\/www.motorfix.com.br\/?page_id=3125"},"modified":"2023-10-24T10:03:01","modified_gmt":"2023-10-24T13:03:01","slug":"alm5437","status":"publish","type":"page","link":"https:\/\/www.motorfix.com.br\/?page_id=3125","title":{"rendered":"ALM5437"},"content":{"rendered":"\n<figure class=\"wp-block-gallery has-nested-images columns-default is-cropped wp-block-gallery-1 is-layout-flex wp-block-gallery-is-layout-flex\">\n<figure class=\"wp-block-image size-large\"><img loading=\"lazy\" decoding=\"async\" width=\"1000\" height=\"1000\" data-id=\"3127\" src=\"https:\/\/www.motorfix.com.br\/wp-content\/uploads\/2023\/10\/ALM5437-2-1000x1000.webp\" alt=\"\" class=\"wp-image-3127\" srcset=\"https:\/\/www.motorfix.com.br\/wp-content\/uploads\/2023\/10\/ALM5437-2.webp 1000w, https:\/\/www.motorfix.com.br\/wp-content\/uploads\/2023\/10\/ALM5437-2-300x300.webp 300w, https:\/\/www.motorfix.com.br\/wp-content\/uploads\/2023\/10\/ALM5437-2-150x150.webp 150w, https:\/\/www.motorfix.com.br\/wp-content\/uploads\/2023\/10\/ALM5437-2-768x768.webp 768w, https:\/\/www.motorfix.com.br\/wp-content\/uploads\/2023\/10\/ALM5437-2-125x125.webp 125w\" sizes=\"(max-width: 1000px) 100vw, 1000px\" \/><\/figure>\n\n\n\n<figure class=\"wp-block-image size-large\"><img loading=\"lazy\" decoding=\"async\" width=\"1000\" height=\"1000\" data-id=\"3128\" src=\"https:\/\/www.motorfix.com.br\/wp-content\/uploads\/2023\/10\/ALM5437-1000x1000.webp\" alt=\"\" class=\"wp-image-3128\" srcset=\"https:\/\/www.motorfix.com.br\/wp-content\/uploads\/2023\/10\/ALM5437.webp 1000w, https:\/\/www.motorfix.com.br\/wp-content\/uploads\/2023\/10\/ALM5437-300x300.webp 300w, https:\/\/www.motorfix.com.br\/wp-content\/uploads\/2023\/10\/ALM5437-150x150.webp 150w, https:\/\/www.motorfix.com.br\/wp-content\/uploads\/2023\/10\/ALM5437-768x768.webp 768w, https:\/\/www.motorfix.com.br\/wp-content\/uploads\/2023\/10\/ALM5437-125x125.webp 125w\" sizes=\"(max-width: 1000px) 100vw, 1000px\" \/><\/figure>\n<\/figure>\n\n\n\n<p><strong>C\u00f3digo original:<\/strong>&nbsp;HONDA: 17220R1AA01<\/p>\n\n\n\n<p><strong>C\u00f3digo similar:<\/strong>&nbsp;ARL1037, JFA-0438, C24021, LX3712<\/p>\n\n\n\n<p><strong>ALGUMAS APLICA\u00c7\u00d5ES:&nbsp;<\/strong>HONDA Civic 1.8 16V Flex (EXS \/ LXS) alcool\/gasolina \u2013 autom\u00e1tico\/mec\u00e2nico 13\u2013&gt; \/Civic 2.0 Flex (EXS \/ LXR) alcool\/gasolina \u2013 autom\u00e1tico\/mec\u00e2nico 13\u2013&gt;<\/p>\n","protected":false},"excerpt":{"rendered":"<p>C\u00f3digo original:&nbsp;HONDA: 17220R1AA01 C\u00f3digo similar:&nbsp;ARL1037, JFA-0438, C24021, LX3712 ALGUMAS APLICA\u00c7\u00d5ES:&nbsp;HONDA Civic 1.8 16V Flex (EXS \/ LXS) alcool\/gasolina \u2013 autom\u00e1tico\/mec\u00e2nico 13\u2013&gt; \/Civic 2.0 Flex (EXS \/ LXR) alcool\/gasolina \u2013 autom\u00e1tico\/mec\u00e2nico 13\u2013&gt;<\/p>\n","protected":false},"author":1,"featured_media":3126,"parent":2994,"menu_order":0,"comment_status":"closed","ping_status":"closed","template":"","meta":{"footnotes":""},"_links":{"self":[{"href":"https:\/\/www.motorfix.com.br\/index.php?rest_route=\/wp\/v2\/pages\/3125"}],"collection":[{"href":"https:\/\/www.motorfix.com.br\/index.php?rest_route=\/wp\/v2\/pages"}],"about":[{"href":"https:\/\/www.motorfix.com.br\/index.php?rest_route=\/wp\/v2\/types\/page"}],"author":[{"embeddable":true,"href":"https:\/\/www.motorfix.com.br\/index.php?rest_route=\/wp\/v2\/users\/1"}],"replies":[{"embeddable":true,"href":"https:\/\/www.motorfix.com.br\/index.php?rest_route=%2Fwp%2Fv2%2Fcomments&post=3125"}],"version-history":[{"count":2,"href":"https:\/\/www.motorfix.com.br\/index.php?rest_route=\/wp\/v2\/pages\/3125\/revisions"}],"predecessor-version":[{"id":3364,"href":"https:\/\/www.motorfix.com.br\/index.php?rest_route=\/wp\/v2\/pages\/3125\/revisions\/3364"}],"up":[{"embeddable":true,"href":"https:\/\/www.motorfix.com.br\/index.php?rest_route=\/wp\/v2\/pages\/2994"}],"wp:featuredmedia":[{"embeddable":true,"href":"https:\/\/www.motorfix.com.br\/index.php?rest_route=\/wp\/v2\/media\/3126"}],"wp:attachment":[{"href":"https:\/\/www.motorfix.com.br\/index.php?rest_route=%2Fwp%2Fv2%2Fmedia&parent=3125"}],"curies":[{"name":"wp","href":"https:\/\/api.w.org\/{rel}","templated":true}]}}