{"id":3185,"date":"2023-10-07T08:08:46","date_gmt":"2023-10-07T11:08:46","guid":{"rendered":"https:\/\/www.motorfix.com.br\/?page_id=3185"},"modified":"2023-10-07T08:08:46","modified_gmt":"2023-10-07T11:08:46","slug":"acm025010","status":"publish","type":"page","link":"https:\/\/www.motorfix.com.br\/?page_id=3185","title":{"rendered":"ACM025010"},"content":{"rendered":"\n<figure class=\"wp-block-gallery has-nested-images columns-default is-cropped wp-block-gallery-1 is-layout-flex wp-block-gallery-is-layout-flex\">\n<figure class=\"wp-block-image size-large\"><img loading=\"lazy\" decoding=\"async\" width=\"1000\" height=\"1000\" data-id=\"3186\" src=\"https:\/\/www.motorfix.com.br\/wp-content\/uploads\/2023\/10\/ACM025010-2-1000x1000.webp\" alt=\"\" class=\"wp-image-3186\" srcset=\"https:\/\/www.motorfix.com.br\/wp-content\/uploads\/2023\/10\/ACM025010-2.webp 1000w, https:\/\/www.motorfix.com.br\/wp-content\/uploads\/2023\/10\/ACM025010-2-300x300.webp 300w, https:\/\/www.motorfix.com.br\/wp-content\/uploads\/2023\/10\/ACM025010-2-150x150.webp 150w, https:\/\/www.motorfix.com.br\/wp-content\/uploads\/2023\/10\/ACM025010-2-768x768.webp 768w, https:\/\/www.motorfix.com.br\/wp-content\/uploads\/2023\/10\/ACM025010-2-125x125.webp 125w\" sizes=\"(max-width: 1000px) 100vw, 1000px\" \/><\/figure>\n\n\n\n<figure class=\"wp-block-image size-large\"><img loading=\"lazy\" decoding=\"async\" width=\"1000\" height=\"1000\" data-id=\"3187\" src=\"https:\/\/www.motorfix.com.br\/wp-content\/uploads\/2023\/10\/ACM025010-3-1000x1000.webp\" alt=\"\" class=\"wp-image-3187\" srcset=\"https:\/\/www.motorfix.com.br\/wp-content\/uploads\/2023\/10\/ACM025010-3.webp 1000w, https:\/\/www.motorfix.com.br\/wp-content\/uploads\/2023\/10\/ACM025010-3-300x300.webp 300w, https:\/\/www.motorfix.com.br\/wp-content\/uploads\/2023\/10\/ACM025010-3-150x150.webp 150w, https:\/\/www.motorfix.com.br\/wp-content\/uploads\/2023\/10\/ACM025010-3-768x768.webp 768w, https:\/\/www.motorfix.com.br\/wp-content\/uploads\/2023\/10\/ACM025010-3-125x125.webp 125w\" sizes=\"(max-width: 1000px) 100vw, 1000px\" \/><\/figure>\n\n\n\n<figure class=\"wp-block-image size-large\"><img loading=\"lazy\" decoding=\"async\" width=\"1000\" height=\"1000\" data-id=\"3188\" src=\"https:\/\/www.motorfix.com.br\/wp-content\/uploads\/2023\/10\/ACM025010-1000x1000.webp\" alt=\"\" class=\"wp-image-3188\" srcset=\"https:\/\/www.motorfix.com.br\/wp-content\/uploads\/2023\/10\/ACM025010.webp 1000w, https:\/\/www.motorfix.com.br\/wp-content\/uploads\/2023\/10\/ACM025010-300x300.webp 300w, https:\/\/www.motorfix.com.br\/wp-content\/uploads\/2023\/10\/ACM025010-150x150.webp 150w, https:\/\/www.motorfix.com.br\/wp-content\/uploads\/2023\/10\/ACM025010-768x768.webp 768w, https:\/\/www.motorfix.com.br\/wp-content\/uploads\/2023\/10\/ACM025010-125x125.webp 125w\" sizes=\"(max-width: 1000px) 100vw, 1000px\" \/><\/figure>\n<\/figure>\n\n\n\n<p><strong>C\u00f3digo original:<\/strong>&nbsp;1770813<\/p>\n\n\n\n<p><strong>C\u00f3digo similar:<\/strong>&nbsp;ACP177, FB025010, AKX-4528, LA702, CU37001<\/p>\n\n\n\n<p><strong>ALGUMAS APLICA\u00c7\u00d5ES:<\/strong><\/p>\n","protected":false},"excerpt":{"rendered":"<p>C\u00f3digo original:&nbsp;1770813 C\u00f3digo similar:&nbsp;ACP177, FB025010, AKX-4528, LA702, CU37001 ALGUMAS APLICA\u00c7\u00d5ES:<\/p>\n","protected":false},"author":1,"featured_media":3189,"parent":2910,"menu_order":0,"comment_status":"closed","ping_status":"closed","template":"","meta":{"footnotes":""},"_links":{"self":[{"href":"https:\/\/www.motorfix.com.br\/index.php?rest_route=\/wp\/v2\/pages\/3185"}],"collection":[{"href":"https:\/\/www.motorfix.com.br\/index.php?rest_route=\/wp\/v2\/pages"}],"about":[{"href":"https:\/\/www.motorfix.com.br\/index.php?rest_route=\/wp\/v2\/types\/page"}],"author":[{"embeddable":true,"href":"https:\/\/www.motorfix.com.br\/index.php?rest_route=\/wp\/v2\/users\/1"}],"replies":[{"embeddable":true,"href":"https:\/\/www.motorfix.com.br\/index.php?rest_route=%2Fwp%2Fv2%2Fcomments&post=3185"}],"version-history":[{"count":1,"href":"https:\/\/www.motorfix.com.br\/index.php?rest_route=\/wp\/v2\/pages\/3185\/revisions"}],"predecessor-version":[{"id":3190,"href":"https:\/\/www.motorfix.com.br\/index.php?rest_route=\/wp\/v2\/pages\/3185\/revisions\/3190"}],"up":[{"embeddable":true,"href":"https:\/\/www.motorfix.com.br\/index.php?rest_route=\/wp\/v2\/pages\/2910"}],"wp:featuredmedia":[{"embeddable":true,"href":"https:\/\/www.motorfix.com.br\/index.php?rest_route=\/wp\/v2\/media\/3189"}],"wp:attachment":[{"href":"https:\/\/www.motorfix.com.br\/index.php?rest_route=%2Fwp%2Fv2%2Fmedia&parent=3185"}],"curies":[{"name":"wp","href":"https:\/\/api.w.org\/{rel}","templated":true}]}}