{"id":3229,"date":"2023-10-07T08:14:51","date_gmt":"2023-10-07T11:14:51","guid":{"rendered":"https:\/\/www.motorfix.com.br\/?page_id=3229"},"modified":"2023-10-07T08:14:51","modified_gmt":"2023-10-07T11:14:51","slug":"acm1112","status":"publish","type":"page","link":"https:\/\/www.motorfix.com.br\/?page_id=3229","title":{"rendered":"ACM1112"},"content":{"rendered":"\n<figure class=\"wp-block-gallery has-nested-images columns-default is-cropped wp-block-gallery-1 is-layout-flex wp-block-gallery-is-layout-flex\">\n<figure class=\"wp-block-image size-large\"><img loading=\"lazy\" decoding=\"async\" width=\"1000\" height=\"1000\" data-id=\"3231\" src=\"https:\/\/www.motorfix.com.br\/wp-content\/uploads\/2023\/10\/ACM1112-2-1000x1000.webp\" alt=\"\" class=\"wp-image-3231\" srcset=\"https:\/\/www.motorfix.com.br\/wp-content\/uploads\/2023\/10\/ACM1112-2.webp 1000w, https:\/\/www.motorfix.com.br\/wp-content\/uploads\/2023\/10\/ACM1112-2-300x300.webp 300w, https:\/\/www.motorfix.com.br\/wp-content\/uploads\/2023\/10\/ACM1112-2-150x150.webp 150w, https:\/\/www.motorfix.com.br\/wp-content\/uploads\/2023\/10\/ACM1112-2-768x768.webp 768w, https:\/\/www.motorfix.com.br\/wp-content\/uploads\/2023\/10\/ACM1112-2-125x125.webp 125w\" sizes=\"(max-width: 1000px) 100vw, 1000px\" \/><\/figure>\n\n\n\n<figure class=\"wp-block-image size-large\"><img loading=\"lazy\" decoding=\"async\" width=\"1000\" height=\"1000\" data-id=\"3232\" src=\"https:\/\/www.motorfix.com.br\/wp-content\/uploads\/2023\/10\/ACM1112-3-1000x1000.webp\" alt=\"\" class=\"wp-image-3232\" srcset=\"https:\/\/www.motorfix.com.br\/wp-content\/uploads\/2023\/10\/ACM1112-3.webp 1000w, https:\/\/www.motorfix.com.br\/wp-content\/uploads\/2023\/10\/ACM1112-3-300x300.webp 300w, https:\/\/www.motorfix.com.br\/wp-content\/uploads\/2023\/10\/ACM1112-3-150x150.webp 150w, https:\/\/www.motorfix.com.br\/wp-content\/uploads\/2023\/10\/ACM1112-3-768x768.webp 768w, https:\/\/www.motorfix.com.br\/wp-content\/uploads\/2023\/10\/ACM1112-3-125x125.webp 125w\" sizes=\"(max-width: 1000px) 100vw, 1000px\" \/><\/figure>\n\n\n\n<figure class=\"wp-block-image size-large\"><img loading=\"lazy\" decoding=\"async\" width=\"1000\" height=\"1000\" data-id=\"3233\" src=\"https:\/\/www.motorfix.com.br\/wp-content\/uploads\/2023\/10\/ACM1112-1000x1000.webp\" alt=\"\" class=\"wp-image-3233\" srcset=\"https:\/\/www.motorfix.com.br\/wp-content\/uploads\/2023\/10\/ACM1112.webp 1000w, https:\/\/www.motorfix.com.br\/wp-content\/uploads\/2023\/10\/ACM1112-300x300.webp 300w, https:\/\/www.motorfix.com.br\/wp-content\/uploads\/2023\/10\/ACM1112-150x150.webp 150w, https:\/\/www.motorfix.com.br\/wp-content\/uploads\/2023\/10\/ACM1112-768x768.webp 768w, https:\/\/www.motorfix.com.br\/wp-content\/uploads\/2023\/10\/ACM1112-125x125.webp 125w\" sizes=\"(max-width: 1000px) 100vw, 1000px\" \/><\/figure>\n<\/figure>\n\n\n\n<p><strong>C\u00f3digo original:<\/strong>&nbsp;84384A500A<\/p>\n\n\n\n<p><strong>C\u00f3digo similar:<\/strong>&nbsp;ACP843, FB1112, AKX-1993, LA909<\/p>\n\n\n\n<p><strong>ALGUMAS APLICA\u00c7\u00d5ES:<\/strong><strong>&nbsp;<\/strong><\/p>\n","protected":false},"excerpt":{"rendered":"<p>C\u00f3digo original:&nbsp;84384A500A C\u00f3digo similar:&nbsp;ACP843, FB1112, AKX-1993, LA909 ALGUMAS APLICA\u00c7\u00d5ES:&nbsp;<\/p>\n","protected":false},"author":1,"featured_media":3230,"parent":2910,"menu_order":0,"comment_status":"closed","ping_status":"closed","template":"","meta":{"footnotes":""},"_links":{"self":[{"href":"https:\/\/www.motorfix.com.br\/index.php?rest_route=\/wp\/v2\/pages\/3229"}],"collection":[{"href":"https:\/\/www.motorfix.com.br\/index.php?rest_route=\/wp\/v2\/pages"}],"about":[{"href":"https:\/\/www.motorfix.com.br\/index.php?rest_route=\/wp\/v2\/types\/page"}],"author":[{"embeddable":true,"href":"https:\/\/www.motorfix.com.br\/index.php?rest_route=\/wp\/v2\/users\/1"}],"replies":[{"embeddable":true,"href":"https:\/\/www.motorfix.com.br\/index.php?rest_route=%2Fwp%2Fv2%2Fcomments&post=3229"}],"version-history":[{"count":1,"href":"https:\/\/www.motorfix.com.br\/index.php?rest_route=\/wp\/v2\/pages\/3229\/revisions"}],"predecessor-version":[{"id":3234,"href":"https:\/\/www.motorfix.com.br\/index.php?rest_route=\/wp\/v2\/pages\/3229\/revisions\/3234"}],"up":[{"embeddable":true,"href":"https:\/\/www.motorfix.com.br\/index.php?rest_route=\/wp\/v2\/pages\/2910"}],"wp:featuredmedia":[{"embeddable":true,"href":"https:\/\/www.motorfix.com.br\/index.php?rest_route=\/wp\/v2\/media\/3230"}],"wp:attachment":[{"href":"https:\/\/www.motorfix.com.br\/index.php?rest_route=%2Fwp%2Fv2%2Fmedia&parent=3229"}],"curies":[{"name":"wp","href":"https:\/\/api.w.org\/{rel}","templated":true}]}}