{"id":3325,"date":"2023-10-07T08:24:56","date_gmt":"2023-10-07T11:24:56","guid":{"rendered":"https:\/\/www.motorfix.com.br\/?page_id=3325"},"modified":"2023-10-07T08:24:57","modified_gmt":"2023-10-07T11:24:57","slug":"acm040","status":"publish","type":"page","link":"https:\/\/www.motorfix.com.br\/?page_id=3325","title":{"rendered":"ACM040"},"content":{"rendered":"\n<figure class=\"wp-block-gallery has-nested-images columns-default is-cropped wp-block-gallery-1 is-layout-flex wp-block-gallery-is-layout-flex\">\n<figure class=\"wp-block-image size-large\"><img loading=\"lazy\" decoding=\"async\" width=\"1000\" height=\"1000\" data-id=\"3327\" src=\"https:\/\/www.motorfix.com.br\/wp-content\/uploads\/2023\/10\/ACM040-3-1000x1000.webp\" alt=\"\" class=\"wp-image-3327\" srcset=\"https:\/\/www.motorfix.com.br\/wp-content\/uploads\/2023\/10\/ACM040-3.webp 1000w, https:\/\/www.motorfix.com.br\/wp-content\/uploads\/2023\/10\/ACM040-3-300x300.webp 300w, https:\/\/www.motorfix.com.br\/wp-content\/uploads\/2023\/10\/ACM040-3-150x150.webp 150w, https:\/\/www.motorfix.com.br\/wp-content\/uploads\/2023\/10\/ACM040-3-768x768.webp 768w, https:\/\/www.motorfix.com.br\/wp-content\/uploads\/2023\/10\/ACM040-3-125x125.webp 125w\" sizes=\"(max-width: 1000px) 100vw, 1000px\" \/><\/figure>\n\n\n\n<figure class=\"wp-block-image size-large\"><img loading=\"lazy\" decoding=\"async\" width=\"1000\" height=\"1000\" data-id=\"3328\" src=\"https:\/\/www.motorfix.com.br\/wp-content\/uploads\/2023\/10\/ACM040-1000x1000.webp\" alt=\"\" class=\"wp-image-3328\" srcset=\"https:\/\/www.motorfix.com.br\/wp-content\/uploads\/2023\/10\/ACM040.webp 1000w, https:\/\/www.motorfix.com.br\/wp-content\/uploads\/2023\/10\/ACM040-300x300.webp 300w, https:\/\/www.motorfix.com.br\/wp-content\/uploads\/2023\/10\/ACM040-150x150.webp 150w, https:\/\/www.motorfix.com.br\/wp-content\/uploads\/2023\/10\/ACM040-768x768.webp 768w, https:\/\/www.motorfix.com.br\/wp-content\/uploads\/2023\/10\/ACM040-125x125.webp 125w\" sizes=\"(max-width: 1000px) 100vw, 1000px\" \/><\/figure>\n\n\n\n<figure class=\"wp-block-image size-large\"><img loading=\"lazy\" decoding=\"async\" width=\"1000\" height=\"1000\" data-id=\"3329\" src=\"https:\/\/www.motorfix.com.br\/wp-content\/uploads\/2023\/10\/ACM040-2-1000x1000.webp\" alt=\"\" class=\"wp-image-3329\" srcset=\"https:\/\/www.motorfix.com.br\/wp-content\/uploads\/2023\/10\/ACM040-2.webp 1000w, https:\/\/www.motorfix.com.br\/wp-content\/uploads\/2023\/10\/ACM040-2-300x300.webp 300w, https:\/\/www.motorfix.com.br\/wp-content\/uploads\/2023\/10\/ACM040-2-150x150.webp 150w, https:\/\/www.motorfix.com.br\/wp-content\/uploads\/2023\/10\/ACM040-2-768x768.webp 768w, https:\/\/www.motorfix.com.br\/wp-content\/uploads\/2023\/10\/ACM040-2-125x125.webp 125w\" sizes=\"(max-width: 1000px) 100vw, 1000px\" \/><\/figure>\n<\/figure>\n\n\n\n<p><strong>C\u00f3digo original:<\/strong>&nbsp;8713958010<\/p>\n\n\n\n<p><strong>C\u00f3digo similar:<\/strong>&nbsp;ACP889, FB040, AKX-1967, LA1945, FP22032<\/p>\n\n\n\n<p><strong>ALGUMAS APLICA\u00c7\u00d5ES:<\/strong><strong>&nbsp;<\/strong><\/p>\n","protected":false},"excerpt":{"rendered":"<p>C\u00f3digo original:&nbsp;8713958010 C\u00f3digo similar:&nbsp;ACP889, FB040, AKX-1967, LA1945, FP22032 ALGUMAS APLICA\u00c7\u00d5ES:&nbsp;<\/p>\n","protected":false},"author":1,"featured_media":3326,"parent":2910,"menu_order":0,"comment_status":"closed","ping_status":"closed","template":"","meta":{"footnotes":""},"_links":{"self":[{"href":"https:\/\/www.motorfix.com.br\/index.php?rest_route=\/wp\/v2\/pages\/3325"}],"collection":[{"href":"https:\/\/www.motorfix.com.br\/index.php?rest_route=\/wp\/v2\/pages"}],"about":[{"href":"https:\/\/www.motorfix.com.br\/index.php?rest_route=\/wp\/v2\/types\/page"}],"author":[{"embeddable":true,"href":"https:\/\/www.motorfix.com.br\/index.php?rest_route=\/wp\/v2\/users\/1"}],"replies":[{"embeddable":true,"href":"https:\/\/www.motorfix.com.br\/index.php?rest_route=%2Fwp%2Fv2%2Fcomments&post=3325"}],"version-history":[{"count":1,"href":"https:\/\/www.motorfix.com.br\/index.php?rest_route=\/wp\/v2\/pages\/3325\/revisions"}],"predecessor-version":[{"id":3330,"href":"https:\/\/www.motorfix.com.br\/index.php?rest_route=\/wp\/v2\/pages\/3325\/revisions\/3330"}],"up":[{"embeddable":true,"href":"https:\/\/www.motorfix.com.br\/index.php?rest_route=\/wp\/v2\/pages\/2910"}],"wp:featuredmedia":[{"embeddable":true,"href":"https:\/\/www.motorfix.com.br\/index.php?rest_route=\/wp\/v2\/media\/3326"}],"wp:attachment":[{"href":"https:\/\/www.motorfix.com.br\/index.php?rest_route=%2Fwp%2Fv2%2Fmedia&parent=3325"}],"curies":[{"name":"wp","href":"https:\/\/api.w.org\/{rel}","templated":true}]}}