{"id":3588,"date":"2023-12-06T09:39:45","date_gmt":"2023-12-06T12:39:45","guid":{"rendered":"https:\/\/www.motorfix.com.br\/?page_id=3588"},"modified":"2023-12-22T13:35:46","modified_gmt":"2023-12-22T16:35:46","slug":"mh23601","status":"publish","type":"page","link":"https:\/\/www.motorfix.com.br\/?page_id=3588","title":{"rendered":"MH2360I"},"content":{"rendered":"\n<figure class=\"wp-block-gallery has-nested-images columns-2 is-cropped wp-block-gallery-1 is-layout-flex wp-block-gallery-is-layout-flex\">\n<figure class=\"wp-block-image size-large\"><img loading=\"lazy\" decoding=\"async\" width=\"1024\" height=\"1024\" data-id=\"3589\" src=\"https:\/\/www.motorfix.com.br\/wp-content\/uploads\/2023\/12\/MH23601-2-1024x1024.webp\" alt=\"\" class=\"wp-image-3589\" srcset=\"https:\/\/www.motorfix.com.br\/wp-content\/uploads\/2023\/12\/MH23601-2-1024x1024.webp 1024w, https:\/\/www.motorfix.com.br\/wp-content\/uploads\/2023\/12\/MH23601-2-300x300.webp 300w, https:\/\/www.motorfix.com.br\/wp-content\/uploads\/2023\/12\/MH23601-2-150x150.webp 150w, https:\/\/www.motorfix.com.br\/wp-content\/uploads\/2023\/12\/MH23601-2-768x768.webp 768w, https:\/\/www.motorfix.com.br\/wp-content\/uploads\/2023\/12\/MH23601-2.webp 1080w, https:\/\/www.motorfix.com.br\/wp-content\/uploads\/2023\/12\/MH23601-2-125x125.webp 125w\" sizes=\"(max-width: 1024px) 100vw, 1024px\" \/><\/figure>\n\n\n\n<figure class=\"wp-block-image size-large\"><img loading=\"lazy\" decoding=\"async\" width=\"1024\" height=\"1024\" data-id=\"3591\" src=\"https:\/\/www.motorfix.com.br\/wp-content\/uploads\/2023\/12\/MH23601-3-1024x1024.webp\" alt=\"\" class=\"wp-image-3591\" srcset=\"https:\/\/www.motorfix.com.br\/wp-content\/uploads\/2023\/12\/MH23601-3-1024x1024.webp 1024w, https:\/\/www.motorfix.com.br\/wp-content\/uploads\/2023\/12\/MH23601-3-300x300.webp 300w, https:\/\/www.motorfix.com.br\/wp-content\/uploads\/2023\/12\/MH23601-3-150x150.webp 150w, https:\/\/www.motorfix.com.br\/wp-content\/uploads\/2023\/12\/MH23601-3-768x768.webp 768w, https:\/\/www.motorfix.com.br\/wp-content\/uploads\/2023\/12\/MH23601-3.webp 1080w, https:\/\/www.motorfix.com.br\/wp-content\/uploads\/2023\/12\/MH23601-3-125x125.webp 125w\" sizes=\"(max-width: 1024px) 100vw, 1024px\" \/><\/figure>\n\n\n\n<figure class=\"wp-block-image size-large\"><img loading=\"lazy\" decoding=\"async\" width=\"1024\" height=\"1024\" data-id=\"3590\" src=\"https:\/\/www.motorfix.com.br\/wp-content\/uploads\/2023\/12\/MH23601-4-1024x1024.webp\" alt=\"\" class=\"wp-image-3590\" srcset=\"https:\/\/www.motorfix.com.br\/wp-content\/uploads\/2023\/12\/MH23601-4-1024x1024.webp 1024w, https:\/\/www.motorfix.com.br\/wp-content\/uploads\/2023\/12\/MH23601-4-300x300.webp 300w, https:\/\/www.motorfix.com.br\/wp-content\/uploads\/2023\/12\/MH23601-4-150x150.webp 150w, https:\/\/www.motorfix.com.br\/wp-content\/uploads\/2023\/12\/MH23601-4-768x768.webp 768w, https:\/\/www.motorfix.com.br\/wp-content\/uploads\/2023\/12\/MH23601-4.webp 1080w, https:\/\/www.motorfix.com.br\/wp-content\/uploads\/2023\/12\/MH23601-4-125x125.webp 125w\" sizes=\"(max-width: 1024px) 100vw, 1024px\" \/><\/figure>\n\n\n\n<figure class=\"wp-block-image size-large\"><img loading=\"lazy\" decoding=\"async\" width=\"1024\" height=\"1024\" data-id=\"3592\" src=\"https:\/\/www.motorfix.com.br\/wp-content\/uploads\/2023\/12\/MH23601-1024x1024.webp\" alt=\"\" class=\"wp-image-3592\" srcset=\"https:\/\/www.motorfix.com.br\/wp-content\/uploads\/2023\/12\/MH23601-1024x1024.webp 1024w, https:\/\/www.motorfix.com.br\/wp-content\/uploads\/2023\/12\/MH23601-300x300.webp 300w, https:\/\/www.motorfix.com.br\/wp-content\/uploads\/2023\/12\/MH23601-150x150.webp 150w, https:\/\/www.motorfix.com.br\/wp-content\/uploads\/2023\/12\/MH23601-768x768.webp 768w, https:\/\/www.motorfix.com.br\/wp-content\/uploads\/2023\/12\/MH23601.webp 1080w, https:\/\/www.motorfix.com.br\/wp-content\/uploads\/2023\/12\/MH23601-125x125.webp 125w\" sizes=\"(max-width: 1024px) 100vw, 1024px\" \/><\/figure>\n<\/figure>\n\n\n\n<p><strong>C\u00f3digo original:<\/strong>&nbsp;<\/p>\n\n\n\n<p><strong>C\u00f3digo similar:<\/strong>&nbsp;Fleetguard: FH23600<\/p>\n\n\n\n<p><strong>ALGUMAS APLICA\u00c7\u00d5ES:&nbsp;<\/strong><\/p>\n","protected":false},"excerpt":{"rendered":"<p>C\u00f3digo original:&nbsp; C\u00f3digo similar:&nbsp;Fleetguard: FH23600 ALGUMAS APLICA\u00c7\u00d5ES:&nbsp;<\/p>\n","protected":false},"author":1,"featured_media":3566,"parent":3768,"menu_order":0,"comment_status":"closed","ping_status":"closed","template":"","meta":{"footnotes":""},"_links":{"self":[{"href":"https:\/\/www.motorfix.com.br\/index.php?rest_route=\/wp\/v2\/pages\/3588"}],"collection":[{"href":"https:\/\/www.motorfix.com.br\/index.php?rest_route=\/wp\/v2\/pages"}],"about":[{"href":"https:\/\/www.motorfix.com.br\/index.php?rest_route=\/wp\/v2\/types\/page"}],"author":[{"embeddable":true,"href":"https:\/\/www.motorfix.com.br\/index.php?rest_route=\/wp\/v2\/users\/1"}],"replies":[{"embeddable":true,"href":"https:\/\/www.motorfix.com.br\/index.php?rest_route=%2Fwp%2Fv2%2Fcomments&post=3588"}],"version-history":[{"count":2,"href":"https:\/\/www.motorfix.com.br\/index.php?rest_route=\/wp\/v2\/pages\/3588\/revisions"}],"predecessor-version":[{"id":3784,"href":"https:\/\/www.motorfix.com.br\/index.php?rest_route=\/wp\/v2\/pages\/3588\/revisions\/3784"}],"up":[{"embeddable":true,"href":"https:\/\/www.motorfix.com.br\/index.php?rest_route=\/wp\/v2\/pages\/3768"}],"wp:featuredmedia":[{"embeddable":true,"href":"https:\/\/www.motorfix.com.br\/index.php?rest_route=\/wp\/v2\/media\/3566"}],"wp:attachment":[{"href":"https:\/\/www.motorfix.com.br\/index.php?rest_route=%2Fwp%2Fv2%2Fmedia&parent=3588"}],"curies":[{"name":"wp","href":"https:\/\/api.w.org\/{rel}","templated":true}]}}