{"id":3786,"date":"2024-01-02T09:33:37","date_gmt":"2024-01-02T12:33:37","guid":{"rendered":"https:\/\/www.motorfix.com.br\/?page_id=3786"},"modified":"2026-03-12T09:25:23","modified_gmt":"2026-03-12T12:25:23","slug":"scooter-4t-10w-30-sl","status":"publish","type":"page","link":"https:\/\/www.motorfix.com.br\/?page_id=3786","title":{"rendered":"Scooter 4T 10W-30 SL"},"content":{"rendered":"\n<figure class=\"wp-block-gallery has-nested-images columns-default is-cropped wp-block-gallery-1 is-layout-flex wp-block-gallery-is-layout-flex\">\n<figure class=\"wp-block-image size-large\"><img loading=\"lazy\" decoding=\"async\" width=\"1000\" height=\"658\" data-id=\"5514\" src=\"https:\/\/www.motorfix.com.br\/wp-content\/uploads\/2026\/03\/SCOOTER-4T-10W-30-1-60-200-1000x658.png\" alt=\"\" class=\"wp-image-5514\" srcset=\"https:\/\/www.motorfix.com.br\/wp-content\/uploads\/2026\/03\/SCOOTER-4T-10W-30-1-60-200.png 1000w, https:\/\/www.motorfix.com.br\/wp-content\/uploads\/2026\/03\/SCOOTER-4T-10W-30-1-60-200-300x197.png 300w, https:\/\/www.motorfix.com.br\/wp-content\/uploads\/2026\/03\/SCOOTER-4T-10W-30-1-60-200-768x505.png 768w\" sizes=\"(max-width: 1000px) 100vw, 1000px\" \/><\/figure>\n<\/figure>\n\n\n\n<p><strong>MOTORFIX SCOOTER 4T<\/strong> \u00e9 um lubrificante semissint\u00e9tico multiviscoso especialmente desenvolvido para cumprir as severas exig\u00eancias de motores quatro tempos de motocicletas. Oferece excelente prote\u00e7\u00e3o ao motor, caixas de marchas e embreagem, conforme especifica\u00e7\u00f5es dos fabricantes globais l\u00edderes de motores 4T. <\/p>\n\n\n\n<p><strong>MOTORFIX SCOOTER 4T<\/strong> \u00e9 produzido com \u00f3leo b\u00e1sico mineral, base sint\u00e9tica e aditivos detergentes, dispersantes, antioxidantes, anticorrosivos, antiespumantes e melhoradores de fluidez e viscosidade. <\/p>\n\n\n\n<p><strong>MOTORFIX SCOOTER 4T<\/strong> atende especifica\u00e7\u00f5es JASO MB &#8211; API SL; SAE 10W30.<\/p>\n\n\n\n<p>Dispon\u00edvel nos tamanhos: 1L, 60L, 200L.<\/p>\n","protected":false},"excerpt":{"rendered":"<p>MOTORFIX SCOOTER 4T \u00e9 um lubrificante semissint\u00e9tico multiviscoso especialmente desenvolvido para cumprir as severas exig\u00eancias de motores quatro tempos de motocicletas. Oferece excelente prote\u00e7\u00e3o ao motor, caixas de marchas e embreagem, conforme especifica\u00e7\u00f5es dos fabricantes globais l\u00edderes de motores 4T. MOTORFIX SCOOTER 4T \u00e9 produzido com \u00f3leo b\u00e1sico mineral, base sint\u00e9tica e aditivos detergentes, dispersantes,&#8230;<\/p>\n","protected":false},"author":1,"featured_media":287,"parent":185,"menu_order":0,"comment_status":"closed","ping_status":"closed","template":"","meta":{"footnotes":""},"_links":{"self":[{"href":"https:\/\/www.motorfix.com.br\/index.php?rest_route=\/wp\/v2\/pages\/3786"}],"collection":[{"href":"https:\/\/www.motorfix.com.br\/index.php?rest_route=\/wp\/v2\/pages"}],"about":[{"href":"https:\/\/www.motorfix.com.br\/index.php?rest_route=\/wp\/v2\/types\/page"}],"author":[{"embeddable":true,"href":"https:\/\/www.motorfix.com.br\/index.php?rest_route=\/wp\/v2\/users\/1"}],"replies":[{"embeddable":true,"href":"https:\/\/www.motorfix.com.br\/index.php?rest_route=%2Fwp%2Fv2%2Fcomments&post=3786"}],"version-history":[{"count":5,"href":"https:\/\/www.motorfix.com.br\/index.php?rest_route=\/wp\/v2\/pages\/3786\/revisions"}],"predecessor-version":[{"id":5515,"href":"https:\/\/www.motorfix.com.br\/index.php?rest_route=\/wp\/v2\/pages\/3786\/revisions\/5515"}],"up":[{"embeddable":true,"href":"https:\/\/www.motorfix.com.br\/index.php?rest_route=\/wp\/v2\/pages\/185"}],"wp:featuredmedia":[{"embeddable":true,"href":"https:\/\/www.motorfix.com.br\/index.php?rest_route=\/wp\/v2\/media\/287"}],"wp:attachment":[{"href":"https:\/\/www.motorfix.com.br\/index.php?rest_route=%2Fwp%2Fv2%2Fmedia&parent=3786"}],"curies":[{"name":"wp","href":"https:\/\/api.w.org\/{rel}","templated":true}]}}