{"id":3797,"date":"2024-01-23T11:11:21","date_gmt":"2024-01-23T14:11:21","guid":{"rendered":"https:\/\/www.motorfix.com.br\/?page_id=3797"},"modified":"2026-03-16T09:14:43","modified_gmt":"2026-03-16T12:14:43","slug":"max-force-10w30-ck-4","status":"publish","type":"page","link":"https:\/\/www.motorfix.com.br\/?page_id=3797","title":{"rendered":"MAX FORCE 10W30 CK-4"},"content":{"rendered":"\n<figure class=\"wp-block-image size-large\"><img loading=\"lazy\" decoding=\"async\" width=\"1000\" height=\"624\" src=\"https:\/\/www.motorfix.com.br\/wp-content\/uploads\/2026\/03\/Max-Force-10W30-CK4-1-4-20-60-200-semi-1000x624.png\" alt=\"\" class=\"wp-image-5573\" srcset=\"https:\/\/www.motorfix.com.br\/wp-content\/uploads\/2026\/03\/Max-Force-10W30-CK4-1-4-20-60-200-semi.png 1000w, https:\/\/www.motorfix.com.br\/wp-content\/uploads\/2026\/03\/Max-Force-10W30-CK4-1-4-20-60-200-semi-300x187.png 300w, https:\/\/www.motorfix.com.br\/wp-content\/uploads\/2026\/03\/Max-Force-10W30-CK4-1-4-20-60-200-semi-768x479.png 768w\" sizes=\"(max-width: 1000px) 100vw, 1000px\" \/><\/figure>\n\n\n\n<p>\u00d3leo lubrificante premium semissint\u00e9tico, projetado para cumprir as exig\u00eancias mais recentes dos maiores fabricante de motores a diesel de aspira\u00e7\u00e3o natural ou turbinados que operem em condi\u00e7\u00f5es severas, inclusive para motores EGR com ou sem filtros de part\u00edculas e para motores equipados com SCR NOx sistemas de redu\u00e7\u00e3o. Sua formula\u00e7\u00e3o proporciona excelente reten\u00e7\u00e3o de viscosidade a alta temperatura, fluidez a baixa temperatura, controle de volatilidade e melhoria da economia de combust\u00edvel.<\/p>\n\n\n\n<p>Atende API CK-4, ACEA E7\/ E9 &#8211; 2016; Daimler MB228.31; MAN 3775; MTU Type 2.1; Volvo VDS-4.5; MACK EO S-4.5; Renault Trucks RLD-3; Cummins CES 20086; Caterpillar ECF-3; Deutz DQC III-18LA; Detroit Diesel DFS 93K222; Ford WSS-M2C171-F1.<\/p>\n\n\n\n<p>Dispon\u00edvel nos tamanhos: 1L, 4L, 20L, 60L, 200L.<\/p>\n","protected":false},"excerpt":{"rendered":"<p>\u00d3leo lubrificante premium semissint\u00e9tico, projetado para cumprir as exig\u00eancias mais recentes dos maiores fabricante de motores a diesel de aspira\u00e7\u00e3o natural ou turbinados que operem em condi\u00e7\u00f5es severas, inclusive para motores EGR com ou sem filtros de part\u00edculas e para motores equipados com SCR NOx sistemas de redu\u00e7\u00e3o. Sua formula\u00e7\u00e3o proporciona excelente reten\u00e7\u00e3o de viscosidade&#8230;<\/p>\n","protected":false},"author":1,"featured_media":3799,"parent":189,"menu_order":0,"comment_status":"closed","ping_status":"closed","template":"","meta":{"footnotes":""},"_links":{"self":[{"href":"https:\/\/www.motorfix.com.br\/index.php?rest_route=\/wp\/v2\/pages\/3797"}],"collection":[{"href":"https:\/\/www.motorfix.com.br\/index.php?rest_route=\/wp\/v2\/pages"}],"about":[{"href":"https:\/\/www.motorfix.com.br\/index.php?rest_route=\/wp\/v2\/types\/page"}],"author":[{"embeddable":true,"href":"https:\/\/www.motorfix.com.br\/index.php?rest_route=\/wp\/v2\/users\/1"}],"replies":[{"embeddable":true,"href":"https:\/\/www.motorfix.com.br\/index.php?rest_route=%2Fwp%2Fv2%2Fcomments&post=3797"}],"version-history":[{"count":9,"href":"https:\/\/www.motorfix.com.br\/index.php?rest_route=\/wp\/v2\/pages\/3797\/revisions"}],"predecessor-version":[{"id":5574,"href":"https:\/\/www.motorfix.com.br\/index.php?rest_route=\/wp\/v2\/pages\/3797\/revisions\/5574"}],"up":[{"embeddable":true,"href":"https:\/\/www.motorfix.com.br\/index.php?rest_route=\/wp\/v2\/pages\/189"}],"wp:featuredmedia":[{"embeddable":true,"href":"https:\/\/www.motorfix.com.br\/index.php?rest_route=\/wp\/v2\/media\/3799"}],"wp:attachment":[{"href":"https:\/\/www.motorfix.com.br\/index.php?rest_route=%2Fwp%2Fv2%2Fmedia&parent=3797"}],"curies":[{"name":"wp","href":"https:\/\/api.w.org\/{rel}","templated":true}]}}