{"id":4194,"date":"2024-04-24T08:50:15","date_gmt":"2024-04-24T11:50:15","guid":{"rendered":"https:\/\/www.motorfix.com.br\/?page_id=4194"},"modified":"2024-06-14T17:26:32","modified_gmt":"2024-06-14T20:26:32","slug":"ce793","status":"publish","type":"page","link":"https:\/\/www.motorfix.com.br\/?page_id=4194","title":{"rendered":"CE793"},"content":{"rendered":"\n<figure class=\"wp-block-gallery has-nested-images columns-default is-cropped wp-block-gallery-1 is-layout-flex wp-block-gallery-is-layout-flex\">\n<figure class=\"wp-block-image size-large\"><img loading=\"lazy\" decoding=\"async\" width=\"900\" height=\"900\" data-id=\"4195\" src=\"https:\/\/www.motorfix.com.br\/wp-content\/uploads\/2024\/04\/CE793_2-900x900.png\" alt=\"\" class=\"wp-image-4195\" srcset=\"https:\/\/www.motorfix.com.br\/wp-content\/uploads\/2024\/04\/CE793_2.png 900w, https:\/\/www.motorfix.com.br\/wp-content\/uploads\/2024\/04\/CE793_2-300x300.png 300w, https:\/\/www.motorfix.com.br\/wp-content\/uploads\/2024\/04\/CE793_2-150x150.png 150w, https:\/\/www.motorfix.com.br\/wp-content\/uploads\/2024\/04\/CE793_2-768x768.png 768w, https:\/\/www.motorfix.com.br\/wp-content\/uploads\/2024\/04\/CE793_2-125x125.png 125w\" sizes=\"(max-width: 900px) 100vw, 900px\" \/><\/figure>\n\n\n\n<figure class=\"wp-block-image size-large\"><img loading=\"lazy\" decoding=\"async\" width=\"900\" height=\"900\" data-id=\"4196\" src=\"https:\/\/www.motorfix.com.br\/wp-content\/uploads\/2024\/04\/CE793_3-900x900.png\" alt=\"\" class=\"wp-image-4196\" srcset=\"https:\/\/www.motorfix.com.br\/wp-content\/uploads\/2024\/04\/CE793_3.png 900w, https:\/\/www.motorfix.com.br\/wp-content\/uploads\/2024\/04\/CE793_3-300x300.png 300w, https:\/\/www.motorfix.com.br\/wp-content\/uploads\/2024\/04\/CE793_3-150x150.png 150w, https:\/\/www.motorfix.com.br\/wp-content\/uploads\/2024\/04\/CE793_3-768x768.png 768w, https:\/\/www.motorfix.com.br\/wp-content\/uploads\/2024\/04\/CE793_3-125x125.png 125w\" sizes=\"(max-width: 900px) 100vw, 900px\" \/><\/figure>\n\n\n\n<figure class=\"wp-block-image size-large\"><img loading=\"lazy\" decoding=\"async\" width=\"900\" height=\"900\" data-id=\"4197\" src=\"https:\/\/www.motorfix.com.br\/wp-content\/uploads\/2024\/04\/CE793-900x900.png\" alt=\"\" class=\"wp-image-4197\" srcset=\"https:\/\/www.motorfix.com.br\/wp-content\/uploads\/2024\/04\/CE793.png 900w, https:\/\/www.motorfix.com.br\/wp-content\/uploads\/2024\/04\/CE793-300x300.png 300w, https:\/\/www.motorfix.com.br\/wp-content\/uploads\/2024\/04\/CE793-150x150.png 150w, https:\/\/www.motorfix.com.br\/wp-content\/uploads\/2024\/04\/CE793-768x768.png 768w, https:\/\/www.motorfix.com.br\/wp-content\/uploads\/2024\/04\/CE793-125x125.png 125w\" sizes=\"(max-width: 900px) 100vw, 900px\" \/><\/figure>\n<\/figure>\n\n\n\n<p><strong>C\u00f3digo original:<\/strong>\u00a0VOLVO:22752360\/23181919 | MASSEY FERGUSON: ACX3136280<br><strong>C\u00f3digo similar:<\/strong>\u00a0<strong>PARKER<\/strong>: RE90J30MAQI |\u00a0<strong>WEGA<\/strong>:FCD0804 |\u00a0<strong>MAN<\/strong>N:PU9105<br><strong>ALGUMAS APLICA\u00c7\u00d5ES<\/strong>: VOLVO: S\u00c9RIE VM \u2013 220\/270\/330 2017-><\/p>\n","protected":false},"excerpt":{"rendered":"<p>C\u00f3digo original:\u00a0VOLVO:22752360\/23181919 | MASSEY FERGUSON: ACX3136280C\u00f3digo similar:\u00a0PARKER: RE90J30MAQI |\u00a0WEGA:FCD0804 |\u00a0MANN:PU9105ALGUMAS APLICA\u00c7\u00d5ES: VOLVO: S\u00c9RIE VM \u2013 220\/270\/330 2017-><\/p>\n","protected":false},"author":1,"featured_media":4198,"parent":1174,"menu_order":0,"comment_status":"closed","ping_status":"closed","template":"","meta":{"footnotes":""},"_links":{"self":[{"href":"https:\/\/www.motorfix.com.br\/index.php?rest_route=\/wp\/v2\/pages\/4194"}],"collection":[{"href":"https:\/\/www.motorfix.com.br\/index.php?rest_route=\/wp\/v2\/pages"}],"about":[{"href":"https:\/\/www.motorfix.com.br\/index.php?rest_route=\/wp\/v2\/types\/page"}],"author":[{"embeddable":true,"href":"https:\/\/www.motorfix.com.br\/index.php?rest_route=\/wp\/v2\/users\/1"}],"replies":[{"embeddable":true,"href":"https:\/\/www.motorfix.com.br\/index.php?rest_route=%2Fwp%2Fv2%2Fcomments&post=4194"}],"version-history":[{"count":2,"href":"https:\/\/www.motorfix.com.br\/index.php?rest_route=\/wp\/v2\/pages\/4194\/revisions"}],"predecessor-version":[{"id":4331,"href":"https:\/\/www.motorfix.com.br\/index.php?rest_route=\/wp\/v2\/pages\/4194\/revisions\/4331"}],"up":[{"embeddable":true,"href":"https:\/\/www.motorfix.com.br\/index.php?rest_route=\/wp\/v2\/pages\/1174"}],"wp:featuredmedia":[{"embeddable":true,"href":"https:\/\/www.motorfix.com.br\/index.php?rest_route=\/wp\/v2\/media\/4198"}],"wp:attachment":[{"href":"https:\/\/www.motorfix.com.br\/index.php?rest_route=%2Fwp%2Fv2%2Fmedia&parent=4194"}],"curies":[{"name":"wp","href":"https:\/\/api.w.org\/{rel}","templated":true}]}}