{"id":4276,"date":"2024-05-20T10:00:31","date_gmt":"2024-05-20T13:00:31","guid":{"rendered":"https:\/\/www.motorfix.com.br\/?page_id=4276"},"modified":"2025-12-03T09:39:57","modified_gmt":"2025-12-03T12:39:57","slug":"fluido-para-freios-dot-4-lv","status":"publish","type":"page","link":"https:\/\/www.motorfix.com.br\/?page_id=4276","title":{"rendered":"Fluido para freios &#8211; DOT 4 LV"},"content":{"rendered":"\n<figure class=\"wp-block-gallery has-nested-images columns-default is-cropped wp-block-gallery-1 is-layout-flex wp-block-gallery-is-layout-flex\">\n<figure class=\"wp-block-image size-large\"><img loading=\"lazy\" decoding=\"async\" width=\"700\" height=\"1003\" data-id=\"4285\" src=\"https:\/\/www.motorfix.com.br\/wp-content\/uploads\/2024\/05\/DOT4-LV-700x1003.webp\" alt=\"\" class=\"wp-image-4285\" srcset=\"https:\/\/www.motorfix.com.br\/wp-content\/uploads\/2024\/05\/DOT4-LV.webp 700w, https:\/\/www.motorfix.com.br\/wp-content\/uploads\/2024\/05\/DOT4-LV-209x300.webp 209w\" sizes=\"(max-width: 700px) 100vw, 700px\" \/><\/figure>\n<\/figure>\n\n\n\n<p>O Fluido Para Freio e Embreagem Hidr\u00e1ulica DOT-4 LV \u00e9 um Fluido Hidr\u00e1ulico com tecnologia inovadora, desenvolvido especialmente para os ve\u00edculos equipados com o sistema ABS e EBD de \u00faltima gera\u00e7\u00e3o. Pode ser aplicado em qualquer ve\u00edculo. Trata-se de um fluido com baixiss\u00edma viscosidade (Low Viscosity) a baixa temperatura. Possui Ponto de Ebuli\u00e7\u00e3o acima de 250\u00b0C.<\/p>\n","protected":false},"excerpt":{"rendered":"<p>O Fluido Para Freio e Embreagem Hidr\u00e1ulica DOT-4 LV \u00e9 um Fluido Hidr\u00e1ulico com tecnologia inovadora, desenvolvido especialmente para os ve\u00edculos equipados com o sistema ABS e EBD de \u00faltima gera\u00e7\u00e3o. Pode ser aplicado em qualquer ve\u00edculo. Trata-se de um fluido com baixiss\u00edma viscosidade (Low Viscosity) a baixa temperatura. Possui Ponto de Ebuli\u00e7\u00e3o acima de&#8230;<\/p>\n","protected":false},"author":1,"featured_media":4296,"parent":183,"menu_order":0,"comment_status":"closed","ping_status":"closed","template":"","meta":{"footnotes":""},"_links":{"self":[{"href":"https:\/\/www.motorfix.com.br\/index.php?rest_route=\/wp\/v2\/pages\/4276"}],"collection":[{"href":"https:\/\/www.motorfix.com.br\/index.php?rest_route=\/wp\/v2\/pages"}],"about":[{"href":"https:\/\/www.motorfix.com.br\/index.php?rest_route=\/wp\/v2\/types\/page"}],"author":[{"embeddable":true,"href":"https:\/\/www.motorfix.com.br\/index.php?rest_route=\/wp\/v2\/users\/1"}],"replies":[{"embeddable":true,"href":"https:\/\/www.motorfix.com.br\/index.php?rest_route=%2Fwp%2Fv2%2Fcomments&post=4276"}],"version-history":[{"count":4,"href":"https:\/\/www.motorfix.com.br\/index.php?rest_route=\/wp\/v2\/pages\/4276\/revisions"}],"predecessor-version":[{"id":5306,"href":"https:\/\/www.motorfix.com.br\/index.php?rest_route=\/wp\/v2\/pages\/4276\/revisions\/5306"}],"up":[{"embeddable":true,"href":"https:\/\/www.motorfix.com.br\/index.php?rest_route=\/wp\/v2\/pages\/183"}],"wp:featuredmedia":[{"embeddable":true,"href":"https:\/\/www.motorfix.com.br\/index.php?rest_route=\/wp\/v2\/media\/4296"}],"wp:attachment":[{"href":"https:\/\/www.motorfix.com.br\/index.php?rest_route=%2Fwp%2Fv2%2Fmedia&parent=4276"}],"curies":[{"name":"wp","href":"https:\/\/api.w.org\/{rel}","templated":true}]}}