{"id":4301,"date":"2024-05-20T10:11:18","date_gmt":"2024-05-20T13:11:18","guid":{"rendered":"https:\/\/www.motorfix.com.br\/?page_id=4301"},"modified":"2025-12-03T09:39:17","modified_gmt":"2025-12-03T12:39:17","slug":"fluido-para-freio-dot-5-1","status":"publish","type":"page","link":"https:\/\/www.motorfix.com.br\/?page_id=4301","title":{"rendered":"Fluido para Freio &#8211; DOT 5.1"},"content":{"rendered":"\n<figure class=\"wp-block-gallery has-nested-images columns-default is-cropped wp-block-gallery-1 is-layout-flex wp-block-gallery-is-layout-flex\">\n<figure class=\"wp-block-image size-large\"><img loading=\"lazy\" decoding=\"async\" width=\"700\" height=\"1003\" data-id=\"4286\" src=\"https:\/\/www.motorfix.com.br\/wp-content\/uploads\/2024\/05\/DOT-5.1-700x1003.webp\" alt=\"\" class=\"wp-image-4286\" srcset=\"https:\/\/www.motorfix.com.br\/wp-content\/uploads\/2024\/05\/DOT-5.1.webp 700w, https:\/\/www.motorfix.com.br\/wp-content\/uploads\/2024\/05\/DOT-5.1-209x300.webp 209w\" sizes=\"(max-width: 700px) 100vw, 700px\" \/><\/figure>\n<\/figure>\n\n\n\n<p>Fluido para freios e embreagens tipo DOT-5.1 de alta performance com maior fluidez. Sua formula\u00e7\u00e3o foi desenvolvida para sistema hidr\u00e1ulico de freios e embreagens de autom\u00f3veis, cominh\u00f5es, \u00f4nibus, pick-ups e tratores. Possui Ponto de Ebuli\u00e7\u00e3o acima de 260\u00b0C.<\/p>\n","protected":false},"excerpt":{"rendered":"<p>Fluido para freios e embreagens tipo DOT-5.1 de alta performance com maior fluidez. Sua formula\u00e7\u00e3o foi desenvolvida para sistema hidr\u00e1ulico de freios e embreagens de autom\u00f3veis, cominh\u00f5es, \u00f4nibus, pick-ups e tratores. Possui Ponto de Ebuli\u00e7\u00e3o acima de 260\u00b0C.<\/p>\n","protected":false},"author":1,"featured_media":4302,"parent":183,"menu_order":0,"comment_status":"closed","ping_status":"closed","template":"","meta":{"footnotes":""},"_links":{"self":[{"href":"https:\/\/www.motorfix.com.br\/index.php?rest_route=\/wp\/v2\/pages\/4301"}],"collection":[{"href":"https:\/\/www.motorfix.com.br\/index.php?rest_route=\/wp\/v2\/pages"}],"about":[{"href":"https:\/\/www.motorfix.com.br\/index.php?rest_route=\/wp\/v2\/types\/page"}],"author":[{"embeddable":true,"href":"https:\/\/www.motorfix.com.br\/index.php?rest_route=\/wp\/v2\/users\/1"}],"replies":[{"embeddable":true,"href":"https:\/\/www.motorfix.com.br\/index.php?rest_route=%2Fwp%2Fv2%2Fcomments&post=4301"}],"version-history":[{"count":4,"href":"https:\/\/www.motorfix.com.br\/index.php?rest_route=\/wp\/v2\/pages\/4301\/revisions"}],"predecessor-version":[{"id":5304,"href":"https:\/\/www.motorfix.com.br\/index.php?rest_route=\/wp\/v2\/pages\/4301\/revisions\/5304"}],"up":[{"embeddable":true,"href":"https:\/\/www.motorfix.com.br\/index.php?rest_route=\/wp\/v2\/pages\/183"}],"wp:featuredmedia":[{"embeddable":true,"href":"https:\/\/www.motorfix.com.br\/index.php?rest_route=\/wp\/v2\/media\/4302"}],"wp:attachment":[{"href":"https:\/\/www.motorfix.com.br\/index.php?rest_route=%2Fwp%2Fv2%2Fmedia&parent=4301"}],"curies":[{"name":"wp","href":"https:\/\/api.w.org\/{rel}","templated":true}]}}