{"id":4785,"date":"2025-02-17T10:06:39","date_gmt":"2025-02-17T13:06:39","guid":{"rendered":"https:\/\/www.motorfix.com.br\/?page_id=4785"},"modified":"2026-03-16T10:00:46","modified_gmt":"2026-03-16T13:00:46","slug":"formula-dex-5w30","status":"publish","type":"page","link":"https:\/\/www.motorfix.com.br\/?page_id=4785","title":{"rendered":"FORMULA DEX 5W30"},"content":{"rendered":"\n<figure class=\"wp-block-image size-large\"><img loading=\"lazy\" decoding=\"async\" width=\"1000\" height=\"931\" src=\"https:\/\/www.motorfix.com.br\/wp-content\/uploads\/2026\/03\/FORMULA-DEX-5W-30-1-200-1-1000x931.png\" alt=\"\" class=\"wp-image-5619\" srcset=\"https:\/\/www.motorfix.com.br\/wp-content\/uploads\/2026\/03\/FORMULA-DEX-5W-30-1-200-1.png 1000w, https:\/\/www.motorfix.com.br\/wp-content\/uploads\/2026\/03\/FORMULA-DEX-5W-30-1-200-1-300x279.png 300w, https:\/\/www.motorfix.com.br\/wp-content\/uploads\/2026\/03\/FORMULA-DEX-5W-30-1-200-1-768x715.png 768w\" sizes=\"(max-width: 1000px) 100vw, 1000px\" \/><\/figure>\n\n\n\n<p>MOTORFIX F\u00d3RMULA DEX \u00e9 um \u00f3leo de motor totalmente sint\u00e9tico de alta tecnologia, multiviscoso, requerido pela General Motors para ve\u00edculos com motores de 4 tempos flex, \u00e0 gasolina, etanol ou GNV, atende a especifica\u00e7\u00e3o dexos\u00ae 1 Gen. 3. Especialmente desenvolvido para proteger motores de inje\u00e7\u00e3o direta de alta compress\u00e3o a gasolina entregando estabilidade oxidativa superior, controle de dep\u00f3sitos, prote\u00e7\u00e3o de lodo e verniz, mitiga\u00e7\u00e3o de pr\u00e9-igni\u00e7\u00e3o de baixa velocidade (LSPI) e prote\u00e7\u00e3o contra desgaste do motor e da corrente de sincroniza\u00e7\u00e3o, melhorando a limpeza do pist\u00e3o e a economia de combust\u00edvel.<\/p>\n\n\n\n<p>Dispon\u00edvel nos tamanhos: 1L, 200L.<\/p>\n","protected":false},"excerpt":{"rendered":"<p>MOTORFIX F\u00d3RMULA DEX \u00e9 um \u00f3leo de motor totalmente sint\u00e9tico de alta tecnologia, multiviscoso, requerido pela General Motors para ve\u00edculos com motores de 4 tempos flex, \u00e0 gasolina, etanol ou GNV, atende a especifica\u00e7\u00e3o dexos\u00ae 1 Gen. 3. Especialmente desenvolvido para proteger motores de inje\u00e7\u00e3o direta de alta compress\u00e3o a gasolina entregando estabilidade oxidativa superior,&#8230;<\/p>\n","protected":false},"author":1,"featured_media":4786,"parent":187,"menu_order":0,"comment_status":"closed","ping_status":"closed","template":"","meta":{"footnotes":""},"_links":{"self":[{"href":"https:\/\/www.motorfix.com.br\/index.php?rest_route=\/wp\/v2\/pages\/4785"}],"collection":[{"href":"https:\/\/www.motorfix.com.br\/index.php?rest_route=\/wp\/v2\/pages"}],"about":[{"href":"https:\/\/www.motorfix.com.br\/index.php?rest_route=\/wp\/v2\/types\/page"}],"author":[{"embeddable":true,"href":"https:\/\/www.motorfix.com.br\/index.php?rest_route=\/wp\/v2\/users\/1"}],"replies":[{"embeddable":true,"href":"https:\/\/www.motorfix.com.br\/index.php?rest_route=%2Fwp%2Fv2%2Fcomments&post=4785"}],"version-history":[{"count":5,"href":"https:\/\/www.motorfix.com.br\/index.php?rest_route=\/wp\/v2\/pages\/4785\/revisions"}],"predecessor-version":[{"id":5620,"href":"https:\/\/www.motorfix.com.br\/index.php?rest_route=\/wp\/v2\/pages\/4785\/revisions\/5620"}],"up":[{"embeddable":true,"href":"https:\/\/www.motorfix.com.br\/index.php?rest_route=\/wp\/v2\/pages\/187"}],"wp:featuredmedia":[{"embeddable":true,"href":"https:\/\/www.motorfix.com.br\/index.php?rest_route=\/wp\/v2\/media\/4786"}],"wp:attachment":[{"href":"https:\/\/www.motorfix.com.br\/index.php?rest_route=%2Fwp%2Fv2%2Fmedia&parent=4785"}],"curies":[{"name":"wp","href":"https:\/\/api.w.org\/{rel}","templated":true}]}}