{"id":5004,"date":"2025-04-30T10:47:28","date_gmt":"2025-04-30T13:47:28","guid":{"rendered":"https:\/\/www.motorfix.com.br\/?page_id=5004"},"modified":"2026-03-13T09:47:09","modified_gmt":"2026-03-13T12:47:09","slug":"atf-multi-lv","status":"publish","type":"page","link":"https:\/\/www.motorfix.com.br\/?page_id=5004","title":{"rendered":"ATF MULTI LV"},"content":{"rendered":"<div class=\"wp-block-image\">\n<figure class=\"aligncenter size-full\"><img loading=\"lazy\" decoding=\"async\" width=\"642\" height=\"637\" src=\"https:\/\/www.motorfix.com.br\/wp-content\/uploads\/2026\/03\/ATF-Multi-LV-1-200.png\" alt=\"\" class=\"wp-image-5563\" srcset=\"https:\/\/www.motorfix.com.br\/wp-content\/uploads\/2026\/03\/ATF-Multi-LV-1-200.png 642w, https:\/\/www.motorfix.com.br\/wp-content\/uploads\/2026\/03\/ATF-Multi-LV-1-200-300x298.png 300w, https:\/\/www.motorfix.com.br\/wp-content\/uploads\/2026\/03\/ATF-Multi-LV-1-200-150x150.png 150w, https:\/\/www.motorfix.com.br\/wp-content\/uploads\/2026\/03\/ATF-Multi-LV-1-200-125x125.png 125w\" sizes=\"(max-width: 642px) 100vw, 642px\" \/><\/figure><\/div>\n\n\n<p>MOTORFIX ATF MULTI LV \u00e9 um fluido sint\u00e9tico de alto desempenho especialmente desenvolvido para transmiss\u00f5es autom\u00e1ticas sequenciais. Este fluido \u00e9 formulado com fluidos de qualidade excepcional e avan\u00e7ada tecnologia de aditivos para fornecer excelente resist\u00eancia \u00e0 oxida\u00e7\u00e3o, durabilidade de fric\u00e7\u00e3o, prote\u00e7\u00e3o contra desgaste e estabilidade ao cisalhamento. Ele \u00e9 projetado para fornecer o dobro da vida \u00fatil de um DEXRON\u00ae III (H) ATF e oferece desempenho anti-tremor e deslocamento suave. \u00c9 totalmente retrocompat\u00edvel para as aplica\u00e7\u00f5es DEXRON\u00ae III (H),DEXRON\u00ae III, DEXRON\u00ae II E e DEXRON\u00ae II D e oferece desempenho aprimorado para transmiss\u00f5es novas e antigas.<\/p>\n\n\n\n<p>MOTORFIX ATF MULTI LV GM DEXRON VI, Ford MERCON LV, JASO 1A-LV, ATF DW-1, HYUNDAI SP-IV, MB 236.12, MB 236.14, MB 236.15, MB 236.16, MB 236.17, ATF J3, TOYOTA WS, ATF AW-1, JWS 3324, VW G 052 162 A1\/A2, VW G 052 540 A2, G 055 540, ZF Lifeguard 8, ZF Lifeguard 9, ZF TE-ML 11<\/p>\n\n\n\n<p>Dispon\u00edvel nos tamanhos: 1L, 200L.<\/p>\n","protected":false},"excerpt":{"rendered":"<p>MOTORFIX ATF MULTI LV \u00e9 um fluido sint\u00e9tico de alto desempenho especialmente desenvolvido para transmiss\u00f5es autom\u00e1ticas sequenciais. Este fluido \u00e9 formulado com fluidos de qualidade excepcional e avan\u00e7ada tecnologia de aditivos para fornecer excelente resist\u00eancia \u00e0 oxida\u00e7\u00e3o, durabilidade de fric\u00e7\u00e3o, prote\u00e7\u00e3o contra desgaste e estabilidade ao cisalhamento. Ele \u00e9 projetado para fornecer o dobro da&#8230;<\/p>\n","protected":false},"author":1,"featured_media":5006,"parent":193,"menu_order":0,"comment_status":"closed","ping_status":"closed","template":"","meta":{"footnotes":""},"_links":{"self":[{"href":"https:\/\/www.motorfix.com.br\/index.php?rest_route=\/wp\/v2\/pages\/5004"}],"collection":[{"href":"https:\/\/www.motorfix.com.br\/index.php?rest_route=\/wp\/v2\/pages"}],"about":[{"href":"https:\/\/www.motorfix.com.br\/index.php?rest_route=\/wp\/v2\/types\/page"}],"author":[{"embeddable":true,"href":"https:\/\/www.motorfix.com.br\/index.php?rest_route=\/wp\/v2\/users\/1"}],"replies":[{"embeddable":true,"href":"https:\/\/www.motorfix.com.br\/index.php?rest_route=%2Fwp%2Fv2%2Fcomments&post=5004"}],"version-history":[{"count":6,"href":"https:\/\/www.motorfix.com.br\/index.php?rest_route=\/wp\/v2\/pages\/5004\/revisions"}],"predecessor-version":[{"id":5564,"href":"https:\/\/www.motorfix.com.br\/index.php?rest_route=\/wp\/v2\/pages\/5004\/revisions\/5564"}],"up":[{"embeddable":true,"href":"https:\/\/www.motorfix.com.br\/index.php?rest_route=\/wp\/v2\/pages\/193"}],"wp:featuredmedia":[{"embeddable":true,"href":"https:\/\/www.motorfix.com.br\/index.php?rest_route=\/wp\/v2\/media\/5006"}],"wp:attachment":[{"href":"https:\/\/www.motorfix.com.br\/index.php?rest_route=%2Fwp%2Fv2%2Fmedia&parent=5004"}],"curies":[{"name":"wp","href":"https:\/\/api.w.org\/{rel}","templated":true}]}}