{"id":5021,"date":"2025-07-22T14:39:04","date_gmt":"2025-07-22T17:39:04","guid":{"rendered":"https:\/\/www.motorfix.com.br\/?page_id=5021"},"modified":"2025-07-22T14:39:05","modified_gmt":"2025-07-22T17:39:05","slug":"acm352ca","status":"publish","type":"page","link":"https:\/\/www.motorfix.com.br\/?page_id=5021","title":{"rendered":"ACM352CA"},"content":{"rendered":"\n<figure class=\"wp-block-gallery has-nested-images columns-default is-cropped wp-block-gallery-1 is-layout-flex wp-block-gallery-is-layout-flex\">\n<figure class=\"wp-block-image size-large\"><img loading=\"lazy\" decoding=\"async\" width=\"800\" height=\"800\" data-id=\"5023\" src=\"https:\/\/www.motorfix.com.br\/wp-content\/uploads\/2025\/07\/ACM352CA-800x800.png\" alt=\"\" class=\"wp-image-5023\" srcset=\"https:\/\/www.motorfix.com.br\/wp-content\/uploads\/2025\/07\/ACM352CA.png 800w, https:\/\/www.motorfix.com.br\/wp-content\/uploads\/2025\/07\/ACM352CA-300x300.png 300w, https:\/\/www.motorfix.com.br\/wp-content\/uploads\/2025\/07\/ACM352CA-150x150.png 150w, https:\/\/www.motorfix.com.br\/wp-content\/uploads\/2025\/07\/ACM352CA-768x768.png 768w, https:\/\/www.motorfix.com.br\/wp-content\/uploads\/2025\/07\/ACM352CA-125x125.png 125w\" sizes=\"(max-width: 800px) 100vw, 800px\" \/><\/figure>\n\n\n\n<figure class=\"wp-block-image size-large\"><img loading=\"lazy\" decoding=\"async\" width=\"800\" height=\"800\" data-id=\"5022\" src=\"https:\/\/www.motorfix.com.br\/wp-content\/uploads\/2025\/07\/ACM352CA_2-800x800.png\" alt=\"\" class=\"wp-image-5022\" srcset=\"https:\/\/www.motorfix.com.br\/wp-content\/uploads\/2025\/07\/ACM352CA_2.png 800w, https:\/\/www.motorfix.com.br\/wp-content\/uploads\/2025\/07\/ACM352CA_2-300x300.png 300w, https:\/\/www.motorfix.com.br\/wp-content\/uploads\/2025\/07\/ACM352CA_2-150x150.png 150w, https:\/\/www.motorfix.com.br\/wp-content\/uploads\/2025\/07\/ACM352CA_2-768x768.png 768w, https:\/\/www.motorfix.com.br\/wp-content\/uploads\/2025\/07\/ACM352CA_2-125x125.png 125w\" sizes=\"(max-width: 800px) 100vw, 800px\" \/><\/figure>\n\n\n\n<figure class=\"wp-block-image size-large\"><img loading=\"lazy\" decoding=\"async\" width=\"800\" height=\"800\" data-id=\"5024\" src=\"https:\/\/www.motorfix.com.br\/wp-content\/uploads\/2025\/07\/ACM352CA_3-800x800.png\" alt=\"\" class=\"wp-image-5024\" srcset=\"https:\/\/www.motorfix.com.br\/wp-content\/uploads\/2025\/07\/ACM352CA_3.png 800w, https:\/\/www.motorfix.com.br\/wp-content\/uploads\/2025\/07\/ACM352CA_3-300x300.png 300w, https:\/\/www.motorfix.com.br\/wp-content\/uploads\/2025\/07\/ACM352CA_3-150x150.png 150w, https:\/\/www.motorfix.com.br\/wp-content\/uploads\/2025\/07\/ACM352CA_3-768x768.png 768w, https:\/\/www.motorfix.com.br\/wp-content\/uploads\/2025\/07\/ACM352CA_3-125x125.png 125w\" sizes=\"(max-width: 800px) 100vw, 800px\" \/><\/figure>\n<\/figure>\n\n\n\n<p><strong>C\u00f3digo original<\/strong>: 4407054100<\/p>\n\n\n\n<p><strong>C\u00f3digo similar<\/strong>:&nbsp;AKX4594, ACA613, SJ14010, CUK3970, RE261352<\/p>\n\n\n\n<p><strong>Algumas aplica\u00e7\u00f5es<\/strong>: JD<\/p>\n","protected":false},"excerpt":{"rendered":"<p>C\u00f3digo original: 4407054100 C\u00f3digo similar:&nbsp;AKX4594, ACA613, SJ14010, CUK3970, RE261352 Algumas aplica\u00e7\u00f5es: JD<\/p>\n","protected":false},"author":1,"featured_media":5023,"parent":2910,"menu_order":0,"comment_status":"closed","ping_status":"closed","template":"","meta":{"footnotes":""},"_links":{"self":[{"href":"https:\/\/www.motorfix.com.br\/index.php?rest_route=\/wp\/v2\/pages\/5021"}],"collection":[{"href":"https:\/\/www.motorfix.com.br\/index.php?rest_route=\/wp\/v2\/pages"}],"about":[{"href":"https:\/\/www.motorfix.com.br\/index.php?rest_route=\/wp\/v2\/types\/page"}],"author":[{"embeddable":true,"href":"https:\/\/www.motorfix.com.br\/index.php?rest_route=\/wp\/v2\/users\/1"}],"replies":[{"embeddable":true,"href":"https:\/\/www.motorfix.com.br\/index.php?rest_route=%2Fwp%2Fv2%2Fcomments&post=5021"}],"version-history":[{"count":1,"href":"https:\/\/www.motorfix.com.br\/index.php?rest_route=\/wp\/v2\/pages\/5021\/revisions"}],"predecessor-version":[{"id":5025,"href":"https:\/\/www.motorfix.com.br\/index.php?rest_route=\/wp\/v2\/pages\/5021\/revisions\/5025"}],"up":[{"embeddable":true,"href":"https:\/\/www.motorfix.com.br\/index.php?rest_route=\/wp\/v2\/pages\/2910"}],"wp:featuredmedia":[{"embeddable":true,"href":"https:\/\/www.motorfix.com.br\/index.php?rest_route=\/wp\/v2\/media\/5023"}],"wp:attachment":[{"href":"https:\/\/www.motorfix.com.br\/index.php?rest_route=%2Fwp%2Fv2%2Fmedia&parent=5021"}],"curies":[{"name":"wp","href":"https:\/\/api.w.org\/{rel}","templated":true}]}}