{"id":5041,"date":"2025-07-22T14:42:16","date_gmt":"2025-07-22T17:42:16","guid":{"rendered":"https:\/\/www.motorfix.com.br\/?page_id=5041"},"modified":"2025-07-22T14:42:16","modified_gmt":"2025-07-22T17:42:16","slug":"acm288ca","status":"publish","type":"page","link":"https:\/\/www.motorfix.com.br\/?page_id=5041","title":{"rendered":"ACM288CA"},"content":{"rendered":"\n<figure class=\"wp-block-gallery has-nested-images columns-default is-cropped wp-block-gallery-1 is-layout-flex wp-block-gallery-is-layout-flex\">\n<figure class=\"wp-block-image size-large\"><img loading=\"lazy\" decoding=\"async\" width=\"800\" height=\"800\" data-id=\"5042\" src=\"https:\/\/www.motorfix.com.br\/wp-content\/uploads\/2025\/07\/ACM288CA_3-800x800.png\" alt=\"\" class=\"wp-image-5042\" srcset=\"https:\/\/www.motorfix.com.br\/wp-content\/uploads\/2025\/07\/ACM288CA_3.png 800w, https:\/\/www.motorfix.com.br\/wp-content\/uploads\/2025\/07\/ACM288CA_3-300x300.png 300w, https:\/\/www.motorfix.com.br\/wp-content\/uploads\/2025\/07\/ACM288CA_3-150x150.png 150w, https:\/\/www.motorfix.com.br\/wp-content\/uploads\/2025\/07\/ACM288CA_3-768x768.png 768w, https:\/\/www.motorfix.com.br\/wp-content\/uploads\/2025\/07\/ACM288CA_3-125x125.png 125w\" sizes=\"(max-width: 800px) 100vw, 800px\" \/><\/figure>\n\n\n\n<figure class=\"wp-block-image size-large\"><img loading=\"lazy\" decoding=\"async\" width=\"800\" height=\"800\" data-id=\"5044\" src=\"https:\/\/www.motorfix.com.br\/wp-content\/uploads\/2025\/07\/ACM288CA-800x800.png\" alt=\"\" class=\"wp-image-5044\" srcset=\"https:\/\/www.motorfix.com.br\/wp-content\/uploads\/2025\/07\/ACM288CA.png 800w, https:\/\/www.motorfix.com.br\/wp-content\/uploads\/2025\/07\/ACM288CA-300x300.png 300w, https:\/\/www.motorfix.com.br\/wp-content\/uploads\/2025\/07\/ACM288CA-150x150.png 150w, https:\/\/www.motorfix.com.br\/wp-content\/uploads\/2025\/07\/ACM288CA-768x768.png 768w, https:\/\/www.motorfix.com.br\/wp-content\/uploads\/2025\/07\/ACM288CA-125x125.png 125w\" sizes=\"(max-width: 800px) 100vw, 800px\" \/><\/figure>\n\n\n\n<figure class=\"wp-block-image size-large\"><img loading=\"lazy\" decoding=\"async\" width=\"800\" height=\"800\" data-id=\"5043\" src=\"https:\/\/www.motorfix.com.br\/wp-content\/uploads\/2025\/07\/ACM288CA_2-800x800.png\" alt=\"\" class=\"wp-image-5043\" srcset=\"https:\/\/www.motorfix.com.br\/wp-content\/uploads\/2025\/07\/ACM288CA_2.png 800w, https:\/\/www.motorfix.com.br\/wp-content\/uploads\/2025\/07\/ACM288CA_2-300x300.png 300w, https:\/\/www.motorfix.com.br\/wp-content\/uploads\/2025\/07\/ACM288CA_2-150x150.png 150w, https:\/\/www.motorfix.com.br\/wp-content\/uploads\/2025\/07\/ACM288CA_2-768x768.png 768w, https:\/\/www.motorfix.com.br\/wp-content\/uploads\/2025\/07\/ACM288CA_2-125x125.png 125w\" sizes=\"(max-width: 800px) 100vw, 800px\" \/><\/figure>\n<\/figure>\n\n\n\n<p><strong>C\u00f3digo original<\/strong>:<\/p>\n\n\n\n<p><strong>C\u00f3digo similar<\/strong>:&nbsp;SJ14288 KIT 4 PE\u00c7AS<\/p>\n\n\n\n<p><strong>Algumas aplica\u00e7\u00f5es<\/strong>:&nbsp;JD AUTO PROPELIDO (KIT 2FCCG5407 + 2 FCCG5416)<\/p>\n","protected":false},"excerpt":{"rendered":"<p>C\u00f3digo original: C\u00f3digo similar:&nbsp;SJ14288 KIT 4 PE\u00c7AS Algumas aplica\u00e7\u00f5es:&nbsp;JD AUTO PROPELIDO (KIT 2FCCG5407 + 2 FCCG5416)<\/p>\n","protected":false},"author":1,"featured_media":5043,"parent":2910,"menu_order":0,"comment_status":"closed","ping_status":"closed","template":"","meta":{"footnotes":""},"_links":{"self":[{"href":"https:\/\/www.motorfix.com.br\/index.php?rest_route=\/wp\/v2\/pages\/5041"}],"collection":[{"href":"https:\/\/www.motorfix.com.br\/index.php?rest_route=\/wp\/v2\/pages"}],"about":[{"href":"https:\/\/www.motorfix.com.br\/index.php?rest_route=\/wp\/v2\/types\/page"}],"author":[{"embeddable":true,"href":"https:\/\/www.motorfix.com.br\/index.php?rest_route=\/wp\/v2\/users\/1"}],"replies":[{"embeddable":true,"href":"https:\/\/www.motorfix.com.br\/index.php?rest_route=%2Fwp%2Fv2%2Fcomments&post=5041"}],"version-history":[{"count":1,"href":"https:\/\/www.motorfix.com.br\/index.php?rest_route=\/wp\/v2\/pages\/5041\/revisions"}],"predecessor-version":[{"id":5045,"href":"https:\/\/www.motorfix.com.br\/index.php?rest_route=\/wp\/v2\/pages\/5041\/revisions\/5045"}],"up":[{"embeddable":true,"href":"https:\/\/www.motorfix.com.br\/index.php?rest_route=\/wp\/v2\/pages\/2910"}],"wp:featuredmedia":[{"embeddable":true,"href":"https:\/\/www.motorfix.com.br\/index.php?rest_route=\/wp\/v2\/media\/5043"}],"wp:attachment":[{"href":"https:\/\/www.motorfix.com.br\/index.php?rest_route=%2Fwp%2Fv2%2Fmedia&parent=5041"}],"curies":[{"name":"wp","href":"https:\/\/api.w.org\/{rel}","templated":true}]}}