{"id":5056,"date":"2025-07-22T14:45:29","date_gmt":"2025-07-22T17:45:29","guid":{"rendered":"https:\/\/www.motorfix.com.br\/?page_id=5056"},"modified":"2025-07-22T14:45:29","modified_gmt":"2025-07-22T17:45:29","slug":"acm687ca","status":"publish","type":"page","link":"https:\/\/www.motorfix.com.br\/?page_id=5056","title":{"rendered":"ACM687CA"},"content":{"rendered":"\n<p><\/p>\n\n\n\n<figure class=\"wp-block-gallery has-nested-images columns-default is-cropped wp-block-gallery-1 is-layout-flex wp-block-gallery-is-layout-flex\">\n<figure class=\"wp-block-image size-large\"><img loading=\"lazy\" decoding=\"async\" width=\"800\" height=\"800\" data-id=\"5058\" src=\"https:\/\/www.motorfix.com.br\/wp-content\/uploads\/2025\/07\/ACM687CA_2-800x800.png\" alt=\"\" class=\"wp-image-5058\" srcset=\"https:\/\/www.motorfix.com.br\/wp-content\/uploads\/2025\/07\/ACM687CA_2.png 800w, https:\/\/www.motorfix.com.br\/wp-content\/uploads\/2025\/07\/ACM687CA_2-300x300.png 300w, https:\/\/www.motorfix.com.br\/wp-content\/uploads\/2025\/07\/ACM687CA_2-150x150.png 150w, https:\/\/www.motorfix.com.br\/wp-content\/uploads\/2025\/07\/ACM687CA_2-768x768.png 768w, https:\/\/www.motorfix.com.br\/wp-content\/uploads\/2025\/07\/ACM687CA_2-125x125.png 125w\" sizes=\"(max-width: 800px) 100vw, 800px\" \/><\/figure>\n\n\n\n<figure class=\"wp-block-image size-large\"><img loading=\"lazy\" decoding=\"async\" width=\"800\" height=\"800\" data-id=\"5059\" src=\"https:\/\/www.motorfix.com.br\/wp-content\/uploads\/2025\/07\/ACM687CA_3-800x800.png\" alt=\"\" class=\"wp-image-5059\" srcset=\"https:\/\/www.motorfix.com.br\/wp-content\/uploads\/2025\/07\/ACM687CA_3.png 800w, https:\/\/www.motorfix.com.br\/wp-content\/uploads\/2025\/07\/ACM687CA_3-300x300.png 300w, https:\/\/www.motorfix.com.br\/wp-content\/uploads\/2025\/07\/ACM687CA_3-150x150.png 150w, https:\/\/www.motorfix.com.br\/wp-content\/uploads\/2025\/07\/ACM687CA_3-768x768.png 768w, https:\/\/www.motorfix.com.br\/wp-content\/uploads\/2025\/07\/ACM687CA_3-125x125.png 125w\" sizes=\"(max-width: 800px) 100vw, 800px\" \/><\/figure>\n\n\n\n<figure class=\"wp-block-image size-large\"><img loading=\"lazy\" decoding=\"async\" width=\"800\" height=\"800\" data-id=\"5060\" src=\"https:\/\/www.motorfix.com.br\/wp-content\/uploads\/2025\/07\/ACM687CA-1-800x800.png\" alt=\"\" class=\"wp-image-5060\" srcset=\"https:\/\/www.motorfix.com.br\/wp-content\/uploads\/2025\/07\/ACM687CA-1.png 800w, https:\/\/www.motorfix.com.br\/wp-content\/uploads\/2025\/07\/ACM687CA-1-300x300.png 300w, https:\/\/www.motorfix.com.br\/wp-content\/uploads\/2025\/07\/ACM687CA-1-150x150.png 150w, https:\/\/www.motorfix.com.br\/wp-content\/uploads\/2025\/07\/ACM687CA-1-768x768.png 768w, https:\/\/www.motorfix.com.br\/wp-content\/uploads\/2025\/07\/ACM687CA-1-125x125.png 125w\" sizes=\"(max-width: 800px) 100vw, 800px\" \/><\/figure>\n<\/figure>\n\n\n\n<p><strong>C\u00f3digo original<\/strong>: 87726699, 87302687<\/p>\n\n\n\n<p><strong>C\u00f3digo similar<\/strong>:&nbsp;AKX4605, ACP687, PA5399, TAC2687, CU3861, AF55773, E5935LI<\/p>\n\n\n\n<p><strong>Algumas aplica\u00e7\u00f5es<\/strong>:&nbsp;CNH\/PUMA\/MAXXUM<\/p>\n","protected":false},"excerpt":{"rendered":"<p>C\u00f3digo original: 87726699, 87302687 C\u00f3digo similar:&nbsp;AKX4605, ACP687, PA5399, TAC2687, CU3861, AF55773, E5935LI Algumas aplica\u00e7\u00f5es:&nbsp;CNH\/PUMA\/MAXXUM<\/p>\n","protected":false},"author":1,"featured_media":5060,"parent":2910,"menu_order":0,"comment_status":"closed","ping_status":"closed","template":"","meta":{"footnotes":""},"_links":{"self":[{"href":"https:\/\/www.motorfix.com.br\/index.php?rest_route=\/wp\/v2\/pages\/5056"}],"collection":[{"href":"https:\/\/www.motorfix.com.br\/index.php?rest_route=\/wp\/v2\/pages"}],"about":[{"href":"https:\/\/www.motorfix.com.br\/index.php?rest_route=\/wp\/v2\/types\/page"}],"author":[{"embeddable":true,"href":"https:\/\/www.motorfix.com.br\/index.php?rest_route=\/wp\/v2\/users\/1"}],"replies":[{"embeddable":true,"href":"https:\/\/www.motorfix.com.br\/index.php?rest_route=%2Fwp%2Fv2%2Fcomments&post=5056"}],"version-history":[{"count":1,"href":"https:\/\/www.motorfix.com.br\/index.php?rest_route=\/wp\/v2\/pages\/5056\/revisions"}],"predecessor-version":[{"id":5061,"href":"https:\/\/www.motorfix.com.br\/index.php?rest_route=\/wp\/v2\/pages\/5056\/revisions\/5061"}],"up":[{"embeddable":true,"href":"https:\/\/www.motorfix.com.br\/index.php?rest_route=\/wp\/v2\/pages\/2910"}],"wp:featuredmedia":[{"embeddable":true,"href":"https:\/\/www.motorfix.com.br\/index.php?rest_route=\/wp\/v2\/media\/5060"}],"wp:attachment":[{"href":"https:\/\/www.motorfix.com.br\/index.php?rest_route=%2Fwp%2Fv2%2Fmedia&parent=5056"}],"curies":[{"name":"wp","href":"https:\/\/api.w.org\/{rel}","templated":true}]}}