{"id":5072,"date":"2025-07-22T14:49:59","date_gmt":"2025-07-22T17:49:59","guid":{"rendered":"https:\/\/www.motorfix.com.br\/?page_id=5072"},"modified":"2025-07-22T14:50:00","modified_gmt":"2025-07-22T17:50:00","slug":"acm223","status":"publish","type":"page","link":"https:\/\/www.motorfix.com.br\/?page_id=5072","title":{"rendered":"ACM223"},"content":{"rendered":"\n<figure class=\"wp-block-gallery has-nested-images columns-default is-cropped wp-block-gallery-1 is-layout-flex wp-block-gallery-is-layout-flex\">\n<figure class=\"wp-block-image size-large\"><img loading=\"lazy\" decoding=\"async\" width=\"800\" height=\"800\" data-id=\"5073\" src=\"https:\/\/www.motorfix.com.br\/wp-content\/uploads\/2025\/07\/ACM223-800x800.png\" alt=\"\" class=\"wp-image-5073\" srcset=\"https:\/\/www.motorfix.com.br\/wp-content\/uploads\/2025\/07\/ACM223.png 800w, https:\/\/www.motorfix.com.br\/wp-content\/uploads\/2025\/07\/ACM223-300x300.png 300w, https:\/\/www.motorfix.com.br\/wp-content\/uploads\/2025\/07\/ACM223-150x150.png 150w, https:\/\/www.motorfix.com.br\/wp-content\/uploads\/2025\/07\/ACM223-768x768.png 768w, https:\/\/www.motorfix.com.br\/wp-content\/uploads\/2025\/07\/ACM223-125x125.png 125w\" sizes=\"(max-width: 800px) 100vw, 800px\" \/><\/figure>\n\n\n\n<figure class=\"wp-block-image size-large\"><img loading=\"lazy\" decoding=\"async\" width=\"800\" height=\"800\" data-id=\"5075\" src=\"https:\/\/www.motorfix.com.br\/wp-content\/uploads\/2025\/07\/ACM223_2-800x800.png\" alt=\"\" class=\"wp-image-5075\" srcset=\"https:\/\/www.motorfix.com.br\/wp-content\/uploads\/2025\/07\/ACM223_2.png 800w, https:\/\/www.motorfix.com.br\/wp-content\/uploads\/2025\/07\/ACM223_2-300x300.png 300w, https:\/\/www.motorfix.com.br\/wp-content\/uploads\/2025\/07\/ACM223_2-150x150.png 150w, https:\/\/www.motorfix.com.br\/wp-content\/uploads\/2025\/07\/ACM223_2-768x768.png 768w, https:\/\/www.motorfix.com.br\/wp-content\/uploads\/2025\/07\/ACM223_2-125x125.png 125w\" sizes=\"(max-width: 800px) 100vw, 800px\" \/><\/figure>\n\n\n\n<figure class=\"wp-block-image size-large\"><img loading=\"lazy\" decoding=\"async\" width=\"800\" height=\"800\" data-id=\"5074\" src=\"https:\/\/www.motorfix.com.br\/wp-content\/uploads\/2025\/07\/ACM223_3-800x800.png\" alt=\"\" class=\"wp-image-5074\" srcset=\"https:\/\/www.motorfix.com.br\/wp-content\/uploads\/2025\/07\/ACM223_3.png 800w, https:\/\/www.motorfix.com.br\/wp-content\/uploads\/2025\/07\/ACM223_3-300x300.png 300w, https:\/\/www.motorfix.com.br\/wp-content\/uploads\/2025\/07\/ACM223_3-150x150.png 150w, https:\/\/www.motorfix.com.br\/wp-content\/uploads\/2025\/07\/ACM223_3-768x768.png 768w, https:\/\/www.motorfix.com.br\/wp-content\/uploads\/2025\/07\/ACM223_3-125x125.png 125w\" sizes=\"(max-width: 800px) 100vw, 800px\" \/><\/figure>\n<\/figure>\n\n\n\n<p><strong>C\u00f3digo original<\/strong>: 2112660<\/p>\n\n\n\n<p><strong>C\u00f3digo similar<\/strong>:&nbsp;AKX4560, ACP223, PA5697, AF55741, F81214, F81248, P637257, FAACAT03<\/p>\n\n\n\n<p><strong>Algumas aplica\u00e7\u00f5es<\/strong>:&nbsp;CATERPILLAR (RETROESCAVADEIRA 416&gt; 420)<\/p>\n","protected":false},"excerpt":{"rendered":"<p>C\u00f3digo original: 2112660 C\u00f3digo similar:&nbsp;AKX4560, ACP223, PA5697, AF55741, F81214, F81248, P637257, FAACAT03 Algumas aplica\u00e7\u00f5es:&nbsp;CATERPILLAR (RETROESCAVADEIRA 416&gt; 420)<\/p>\n","protected":false},"author":1,"featured_media":5073,"parent":2910,"menu_order":0,"comment_status":"closed","ping_status":"closed","template":"","meta":{"footnotes":""},"_links":{"self":[{"href":"https:\/\/www.motorfix.com.br\/index.php?rest_route=\/wp\/v2\/pages\/5072"}],"collection":[{"href":"https:\/\/www.motorfix.com.br\/index.php?rest_route=\/wp\/v2\/pages"}],"about":[{"href":"https:\/\/www.motorfix.com.br\/index.php?rest_route=\/wp\/v2\/types\/page"}],"author":[{"embeddable":true,"href":"https:\/\/www.motorfix.com.br\/index.php?rest_route=\/wp\/v2\/users\/1"}],"replies":[{"embeddable":true,"href":"https:\/\/www.motorfix.com.br\/index.php?rest_route=%2Fwp%2Fv2%2Fcomments&post=5072"}],"version-history":[{"count":1,"href":"https:\/\/www.motorfix.com.br\/index.php?rest_route=\/wp\/v2\/pages\/5072\/revisions"}],"predecessor-version":[{"id":5076,"href":"https:\/\/www.motorfix.com.br\/index.php?rest_route=\/wp\/v2\/pages\/5072\/revisions\/5076"}],"up":[{"embeddable":true,"href":"https:\/\/www.motorfix.com.br\/index.php?rest_route=\/wp\/v2\/pages\/2910"}],"wp:featuredmedia":[{"embeddable":true,"href":"https:\/\/www.motorfix.com.br\/index.php?rest_route=\/wp\/v2\/media\/5073"}],"wp:attachment":[{"href":"https:\/\/www.motorfix.com.br\/index.php?rest_route=%2Fwp%2Fv2%2Fmedia&parent=5072"}],"curies":[{"name":"wp","href":"https:\/\/api.w.org\/{rel}","templated":true}]}}