{"id":5087,"date":"2025-07-22T14:51:33","date_gmt":"2025-07-22T17:51:33","guid":{"rendered":"https:\/\/www.motorfix.com.br\/?page_id=5087"},"modified":"2025-07-22T14:51:33","modified_gmt":"2025-07-22T17:51:33","slug":"acm355","status":"publish","type":"page","link":"https:\/\/www.motorfix.com.br\/?page_id=5087","title":{"rendered":"ACM355"},"content":{"rendered":"\n<figure class=\"wp-block-gallery has-nested-images columns-default is-cropped wp-block-gallery-1 is-layout-flex wp-block-gallery-is-layout-flex\">\n<figure class=\"wp-block-image size-large\"><img loading=\"lazy\" decoding=\"async\" width=\"800\" height=\"800\" data-id=\"5090\" src=\"https:\/\/www.motorfix.com.br\/wp-content\/uploads\/2025\/07\/ACM355_3-800x800.png\" alt=\"\" class=\"wp-image-5090\" srcset=\"https:\/\/www.motorfix.com.br\/wp-content\/uploads\/2025\/07\/ACM355_3.png 800w, https:\/\/www.motorfix.com.br\/wp-content\/uploads\/2025\/07\/ACM355_3-300x300.png 300w, https:\/\/www.motorfix.com.br\/wp-content\/uploads\/2025\/07\/ACM355_3-150x150.png 150w, https:\/\/www.motorfix.com.br\/wp-content\/uploads\/2025\/07\/ACM355_3-768x768.png 768w, https:\/\/www.motorfix.com.br\/wp-content\/uploads\/2025\/07\/ACM355_3-125x125.png 125w\" sizes=\"(max-width: 800px) 100vw, 800px\" \/><\/figure>\n\n\n\n<figure class=\"wp-block-image size-large\"><img loading=\"lazy\" decoding=\"async\" width=\"800\" height=\"800\" data-id=\"5088\" src=\"https:\/\/www.motorfix.com.br\/wp-content\/uploads\/2025\/07\/ACM355-800x800.png\" alt=\"\" class=\"wp-image-5088\" srcset=\"https:\/\/www.motorfix.com.br\/wp-content\/uploads\/2025\/07\/ACM355.png 800w, https:\/\/www.motorfix.com.br\/wp-content\/uploads\/2025\/07\/ACM355-300x300.png 300w, https:\/\/www.motorfix.com.br\/wp-content\/uploads\/2025\/07\/ACM355-150x150.png 150w, https:\/\/www.motorfix.com.br\/wp-content\/uploads\/2025\/07\/ACM355-768x768.png 768w, https:\/\/www.motorfix.com.br\/wp-content\/uploads\/2025\/07\/ACM355-125x125.png 125w\" sizes=\"(max-width: 800px) 100vw, 800px\" \/><\/figure>\n\n\n\n<figure class=\"wp-block-image size-large\"><img loading=\"lazy\" decoding=\"async\" width=\"800\" height=\"800\" data-id=\"5089\" src=\"https:\/\/www.motorfix.com.br\/wp-content\/uploads\/2025\/07\/ACM355_2-800x800.png\" alt=\"\" class=\"wp-image-5089\" srcset=\"https:\/\/www.motorfix.com.br\/wp-content\/uploads\/2025\/07\/ACM355_2.png 800w, https:\/\/www.motorfix.com.br\/wp-content\/uploads\/2025\/07\/ACM355_2-300x300.png 300w, https:\/\/www.motorfix.com.br\/wp-content\/uploads\/2025\/07\/ACM355_2-150x150.png 150w, https:\/\/www.motorfix.com.br\/wp-content\/uploads\/2025\/07\/ACM355_2-768x768.png 768w, https:\/\/www.motorfix.com.br\/wp-content\/uploads\/2025\/07\/ACM355_2-125x125.png 125w\" sizes=\"(max-width: 800px) 100vw, 800px\" \/><\/figure>\n<\/figure>\n\n\n\n<p><strong>C\u00f3digo original<\/strong>: 87726675, 82022328, 820223280, 82034664, 87309516<\/p>\n\n\n\n<p><strong>C\u00f3digo similar<\/strong>:&nbsp;AKX4606, ACP355, PA5396, AF27946, E1983LI, 47863571, CUD55001, SC90127, 87309516<\/p>\n\n\n\n<p><strong>Algumas aplica\u00e7\u00f5es<\/strong>:&nbsp;CNH\/PUMA<\/p>\n","protected":false},"excerpt":{"rendered":"<p>C\u00f3digo original: 87726675, 82022328, 820223280, 82034664, 87309516 C\u00f3digo similar:&nbsp;AKX4606, ACP355, PA5396, AF27946, E1983LI, 47863571, CUD55001, SC90127, 87309516 Algumas aplica\u00e7\u00f5es:&nbsp;CNH\/PUMA<\/p>\n","protected":false},"author":1,"featured_media":5088,"parent":2910,"menu_order":0,"comment_status":"closed","ping_status":"closed","template":"","meta":{"footnotes":""},"_links":{"self":[{"href":"https:\/\/www.motorfix.com.br\/index.php?rest_route=\/wp\/v2\/pages\/5087"}],"collection":[{"href":"https:\/\/www.motorfix.com.br\/index.php?rest_route=\/wp\/v2\/pages"}],"about":[{"href":"https:\/\/www.motorfix.com.br\/index.php?rest_route=\/wp\/v2\/types\/page"}],"author":[{"embeddable":true,"href":"https:\/\/www.motorfix.com.br\/index.php?rest_route=\/wp\/v2\/users\/1"}],"replies":[{"embeddable":true,"href":"https:\/\/www.motorfix.com.br\/index.php?rest_route=%2Fwp%2Fv2%2Fcomments&post=5087"}],"version-history":[{"count":1,"href":"https:\/\/www.motorfix.com.br\/index.php?rest_route=\/wp\/v2\/pages\/5087\/revisions"}],"predecessor-version":[{"id":5091,"href":"https:\/\/www.motorfix.com.br\/index.php?rest_route=\/wp\/v2\/pages\/5087\/revisions\/5091"}],"up":[{"embeddable":true,"href":"https:\/\/www.motorfix.com.br\/index.php?rest_route=\/wp\/v2\/pages\/2910"}],"wp:featuredmedia":[{"embeddable":true,"href":"https:\/\/www.motorfix.com.br\/index.php?rest_route=\/wp\/v2\/media\/5088"}],"wp:attachment":[{"href":"https:\/\/www.motorfix.com.br\/index.php?rest_route=%2Fwp%2Fv2%2Fmedia&parent=5087"}],"curies":[{"name":"wp","href":"https:\/\/api.w.org\/{rel}","templated":true}]}}