{"id":516,"date":"2022-04-02T08:55:12","date_gmt":"2022-04-02T11:55:12","guid":{"rendered":"https:\/\/www.motorfix.com.br\/?page_id=516"},"modified":"2026-04-02T08:52:42","modified_gmt":"2026-04-02T11:52:42","slug":"super-4t-20w-50","status":"publish","type":"page","link":"https:\/\/www.motorfix.com.br\/?page_id=516","title":{"rendered":"Super 4T 20W-50"},"content":{"rendered":"\n<figure class=\"wp-block-image size-large\"><img loading=\"lazy\" decoding=\"async\" width=\"1000\" height=\"658\" src=\"https:\/\/www.motorfix.com.br\/wp-content\/uploads\/2026\/03\/SUPER-4T-20W-50-1-60-200-1000x658.png\" alt=\"\" class=\"wp-image-5516\" srcset=\"https:\/\/www.motorfix.com.br\/wp-content\/uploads\/2026\/03\/SUPER-4T-20W-50-1-60-200.png 1000w, https:\/\/www.motorfix.com.br\/wp-content\/uploads\/2026\/03\/SUPER-4T-20W-50-1-60-200-300x197.png 300w, https:\/\/www.motorfix.com.br\/wp-content\/uploads\/2026\/03\/SUPER-4T-20W-50-1-60-200-768x505.png 768w\" sizes=\"(max-width: 1000px) 100vw, 1000px\" \/><\/figure>\n\n\n\n<p><strong>MOTORFIX SUPER 4T 20W50 SL<\/strong> \u00e9 um \u00f3leo lubrificante premium para motores quatro tempos,<br>desenvolvido especificamente para atender as severas exig\u00eancias de motores quatro tempos de<br>motocicletas. Proporciona alto grau de confiabilidade mesmo sob condi\u00e7\u00f5es severas de opera\u00e7\u00e3o.<br><\/p>\n\n\n\n<p><strong>MOTORFIX SUPER 4T 20W50 SL <\/strong>\u00e9 formulado a partir de \u00f3leos base de qualidade superior e aditivos<br>de desempenho especialmente selecionados para fornecer excelente prote\u00e7\u00e3o para o motor, caixa<br>de marchas e embreagem.<\/p>\n\n\n\n<p><br><strong>MOTORFIX SUPER 4T 20W50 SL<\/strong> atende especifica\u00e7\u00f5es JASO MA2 &#8211; API SL; SAE 20W50.<\/p>\n\n\n\n<p>Dispon\u00edvel nos tamanhos: 1L, 60L, 200L.<\/p>\n","protected":false},"excerpt":{"rendered":"<p>MOTORFIX SUPER 4T 20W50 SL \u00e9 um \u00f3leo lubrificante premium para motores quatro tempos,desenvolvido especificamente para atender as severas exig\u00eancias de motores quatro tempos demotocicletas. Proporciona alto grau de confiabilidade mesmo sob condi\u00e7\u00f5es severas de opera\u00e7\u00e3o. MOTORFIX SUPER 4T 20W50 SL \u00e9 formulado a partir de \u00f3leos base de qualidade superior e aditivosde desempenho especialmente&#8230;<\/p>\n","protected":false},"author":1,"featured_media":283,"parent":185,"menu_order":1,"comment_status":"closed","ping_status":"closed","template":"","meta":{"footnotes":""},"_links":{"self":[{"href":"https:\/\/www.motorfix.com.br\/index.php?rest_route=\/wp\/v2\/pages\/516"}],"collection":[{"href":"https:\/\/www.motorfix.com.br\/index.php?rest_route=\/wp\/v2\/pages"}],"about":[{"href":"https:\/\/www.motorfix.com.br\/index.php?rest_route=\/wp\/v2\/types\/page"}],"author":[{"embeddable":true,"href":"https:\/\/www.motorfix.com.br\/index.php?rest_route=\/wp\/v2\/users\/1"}],"replies":[{"embeddable":true,"href":"https:\/\/www.motorfix.com.br\/index.php?rest_route=%2Fwp%2Fv2%2Fcomments&post=516"}],"version-history":[{"count":9,"href":"https:\/\/www.motorfix.com.br\/index.php?rest_route=\/wp\/v2\/pages\/516\/revisions"}],"predecessor-version":[{"id":5714,"href":"https:\/\/www.motorfix.com.br\/index.php?rest_route=\/wp\/v2\/pages\/516\/revisions\/5714"}],"up":[{"embeddable":true,"href":"https:\/\/www.motorfix.com.br\/index.php?rest_route=\/wp\/v2\/pages\/185"}],"wp:featuredmedia":[{"embeddable":true,"href":"https:\/\/www.motorfix.com.br\/index.php?rest_route=\/wp\/v2\/media\/283"}],"wp:attachment":[{"href":"https:\/\/www.motorfix.com.br\/index.php?rest_route=%2Fwp%2Fv2%2Fmedia&parent=516"}],"curies":[{"name":"wp","href":"https:\/\/api.w.org\/{rel}","templated":true}]}}