{"id":5253,"date":"2025-10-28T15:30:14","date_gmt":"2025-10-28T18:30:14","guid":{"rendered":"https:\/\/www.motorfix.com.br\/?page_id=5253"},"modified":"2025-10-28T15:45:51","modified_gmt":"2025-10-28T18:45:51","slug":"lithium-gard-mp-azul","status":"publish","type":"page","link":"https:\/\/www.motorfix.com.br\/?page_id=5253","title":{"rendered":"LITHIUM GARD MP AZUL"},"content":{"rendered":"\n<figure class=\"wp-block-gallery has-nested-images columns-default is-cropped wp-block-gallery-1 is-layout-flex wp-block-gallery-is-layout-flex\">\n<figure class=\"wp-block-image size-large\"><img loading=\"lazy\" decoding=\"async\" width=\"800\" height=\"726\" data-id=\"5254\" src=\"https:\/\/www.motorfix.com.br\/wp-content\/uploads\/2025\/10\/Graxa-lithium-gard-mp-500gm-800x726.png\" alt=\"\" class=\"wp-image-5254\" srcset=\"https:\/\/www.motorfix.com.br\/wp-content\/uploads\/2025\/10\/Graxa-lithium-gard-mp-500gm.png 800w, https:\/\/www.motorfix.com.br\/wp-content\/uploads\/2025\/10\/Graxa-lithium-gard-mp-500gm-300x272.png 300w, https:\/\/www.motorfix.com.br\/wp-content\/uploads\/2025\/10\/Graxa-lithium-gard-mp-500gm-768x697.png 768w\" sizes=\"(max-width: 800px) 100vw, 800px\" \/><\/figure>\n<\/figure>\n\n\n\n<p>Graxa lubrificante \u00e0 base de sab\u00e3o de l\u00edtio, desenvolvida para m\u00faltiplas aplica\u00e7\u00f5es industriais. Formulada com \u00f3leos b\u00e1sicos naft\u00eanicos e paraf\u00ednicos, somados a uma combina\u00e7\u00e3o de aditivos antioxidante e anticorrosivo. Dispon\u00edvel nos graus NLGI 00, 0,1, 2 e 3. Apresenta caracter\u00edsticas de resist\u00eancia \u00e0 oxida\u00e7\u00e3o e \u00e0 lavagem por \u00e1gua, podendo ser empregada em ambientes \u00famidos ou sujeitos \u00e0 contamina\u00e7\u00e3o por \u00e1gua ou vapor. Pode ser utilizada na faixa de temperatura entre -10\u00b0C e 130\u00b0C, suportando picos de at\u00e9 150\u00baC.<br><strong>Aplica\u00e7\u00f5es<\/strong>: Nos graus NLGI 2 e 3 s\u00e3o formuladas com aditivo antioxidante e recomendadas para a lubrifica\u00e7\u00e3o de engrenagens, acoplamentos e mancais planos e de rolamentos, como aqueles instalados em compressores, bombas, motores el\u00e9tricos e equipamentos mec\u00e2nicos em geral. No grau NLGI 3 \u00e9 especialmente recomendada para aplica\u00e7\u00f5es em motores de tra\u00e7\u00e3o de locomotivas. Nos graus NLGI 00,0 e 1 propiciam uma boa lubrifica\u00e7\u00e3o dos fusos e possui excelente bombeabilidade em todas as condi\u00e7\u00f5es clim\u00e1ticas. Possuem ainda aditivos antioxidante e anticorrosivo, e s\u00e3o recomendadas para a lubrifica\u00e7\u00e3o em sistemas centralizados industriais e em equipamentos que operem em altas rota\u00e7\u00f5es, sobretudo quando \u00e9 requerido pelo fabricante uma graxa NLGI 00, 0 ou 1.<\/p>\n","protected":false},"excerpt":{"rendered":"<p>Graxa lubrificante \u00e0 base de sab\u00e3o de l\u00edtio, desenvolvida para m\u00faltiplas aplica\u00e7\u00f5es industriais. Formulada com \u00f3leos b\u00e1sicos naft\u00eanicos e paraf\u00ednicos, somados a uma combina\u00e7\u00e3o de aditivos antioxidante e anticorrosivo. Dispon\u00edvel nos graus NLGI 00, 0,1, 2 e 3. Apresenta caracter\u00edsticas de resist\u00eancia \u00e0 oxida\u00e7\u00e3o e \u00e0 lavagem por \u00e1gua, podendo ser empregada em ambientes \u00famidos&#8230;<\/p>\n","protected":false},"author":1,"featured_media":5255,"parent":202,"menu_order":0,"comment_status":"closed","ping_status":"closed","template":"","meta":{"footnotes":""},"_links":{"self":[{"href":"https:\/\/www.motorfix.com.br\/index.php?rest_route=\/wp\/v2\/pages\/5253"}],"collection":[{"href":"https:\/\/www.motorfix.com.br\/index.php?rest_route=\/wp\/v2\/pages"}],"about":[{"href":"https:\/\/www.motorfix.com.br\/index.php?rest_route=\/wp\/v2\/types\/page"}],"author":[{"embeddable":true,"href":"https:\/\/www.motorfix.com.br\/index.php?rest_route=\/wp\/v2\/users\/1"}],"replies":[{"embeddable":true,"href":"https:\/\/www.motorfix.com.br\/index.php?rest_route=%2Fwp%2Fv2%2Fcomments&post=5253"}],"version-history":[{"count":2,"href":"https:\/\/www.motorfix.com.br\/index.php?rest_route=\/wp\/v2\/pages\/5253\/revisions"}],"predecessor-version":[{"id":5266,"href":"https:\/\/www.motorfix.com.br\/index.php?rest_route=\/wp\/v2\/pages\/5253\/revisions\/5266"}],"up":[{"embeddable":true,"href":"https:\/\/www.motorfix.com.br\/index.php?rest_route=\/wp\/v2\/pages\/202"}],"wp:featuredmedia":[{"embeddable":true,"href":"https:\/\/www.motorfix.com.br\/index.php?rest_route=\/wp\/v2\/media\/5255"}],"wp:attachment":[{"href":"https:\/\/www.motorfix.com.br\/index.php?rest_route=%2Fwp%2Fv2%2Fmedia&parent=5253"}],"curies":[{"name":"wp","href":"https:\/\/api.w.org\/{rel}","templated":true}]}}