{"id":532,"date":"2022-04-02T09:06:54","date_gmt":"2022-04-02T12:06:54","guid":{"rendered":"https:\/\/www.motorfix.com.br\/?page_id=532"},"modified":"2026-04-02T08:52:00","modified_gmt":"2026-04-02T11:52:00","slug":"super-2t-1l","status":"publish","type":"page","link":"https:\/\/www.motorfix.com.br\/?page_id=532","title":{"rendered":"Super 2T"},"content":{"rendered":"\n<figure class=\"wp-block-image size-large\"><img loading=\"lazy\" decoding=\"async\" width=\"1000\" height=\"1001\" src=\"https:\/\/www.motorfix.com.br\/wp-content\/uploads\/2025\/08\/SUPER-2T-1L-1000x1001.png\" alt=\"\" class=\"wp-image-5120\" srcset=\"https:\/\/www.motorfix.com.br\/wp-content\/uploads\/2025\/08\/SUPER-2T-1L.png 1000w, https:\/\/www.motorfix.com.br\/wp-content\/uploads\/2025\/08\/SUPER-2T-1L-300x300.png 300w, https:\/\/www.motorfix.com.br\/wp-content\/uploads\/2025\/08\/SUPER-2T-1L-150x150.png 150w, https:\/\/www.motorfix.com.br\/wp-content\/uploads\/2025\/08\/SUPER-2T-1L-768x769.png 768w, https:\/\/www.motorfix.com.br\/wp-content\/uploads\/2025\/08\/SUPER-2T-1L-125x125.png 125w\" sizes=\"(max-width: 1000px) 100vw, 1000px\" \/><\/figure>\n\n\n\n<p><strong>MOTORFIX SUPER 2T<\/strong> \u00e9 um \u00f3leo lubrificante mineral monoviscoso para motores 2 tempos \u00e0<br>gasolina. Proporciona prote\u00e7\u00e3o contra corros\u00e3o e forma\u00e7\u00e3o de dep\u00f3sitos a alta temperatura.<br><\/p>\n\n\n\n<p><strong>MOTORFIX SUPER 2T<\/strong> \u00e9 um \u00f3leo composto por uma mistura de hidrocarbonetos com<br>predomin\u00e2ncia de paraf\u00ednicos; composto de pacotes de aditivos com caracter\u00edsticas antiferrugem,<br>detergente-dispersante, antidesgaste, anticorrosivo, antioxidante e melhorador de viscosidade.<br><\/p>\n\n\n\n<p><strong>MOTORFIX SUPER 2T<\/strong> atende especifica\u00e7\u00f5es API TC\/JASO FB.<\/p>\n\n\n\n<p>Dispon\u00edvel em embalagens de 1L.<\/p>\n","protected":false},"excerpt":{"rendered":"<p>MOTORFIX SUPER 2T \u00e9 um \u00f3leo lubrificante mineral monoviscoso para motores 2 tempos \u00e0gasolina. Proporciona prote\u00e7\u00e3o contra corros\u00e3o e forma\u00e7\u00e3o de dep\u00f3sitos a alta temperatura. MOTORFIX SUPER 2T \u00e9 um \u00f3leo composto por uma mistura de hidrocarbonetos compredomin\u00e2ncia de paraf\u00ednicos; composto de pacotes de aditivos com caracter\u00edsticas antiferrugem,detergente-dispersante, antidesgaste, anticorrosivo, antioxidante e melhorador de viscosidade&#8230;.<\/p>\n","protected":false},"author":1,"featured_media":5121,"parent":185,"menu_order":3,"comment_status":"closed","ping_status":"closed","template":"","meta":{"footnotes":""},"_links":{"self":[{"href":"https:\/\/www.motorfix.com.br\/index.php?rest_route=\/wp\/v2\/pages\/532"}],"collection":[{"href":"https:\/\/www.motorfix.com.br\/index.php?rest_route=\/wp\/v2\/pages"}],"about":[{"href":"https:\/\/www.motorfix.com.br\/index.php?rest_route=\/wp\/v2\/types\/page"}],"author":[{"embeddable":true,"href":"https:\/\/www.motorfix.com.br\/index.php?rest_route=\/wp\/v2\/users\/1"}],"replies":[{"embeddable":true,"href":"https:\/\/www.motorfix.com.br\/index.php?rest_route=%2Fwp%2Fv2%2Fcomments&post=532"}],"version-history":[{"count":8,"href":"https:\/\/www.motorfix.com.br\/index.php?rest_route=\/wp\/v2\/pages\/532\/revisions"}],"predecessor-version":[{"id":5711,"href":"https:\/\/www.motorfix.com.br\/index.php?rest_route=\/wp\/v2\/pages\/532\/revisions\/5711"}],"up":[{"embeddable":true,"href":"https:\/\/www.motorfix.com.br\/index.php?rest_route=\/wp\/v2\/pages\/185"}],"wp:featuredmedia":[{"embeddable":true,"href":"https:\/\/www.motorfix.com.br\/index.php?rest_route=\/wp\/v2\/media\/5121"}],"wp:attachment":[{"href":"https:\/\/www.motorfix.com.br\/index.php?rest_route=%2Fwp%2Fv2%2Fmedia&parent=532"}],"curies":[{"name":"wp","href":"https:\/\/api.w.org\/{rel}","templated":true}]}}