{"id":537,"date":"2022-04-02T09:11:11","date_gmt":"2022-04-02T12:11:11","guid":{"rendered":"https:\/\/www.motorfix.com.br\/?page_id=537"},"modified":"2026-04-02T08:51:43","modified_gmt":"2026-04-02T11:51:43","slug":"super-4t-plus-10w-30-1l","status":"publish","type":"page","link":"https:\/\/www.motorfix.com.br\/?page_id=537","title":{"rendered":"Super 4T Plus 10W-30"},"content":{"rendered":"\n<figure class=\"wp-block-image size-large\"><img loading=\"lazy\" decoding=\"async\" width=\"1000\" height=\"658\" src=\"https:\/\/www.motorfix.com.br\/wp-content\/uploads\/2026\/03\/SUPER-4T-PLUS-10W-30-1-60-200-1000x658.png\" alt=\"\" class=\"wp-image-5518\" srcset=\"https:\/\/www.motorfix.com.br\/wp-content\/uploads\/2026\/03\/SUPER-4T-PLUS-10W-30-1-60-200.png 1000w, https:\/\/www.motorfix.com.br\/wp-content\/uploads\/2026\/03\/SUPER-4T-PLUS-10W-30-1-60-200-300x197.png 300w, https:\/\/www.motorfix.com.br\/wp-content\/uploads\/2026\/03\/SUPER-4T-PLUS-10W-30-1-60-200-768x505.png 768w\" sizes=\"(max-width: 1000px) 100vw, 1000px\" \/><\/figure>\n\n\n\n<p><strong>MOTORFIX SUPER 4T PLUS<\/strong> \u00e9 um lubrificante semissint\u00e9tico premium multiviscoso especialmente<br>desenvolvido para cumprir as severas exig\u00eancias de motores quatro tempos de motocicletas.<br>Oferece excelente prote\u00e7\u00e3o ao motor, caixas de marchas e embreagem, conforme especifica\u00e7\u00f5es<br>dos fabricantes globais l\u00edderes de motores 4T.<br><strong>MOTORFIX SUPER 4T PLUS<\/strong> \u00e9 produzido com \u00f3leo b\u00e1sico mineral, base sint\u00e9tica e aditivos<br>detergentes, dispersantes, antioxidantes, anticorrosivos, antiespumantes e melhoradores de fluidez<br>e viscosidade.<br><strong>MOTORFIX SUPER 4T PLUS<\/strong> atende especifica\u00e7\u00f5es JASO MA2 &#8211; API SL; SAE 10W30<\/p>\n\n\n\n<p>Dispon\u00edvel nos tamanhos: 1L, 60L, 200L.<\/p>\n","protected":false},"excerpt":{"rendered":"<p>MOTORFIX SUPER 4T PLUS \u00e9 um lubrificante semissint\u00e9tico premium multiviscoso especialmentedesenvolvido para cumprir as severas exig\u00eancias de motores quatro tempos de motocicletas.Oferece excelente prote\u00e7\u00e3o ao motor, caixas de marchas e embreagem, conforme especifica\u00e7\u00f5esdos fabricantes globais l\u00edderes de motores 4T.MOTORFIX SUPER 4T PLUS \u00e9 produzido com \u00f3leo b\u00e1sico mineral, base sint\u00e9tica e aditivosdetergentes, dispersantes, antioxidantes, anticorrosivos,&#8230;<\/p>\n","protected":false},"author":1,"featured_media":4588,"parent":185,"menu_order":4,"comment_status":"closed","ping_status":"closed","template":"","meta":{"footnotes":""},"_links":{"self":[{"href":"https:\/\/www.motorfix.com.br\/index.php?rest_route=\/wp\/v2\/pages\/537"}],"collection":[{"href":"https:\/\/www.motorfix.com.br\/index.php?rest_route=\/wp\/v2\/pages"}],"about":[{"href":"https:\/\/www.motorfix.com.br\/index.php?rest_route=\/wp\/v2\/types\/page"}],"author":[{"embeddable":true,"href":"https:\/\/www.motorfix.com.br\/index.php?rest_route=\/wp\/v2\/users\/1"}],"replies":[{"embeddable":true,"href":"https:\/\/www.motorfix.com.br\/index.php?rest_route=%2Fwp%2Fv2%2Fcomments&post=537"}],"version-history":[{"count":10,"href":"https:\/\/www.motorfix.com.br\/index.php?rest_route=\/wp\/v2\/pages\/537\/revisions"}],"predecessor-version":[{"id":5710,"href":"https:\/\/www.motorfix.com.br\/index.php?rest_route=\/wp\/v2\/pages\/537\/revisions\/5710"}],"up":[{"embeddable":true,"href":"https:\/\/www.motorfix.com.br\/index.php?rest_route=\/wp\/v2\/pages\/185"}],"wp:featuredmedia":[{"embeddable":true,"href":"https:\/\/www.motorfix.com.br\/index.php?rest_route=\/wp\/v2\/media\/4588"}],"wp:attachment":[{"href":"https:\/\/www.motorfix.com.br\/index.php?rest_route=%2Fwp%2Fv2%2Fmedia&parent=537"}],"curies":[{"name":"wp","href":"https:\/\/api.w.org\/{rel}","templated":true}]}}