{"id":5396,"date":"2026-01-21T10:07:32","date_gmt":"2026-01-21T13:07:32","guid":{"rendered":"https:\/\/www.motorfix.com.br\/?page_id=5396"},"modified":"2026-01-21T10:07:32","modified_gmt":"2026-01-21T13:07:32","slug":"mfc188","status":"publish","type":"page","link":"https:\/\/www.motorfix.com.br\/?page_id=5396","title":{"rendered":"MFC188"},"content":{"rendered":"\n<figure class=\"wp-block-gallery has-nested-images columns-default is-cropped wp-block-gallery-1 is-layout-flex wp-block-gallery-is-layout-flex\">\n<figure class=\"wp-block-image size-large\"><img loading=\"lazy\" decoding=\"async\" width=\"1024\" height=\"1024\" data-id=\"5399\" src=\"https:\/\/www.motorfix.com.br\/wp-content\/uploads\/2026\/01\/MFC188_3-1024x1024.webp\" alt=\"\" class=\"wp-image-5399\" srcset=\"https:\/\/www.motorfix.com.br\/wp-content\/uploads\/2026\/01\/MFC188_3-1024x1024.webp 1024w, https:\/\/www.motorfix.com.br\/wp-content\/uploads\/2026\/01\/MFC188_3-300x300.webp 300w, https:\/\/www.motorfix.com.br\/wp-content\/uploads\/2026\/01\/MFC188_3-150x150.webp 150w, https:\/\/www.motorfix.com.br\/wp-content\/uploads\/2026\/01\/MFC188_3-768x768.webp 768w, https:\/\/www.motorfix.com.br\/wp-content\/uploads\/2026\/01\/MFC188_3.webp 1080w, https:\/\/www.motorfix.com.br\/wp-content\/uploads\/2026\/01\/MFC188_3-125x125.webp 125w\" sizes=\"(max-width: 1024px) 100vw, 1024px\" \/><\/figure>\n\n\n\n<figure class=\"wp-block-image size-large\"><img loading=\"lazy\" decoding=\"async\" width=\"1024\" height=\"1024\" data-id=\"5397\" src=\"https:\/\/www.motorfix.com.br\/wp-content\/uploads\/2026\/01\/MFC188-1024x1024.webp\" alt=\"\" class=\"wp-image-5397\" srcset=\"https:\/\/www.motorfix.com.br\/wp-content\/uploads\/2026\/01\/MFC188-1024x1024.webp 1024w, https:\/\/www.motorfix.com.br\/wp-content\/uploads\/2026\/01\/MFC188-300x300.webp 300w, https:\/\/www.motorfix.com.br\/wp-content\/uploads\/2026\/01\/MFC188-150x150.webp 150w, https:\/\/www.motorfix.com.br\/wp-content\/uploads\/2026\/01\/MFC188-768x768.webp 768w, https:\/\/www.motorfix.com.br\/wp-content\/uploads\/2026\/01\/MFC188.webp 1080w, https:\/\/www.motorfix.com.br\/wp-content\/uploads\/2026\/01\/MFC188-125x125.webp 125w\" sizes=\"(max-width: 1024px) 100vw, 1024px\" \/><\/figure>\n\n\n\n<figure class=\"wp-block-image size-large\"><img loading=\"lazy\" decoding=\"async\" width=\"1024\" height=\"1024\" data-id=\"5398\" src=\"https:\/\/www.motorfix.com.br\/wp-content\/uploads\/2026\/01\/MFC188_2-1024x1024.webp\" alt=\"\" class=\"wp-image-5398\" srcset=\"https:\/\/www.motorfix.com.br\/wp-content\/uploads\/2026\/01\/MFC188_2-1024x1024.webp 1024w, https:\/\/www.motorfix.com.br\/wp-content\/uploads\/2026\/01\/MFC188_2-300x300.webp 300w, https:\/\/www.motorfix.com.br\/wp-content\/uploads\/2026\/01\/MFC188_2-150x150.webp 150w, https:\/\/www.motorfix.com.br\/wp-content\/uploads\/2026\/01\/MFC188_2-768x768.webp 768w, https:\/\/www.motorfix.com.br\/wp-content\/uploads\/2026\/01\/MFC188_2.webp 1080w, https:\/\/www.motorfix.com.br\/wp-content\/uploads\/2026\/01\/MFC188_2-125x125.webp 125w\" sizes=\"(max-width: 1024px) 100vw, 1024px\" \/><\/figure>\n<\/figure>\n\n\n\n<p><strong>C\u00e2mbio<\/strong>: TF72SC<\/p>\n\n\n\n<p><strong>C\u00f3digo original:<\/strong>&nbsp;TF72SC-0002-OEM<\/p>\n\n\n\n<p><strong>C\u00f3digo similar:<\/strong>&nbsp;<strong>WEGA:<\/strong>&nbsp;WFC251<\/p>\n\n\n\n<p><strong>ALGUMAS APLICA\u00c7\u00d5ES:<\/strong>&nbsp;JEEP \u2013 COMPASS 2.0 \u2013 RENEGADE 1.8<\/p>\n","protected":false},"excerpt":{"rendered":"<p>C\u00e2mbio: TF72SC C\u00f3digo original:&nbsp;TF72SC-0002-OEM C\u00f3digo similar:&nbsp;WEGA:&nbsp;WFC251 ALGUMAS APLICA\u00c7\u00d5ES:&nbsp;JEEP \u2013 COMPASS 2.0 \u2013 RENEGADE 1.8<\/p>\n","protected":false},"author":1,"featured_media":5397,"parent":2354,"menu_order":0,"comment_status":"closed","ping_status":"closed","template":"","meta":{"footnotes":""},"_links":{"self":[{"href":"https:\/\/www.motorfix.com.br\/index.php?rest_route=\/wp\/v2\/pages\/5396"}],"collection":[{"href":"https:\/\/www.motorfix.com.br\/index.php?rest_route=\/wp\/v2\/pages"}],"about":[{"href":"https:\/\/www.motorfix.com.br\/index.php?rest_route=\/wp\/v2\/types\/page"}],"author":[{"embeddable":true,"href":"https:\/\/www.motorfix.com.br\/index.php?rest_route=\/wp\/v2\/users\/1"}],"replies":[{"embeddable":true,"href":"https:\/\/www.motorfix.com.br\/index.php?rest_route=%2Fwp%2Fv2%2Fcomments&post=5396"}],"version-history":[{"count":1,"href":"https:\/\/www.motorfix.com.br\/index.php?rest_route=\/wp\/v2\/pages\/5396\/revisions"}],"predecessor-version":[{"id":5400,"href":"https:\/\/www.motorfix.com.br\/index.php?rest_route=\/wp\/v2\/pages\/5396\/revisions\/5400"}],"up":[{"embeddable":true,"href":"https:\/\/www.motorfix.com.br\/index.php?rest_route=\/wp\/v2\/pages\/2354"}],"wp:featuredmedia":[{"embeddable":true,"href":"https:\/\/www.motorfix.com.br\/index.php?rest_route=\/wp\/v2\/media\/5397"}],"wp:attachment":[{"href":"https:\/\/www.motorfix.com.br\/index.php?rest_route=%2Fwp%2Fv2%2Fmedia&parent=5396"}],"curies":[{"name":"wp","href":"https:\/\/api.w.org\/{rel}","templated":true}]}}