{"id":5401,"date":"2026-01-21T10:08:32","date_gmt":"2026-01-21T13:08:32","guid":{"rendered":"https:\/\/www.motorfix.com.br\/?page_id=5401"},"modified":"2026-01-21T10:08:32","modified_gmt":"2026-01-21T13:08:32","slug":"mfc187","status":"publish","type":"page","link":"https:\/\/www.motorfix.com.br\/?page_id=5401","title":{"rendered":"MFC187"},"content":{"rendered":"\n<figure class=\"wp-block-gallery has-nested-images columns-default is-cropped wp-block-gallery-1 is-layout-flex wp-block-gallery-is-layout-flex\">\n<figure class=\"wp-block-image size-large\"><img loading=\"lazy\" decoding=\"async\" width=\"1024\" height=\"1024\" data-id=\"5402\" src=\"https:\/\/www.motorfix.com.br\/wp-content\/uploads\/2026\/01\/MFC187_3-1024x1024.webp\" alt=\"\" class=\"wp-image-5402\" srcset=\"https:\/\/www.motorfix.com.br\/wp-content\/uploads\/2026\/01\/MFC187_3-1024x1024.webp 1024w, https:\/\/www.motorfix.com.br\/wp-content\/uploads\/2026\/01\/MFC187_3-300x300.webp 300w, https:\/\/www.motorfix.com.br\/wp-content\/uploads\/2026\/01\/MFC187_3-150x150.webp 150w, https:\/\/www.motorfix.com.br\/wp-content\/uploads\/2026\/01\/MFC187_3-768x768.webp 768w, https:\/\/www.motorfix.com.br\/wp-content\/uploads\/2026\/01\/MFC187_3.webp 1080w, https:\/\/www.motorfix.com.br\/wp-content\/uploads\/2026\/01\/MFC187_3-125x125.webp 125w\" sizes=\"(max-width: 1024px) 100vw, 1024px\" \/><\/figure>\n\n\n\n<figure class=\"wp-block-image size-large\"><img loading=\"lazy\" decoding=\"async\" width=\"1024\" height=\"1024\" data-id=\"5403\" src=\"https:\/\/www.motorfix.com.br\/wp-content\/uploads\/2026\/01\/MFC187-1024x1024.webp\" alt=\"\" class=\"wp-image-5403\" srcset=\"https:\/\/www.motorfix.com.br\/wp-content\/uploads\/2026\/01\/MFC187-1024x1024.webp 1024w, https:\/\/www.motorfix.com.br\/wp-content\/uploads\/2026\/01\/MFC187-300x300.webp 300w, https:\/\/www.motorfix.com.br\/wp-content\/uploads\/2026\/01\/MFC187-150x150.webp 150w, https:\/\/www.motorfix.com.br\/wp-content\/uploads\/2026\/01\/MFC187-768x768.webp 768w, https:\/\/www.motorfix.com.br\/wp-content\/uploads\/2026\/01\/MFC187.webp 1080w, https:\/\/www.motorfix.com.br\/wp-content\/uploads\/2026\/01\/MFC187-125x125.webp 125w\" sizes=\"(max-width: 1024px) 100vw, 1024px\" \/><\/figure>\n\n\n\n<figure class=\"wp-block-image size-large\"><img loading=\"lazy\" decoding=\"async\" width=\"1024\" height=\"1024\" data-id=\"5404\" src=\"https:\/\/www.motorfix.com.br\/wp-content\/uploads\/2026\/01\/MFC187_2-1024x1024.webp\" alt=\"\" class=\"wp-image-5404\" srcset=\"https:\/\/www.motorfix.com.br\/wp-content\/uploads\/2026\/01\/MFC187_2-1024x1024.webp 1024w, https:\/\/www.motorfix.com.br\/wp-content\/uploads\/2026\/01\/MFC187_2-300x300.webp 300w, https:\/\/www.motorfix.com.br\/wp-content\/uploads\/2026\/01\/MFC187_2-150x150.webp 150w, https:\/\/www.motorfix.com.br\/wp-content\/uploads\/2026\/01\/MFC187_2-768x768.webp 768w, https:\/\/www.motorfix.com.br\/wp-content\/uploads\/2026\/01\/MFC187_2.webp 1080w, https:\/\/www.motorfix.com.br\/wp-content\/uploads\/2026\/01\/MFC187_2-125x125.webp 125w\" sizes=\"(max-width: 1024px) 100vw, 1024px\" \/><\/figure>\n<\/figure>\n\n\n\n<p><strong>C\u00e2mbio<\/strong>: CVT\/K120<\/p>\n\n\n\n<p><strong>C\u00f3digo original:<\/strong>&nbsp;TOYOTA: 3501512010<\/p>\n\n\n\n<p><strong>C\u00f3digo similar:<\/strong>&nbsp;<strong>WEGA:<\/strong>&nbsp;WFC253<\/p>\n\n\n\n<p><strong>ALGUMAS APLICA\u00c7\u00d5ES:<\/strong>&nbsp;TOYOTA \u2013 COROLLA 1.8 2019&gt; \u2013 COROLLA 2.0 2019&gt;<\/p>\n","protected":false},"excerpt":{"rendered":"<p>C\u00e2mbio: CVT\/K120 C\u00f3digo original:&nbsp;TOYOTA: 3501512010 C\u00f3digo similar:&nbsp;WEGA:&nbsp;WFC253 ALGUMAS APLICA\u00c7\u00d5ES:&nbsp;TOYOTA \u2013 COROLLA 1.8 2019&gt; \u2013 COROLLA 2.0 2019&gt;<\/p>\n","protected":false},"author":1,"featured_media":5403,"parent":2354,"menu_order":0,"comment_status":"closed","ping_status":"closed","template":"","meta":{"footnotes":""},"_links":{"self":[{"href":"https:\/\/www.motorfix.com.br\/index.php?rest_route=\/wp\/v2\/pages\/5401"}],"collection":[{"href":"https:\/\/www.motorfix.com.br\/index.php?rest_route=\/wp\/v2\/pages"}],"about":[{"href":"https:\/\/www.motorfix.com.br\/index.php?rest_route=\/wp\/v2\/types\/page"}],"author":[{"embeddable":true,"href":"https:\/\/www.motorfix.com.br\/index.php?rest_route=\/wp\/v2\/users\/1"}],"replies":[{"embeddable":true,"href":"https:\/\/www.motorfix.com.br\/index.php?rest_route=%2Fwp%2Fv2%2Fcomments&post=5401"}],"version-history":[{"count":1,"href":"https:\/\/www.motorfix.com.br\/index.php?rest_route=\/wp\/v2\/pages\/5401\/revisions"}],"predecessor-version":[{"id":5405,"href":"https:\/\/www.motorfix.com.br\/index.php?rest_route=\/wp\/v2\/pages\/5401\/revisions\/5405"}],"up":[{"embeddable":true,"href":"https:\/\/www.motorfix.com.br\/index.php?rest_route=\/wp\/v2\/pages\/2354"}],"wp:featuredmedia":[{"embeddable":true,"href":"https:\/\/www.motorfix.com.br\/index.php?rest_route=\/wp\/v2\/media\/5403"}],"wp:attachment":[{"href":"https:\/\/www.motorfix.com.br\/index.php?rest_route=%2Fwp%2Fv2%2Fmedia&parent=5401"}],"curies":[{"name":"wp","href":"https:\/\/api.w.org\/{rel}","templated":true}]}}