{"id":541,"date":"2022-04-02T09:15:57","date_gmt":"2022-04-02T12:15:57","guid":{"rendered":"https:\/\/www.motorfix.com.br\/?page_id=541"},"modified":"2026-04-02T08:51:21","modified_gmt":"2026-04-02T11:51:21","slug":"super-4t-premium-5w-40-1l","status":"publish","type":"page","link":"https:\/\/www.motorfix.com.br\/?page_id=541","title":{"rendered":"Super 4T Premium 5W-40"},"content":{"rendered":"\n<figure class=\"wp-block-image size-large\"><img loading=\"lazy\" decoding=\"async\" width=\"1000\" height=\"658\" src=\"https:\/\/www.motorfix.com.br\/wp-content\/uploads\/2026\/03\/SUPER-4T-PREMIUM-5W-40-1-60-200-1000x658.png\" alt=\"\" class=\"wp-image-5520\" srcset=\"https:\/\/www.motorfix.com.br\/wp-content\/uploads\/2026\/03\/SUPER-4T-PREMIUM-5W-40-1-60-200.png 1000w, https:\/\/www.motorfix.com.br\/wp-content\/uploads\/2026\/03\/SUPER-4T-PREMIUM-5W-40-1-60-200-300x197.png 300w, https:\/\/www.motorfix.com.br\/wp-content\/uploads\/2026\/03\/SUPER-4T-PREMIUM-5W-40-1-60-200-768x505.png 768w\" sizes=\"(max-width: 1000px) 100vw, 1000px\" \/><\/figure>\n\n\n\n<p><strong>MOTORFIX SUPER 4T PREMIUM <\/strong>\u00e9 um lubrificante sint\u00e9tico premium multiviscoso<br>especialmente desenvolvido para cumprir as severas exig\u00eancias de motores quatro tempos de<br>motocicletas. Proporciona excelente prote\u00e7\u00e3o ao motor, caixas de marchas e embreagem,<br>conforme especifica\u00e7\u00f5es dos fabricantes globais l\u00edderes de motores 4T.<br><\/p>\n\n\n\n<p><strong>MOTORFIX SUPER 4T PREMIUM <\/strong>\u00e9 produzido com \u00f3leo de base sint\u00e9tica tipo premium e<br>aditivos detergentes, dispersantes, antioxidantes, anticorrosivos, antiespumantes e<br>melhoradores de fluidez e viscosidade.<\/p>\n\n\n\n<p><br><strong>MOTORFIX SUPER 4T PREMIUM<\/strong> Atende classifica\u00e7\u00e3o API SL e JASO MA2 &#8211; SAE 5W40.<\/p>\n\n\n\n<p>Dispon\u00edvel nos tamanhos: 1L, 60L, 200L.<\/p>\n","protected":false},"excerpt":{"rendered":"<p>MOTORFIX SUPER 4T PREMIUM \u00e9 um lubrificante sint\u00e9tico premium multiviscosoespecialmente desenvolvido para cumprir as severas exig\u00eancias de motores quatro tempos demotocicletas. Proporciona excelente prote\u00e7\u00e3o ao motor, caixas de marchas e embreagem,conforme especifica\u00e7\u00f5es dos fabricantes globais l\u00edderes de motores 4T. MOTORFIX SUPER 4T PREMIUM \u00e9 produzido com \u00f3leo de base sint\u00e9tica tipo premium eaditivos detergentes, dispersantes,&#8230;<\/p>\n","protected":false},"author":1,"featured_media":285,"parent":185,"menu_order":5,"comment_status":"closed","ping_status":"closed","template":"","meta":{"footnotes":""},"_links":{"self":[{"href":"https:\/\/www.motorfix.com.br\/index.php?rest_route=\/wp\/v2\/pages\/541"}],"collection":[{"href":"https:\/\/www.motorfix.com.br\/index.php?rest_route=\/wp\/v2\/pages"}],"about":[{"href":"https:\/\/www.motorfix.com.br\/index.php?rest_route=\/wp\/v2\/types\/page"}],"author":[{"embeddable":true,"href":"https:\/\/www.motorfix.com.br\/index.php?rest_route=\/wp\/v2\/users\/1"}],"replies":[{"embeddable":true,"href":"https:\/\/www.motorfix.com.br\/index.php?rest_route=%2Fwp%2Fv2%2Fcomments&post=541"}],"version-history":[{"count":8,"href":"https:\/\/www.motorfix.com.br\/index.php?rest_route=\/wp\/v2\/pages\/541\/revisions"}],"predecessor-version":[{"id":5709,"href":"https:\/\/www.motorfix.com.br\/index.php?rest_route=\/wp\/v2\/pages\/541\/revisions\/5709"}],"up":[{"embeddable":true,"href":"https:\/\/www.motorfix.com.br\/index.php?rest_route=\/wp\/v2\/pages\/185"}],"wp:featuredmedia":[{"embeddable":true,"href":"https:\/\/www.motorfix.com.br\/index.php?rest_route=\/wp\/v2\/media\/285"}],"wp:attachment":[{"href":"https:\/\/www.motorfix.com.br\/index.php?rest_route=%2Fwp%2Fv2%2Fmedia&parent=541"}],"curies":[{"name":"wp","href":"https:\/\/api.w.org\/{rel}","templated":true}]}}