{"id":5416,"date":"2026-01-21T10:10:23","date_gmt":"2026-01-21T13:10:23","guid":{"rendered":"https:\/\/www.motorfix.com.br\/?page_id=5416"},"modified":"2026-01-21T10:10:24","modified_gmt":"2026-01-21T13:10:24","slug":"mfc183","status":"publish","type":"page","link":"https:\/\/www.motorfix.com.br\/?page_id=5416","title":{"rendered":"MFC183"},"content":{"rendered":"\n<figure class=\"wp-block-gallery has-nested-images columns-default is-cropped wp-block-gallery-1 is-layout-flex wp-block-gallery-is-layout-flex\">\n<figure class=\"wp-block-image size-large\"><img loading=\"lazy\" decoding=\"async\" width=\"1024\" height=\"1024\" data-id=\"5417\" src=\"https:\/\/www.motorfix.com.br\/wp-content\/uploads\/2026\/01\/MFC183-1024x1024.webp\" alt=\"\" class=\"wp-image-5417\" srcset=\"https:\/\/www.motorfix.com.br\/wp-content\/uploads\/2026\/01\/MFC183-1024x1024.webp 1024w, https:\/\/www.motorfix.com.br\/wp-content\/uploads\/2026\/01\/MFC183-300x300.webp 300w, https:\/\/www.motorfix.com.br\/wp-content\/uploads\/2026\/01\/MFC183-150x150.webp 150w, https:\/\/www.motorfix.com.br\/wp-content\/uploads\/2026\/01\/MFC183-768x768.webp 768w, https:\/\/www.motorfix.com.br\/wp-content\/uploads\/2026\/01\/MFC183.webp 1080w, https:\/\/www.motorfix.com.br\/wp-content\/uploads\/2026\/01\/MFC183-125x125.webp 125w\" sizes=\"(max-width: 1024px) 100vw, 1024px\" \/><\/figure>\n\n\n\n<figure class=\"wp-block-image size-large\"><img loading=\"lazy\" decoding=\"async\" width=\"1024\" height=\"1024\" data-id=\"5418\" src=\"https:\/\/www.motorfix.com.br\/wp-content\/uploads\/2026\/01\/MFC183_2-1024x1024.webp\" alt=\"\" class=\"wp-image-5418\" srcset=\"https:\/\/www.motorfix.com.br\/wp-content\/uploads\/2026\/01\/MFC183_2-1024x1024.webp 1024w, https:\/\/www.motorfix.com.br\/wp-content\/uploads\/2026\/01\/MFC183_2-300x300.webp 300w, https:\/\/www.motorfix.com.br\/wp-content\/uploads\/2026\/01\/MFC183_2-150x150.webp 150w, https:\/\/www.motorfix.com.br\/wp-content\/uploads\/2026\/01\/MFC183_2-768x768.webp 768w, https:\/\/www.motorfix.com.br\/wp-content\/uploads\/2026\/01\/MFC183_2.webp 1080w, https:\/\/www.motorfix.com.br\/wp-content\/uploads\/2026\/01\/MFC183_2-125x125.webp 125w\" sizes=\"(max-width: 1024px) 100vw, 1024px\" \/><\/figure>\n\n\n\n<figure class=\"wp-block-image size-large\"><img loading=\"lazy\" decoding=\"async\" width=\"1024\" height=\"1024\" data-id=\"5419\" src=\"https:\/\/www.motorfix.com.br\/wp-content\/uploads\/2026\/01\/MFC183_3-1024x1024.webp\" alt=\"\" class=\"wp-image-5419\" srcset=\"https:\/\/www.motorfix.com.br\/wp-content\/uploads\/2026\/01\/MFC183_3-1024x1024.webp 1024w, https:\/\/www.motorfix.com.br\/wp-content\/uploads\/2026\/01\/MFC183_3-300x300.webp 300w, https:\/\/www.motorfix.com.br\/wp-content\/uploads\/2026\/01\/MFC183_3-150x150.webp 150w, https:\/\/www.motorfix.com.br\/wp-content\/uploads\/2026\/01\/MFC183_3-768x768.webp 768w, https:\/\/www.motorfix.com.br\/wp-content\/uploads\/2026\/01\/MFC183_3.webp 1080w, https:\/\/www.motorfix.com.br\/wp-content\/uploads\/2026\/01\/MFC183_3-125x125.webp 125w\" sizes=\"(max-width: 1024px) 100vw, 1024px\" \/><\/figure>\n<\/figure>\n\n\n\n<p><strong>C\u00e2mbio<\/strong>: 45RFE\/55RFE\/68RFE<\/p>\n\n\n\n<p><strong>C\u00f3digo original:<\/strong>&nbsp;DODGE: 05013470AE,4799507AB<\/p>\n\n\n\n<p><strong>C\u00f3digo similar:<\/strong>&nbsp;<strong>WEGA:<\/strong>&nbsp;WFC951<\/p>\n\n\n\n<p><strong>ALGUMAS APLICA\u00c7\u00d5ES:&nbsp;<\/strong>DODGE \u2013 RAM 2500 6.7 V6 330CV 2013&gt;&nbsp; \u2013 RAM 3500 (LARAMIE \/CD \/ LIMITED 6.7 365CV 2022&gt;<\/p>\n","protected":false},"excerpt":{"rendered":"<p>C\u00e2mbio: 45RFE\/55RFE\/68RFE C\u00f3digo original:&nbsp;DODGE: 05013470AE,4799507AB C\u00f3digo similar:&nbsp;WEGA:&nbsp;WFC951 ALGUMAS APLICA\u00c7\u00d5ES:&nbsp;DODGE \u2013 RAM 2500 6.7 V6 330CV 2013&gt;&nbsp; \u2013 RAM 3500 (LARAMIE \/CD \/ LIMITED 6.7 365CV 2022&gt;<\/p>\n","protected":false},"author":1,"featured_media":5417,"parent":2354,"menu_order":0,"comment_status":"closed","ping_status":"closed","template":"","meta":{"footnotes":""},"_links":{"self":[{"href":"https:\/\/www.motorfix.com.br\/index.php?rest_route=\/wp\/v2\/pages\/5416"}],"collection":[{"href":"https:\/\/www.motorfix.com.br\/index.php?rest_route=\/wp\/v2\/pages"}],"about":[{"href":"https:\/\/www.motorfix.com.br\/index.php?rest_route=\/wp\/v2\/types\/page"}],"author":[{"embeddable":true,"href":"https:\/\/www.motorfix.com.br\/index.php?rest_route=\/wp\/v2\/users\/1"}],"replies":[{"embeddable":true,"href":"https:\/\/www.motorfix.com.br\/index.php?rest_route=%2Fwp%2Fv2%2Fcomments&post=5416"}],"version-history":[{"count":1,"href":"https:\/\/www.motorfix.com.br\/index.php?rest_route=\/wp\/v2\/pages\/5416\/revisions"}],"predecessor-version":[{"id":5420,"href":"https:\/\/www.motorfix.com.br\/index.php?rest_route=\/wp\/v2\/pages\/5416\/revisions\/5420"}],"up":[{"embeddable":true,"href":"https:\/\/www.motorfix.com.br\/index.php?rest_route=\/wp\/v2\/pages\/2354"}],"wp:featuredmedia":[{"embeddable":true,"href":"https:\/\/www.motorfix.com.br\/index.php?rest_route=\/wp\/v2\/media\/5417"}],"wp:attachment":[{"href":"https:\/\/www.motorfix.com.br\/index.php?rest_route=%2Fwp%2Fv2%2Fmedia&parent=5416"}],"curies":[{"name":"wp","href":"https:\/\/api.w.org\/{rel}","templated":true}]}}